{"id":1740,"date":"2016-01-30T17:59:07","date_gmt":"2016-01-30T16:59:07","guid":{"rendered":"http:\/\/www.bandasanfilep.com.mt\/?page_id=1740"},"modified":"2025-07-14T16:20:49","modified_gmt":"2025-07-14T16:20:49","slug":"ritratti-2016","status":"publish","type":"page","link":"https:\/\/bandasanfilep.com.mt\/index.php\/ritratti\/ritratti-2016\/","title":{"rendered":"Ritratti 2016"},"content":{"rendered":"\n<div id=\"jig1\" class=\"justified-image-grid jig-36f5381b76b09708585463851cb45a63 jig-preset-global jig-source-facebook\"><div class=\"jig-clearfix\"><\/div><noscript id=\"jig1-html\" class=\"justified-image-grid-html\" data-lazy-src=\"skiplazyload\" data-src=\"skipunveillazyload\"><ul><li><a href=\"https:\/\/bandasanfilep.com.mt\/index.php\/wp-json\/wp\/v2\/pages\/1740facebook-album\/1035358053215044\" title=\"83 Photos\"><img loading=\"lazy\" decoding=\"async\" src=\"https:\/\/bandasanfilep.com.mt\/wp-content\/plugins\/justified-image-grid\/timthumb.php?src=https%3A%2F%2Fscontent-fra3-2.xx.fbcdn.net%2Fv%2Ft39.30808-6%2F509422650_10076397459111013_3617637863573720866_n.jpg%3Fstp%3Ddst-jpg_s1080x2048_tt6%26_nc_cat%3D111%26ccb%3D1-7%26_nc_sid%3Dd9b88e%26_nc_ohc%3DlMnL_vqIhrQQ7kNvwFMBU4c%26_nc_oc%3DAdrQIlEWldze6mbNmA5blkUEAsFf7AqU-r9kWyOfC0JIDhJu2uh6QZLJ7UkEfMvA6kA%26_nc_zt%3D23%26_nc_ht%3Dscontent-fra3-2.xx%26edm%3DABHaK5EEAAAA%26_nc_gid%3DGh8poWUfLTFI0TFPiwoLAw%26_nc_tpa%3DQ5bMBQEhEcS9IFDqdafqu-VfFTmNmlHiTQxLEwaqju76Nq1M0p66B6YwXjdnCEkHZbEw-dJ73bUr-pEK%26oh%3D00_Af0NHUBcIPbpOU8oC8EpqltLPxSV6iXbWoCeKjQc4gpYEg%26oe%3D69F76C23&amp;h=230&amp;q=90&amp;f=.jpg\" alt=\"Mar\u010b tal-\u0126amis fil-\u0121img\u0127a tal-Festa 2016\" width=\"345\" height=\"230\" \/><\/a><p class=\"jig-HTMLdescription\">Mar\u010b tal-\u0126amis fil-\u0121img\u0127a tal-Festa 2016<br\/>83 Photos<\/p><\/li><li><a href=\"https:\/\/bandasanfilep.com.mt\/index.php\/wp-json\/wp\/v2\/pages\/1740facebook-album\/978799968870853\" title=\"16 Photos\"><img loading=\"lazy\" decoding=\"async\" src=\"https:\/\/bandasanfilep.com.mt\/wp-content\/plugins\/justified-image-grid\/timthumb.php?src=https%3A%2F%2Fscontent-fra5-1.xx.fbcdn.net%2Fv%2Ft39.30808-6%2F508120981_10069574253126667_3815003754695127830_n.jpg%3Fstp%3Ddst-jpg_s1080x2048_tt6%26_nc_cat%3D102%26ccb%3D1-7%26_nc_sid%3Dd9b88e%26_nc_ohc%3DNatPdP6Hux8Q7kNvwH3tjDc%26_nc_oc%3DAdrDiG9nu4n83u4Kbbt86WdWUfVHSrr8OqgnnyKFQZ5HmZmHCWHmVFZG8E047CEnI2M%26_nc_zt%3D23%26_nc_ht%3Dscontent-fra5-1.xx%26edm%3DABHaK5EEAAAA%26_nc_gid%3DGh8poWUfLTFI0TFPiwoLAw%26_nc_tpa%3DQ5bMBQH-lQuE0_M3LDnHG79b_G6Wt3ZTw_7GPJCN6veQ-YoK9UwXH-JZAXZLfNW47D1nTRtZrzNKCv_7%26oh%3D00_Af3XjjnvTwObXYtK_8vphilOii0OX6Io3m8a59saarSfmQ%26oe%3D69F75ECA&amp;h=230&amp;q=90&amp;f=.jpg\" alt=\"Ftu\u0127 uffi\u010bjali tal-wirjiet tal-\u0120img\u0127a Mqaddsa\" width=\"345\" height=\"230\" \/><\/a><p class=\"jig-HTMLdescription\">Ftu\u0127 uffi\u010bjali tal-wirjiet tal-\u0120img\u0127a Mqaddsa<br\/>16 Photos<\/p><\/li><li><a href=\"https:\/\/bandasanfilep.com.mt\/index.php\/wp-json\/wp\/v2\/pages\/1740facebook-album\/949413058476211\" title=\"7 Photos\"><img loading=\"lazy\" decoding=\"async\" src=\"https:\/\/bandasanfilep.com.mt\/wp-content\/plugins\/justified-image-grid\/timthumb.php?src=https%3A%2F%2Fscontent-fra5-1.xx.fbcdn.net%2Fv%2Ft39.30808-6%2F508404026_10066663580084401_7759719701490238961_n.jpg%3Fstp%3Ddst-jpg_s960x960_tt6%26_nc_cat%3D100%26ccb%3D1-7%26_nc_sid%3Dd9b88e%26_nc_ohc%3D5qluE29qf48Q7kNvwHkMvts%26_nc_oc%3DAdp9bLC7WDYKoh2gKbu7-UbigIddVtWBwZQUhGgvSZm-fSA1Ifsindc7gMYPvzMj02o%26_nc_zt%3D23%26_nc_ht%3Dscontent-fra5-1.xx%26edm%3DABHaK5EEAAAA%26_nc_gid%3DGh8poWUfLTFI0TFPiwoLAw%26_nc_tpa%3DQ5bMBQFUNw6NEbu0rM_KceK0ZoSLDIra707ORCrrNkWbdBWUKgw_GvWOfQjmZqdlsTJrSGucb9lXFn9T%26oh%3D00_Af1sjKKrPk7z8LLqlwEUlD6k2jm36iXwPG3B5lqLeJ3HXg%26oe%3D69F780A5&amp;h=230&amp;q=90&amp;f=.jpg\" alt=\"Ikla bejn il-\u0126bieb - Kumissjoni Nar\" width=\"306\" height=\"230\" \/><\/a><p class=\"jig-HTMLdescription\">Ikla bejn il-\u0126bieb - Kumissjoni Nar<br\/>7 Photos<\/p><\/li><\/ul><\/noscript><\/div>\n","protected":false},"excerpt":{"rendered":"","protected":false},"author":1,"featured_media":0,"parent":38,"menu_order":0,"comment_status":"closed","ping_status":"closed","template":"page-templates\/page-sidebar-none.php","meta":{"footnotes":""},"class_list":["post-1740","page","type-page","status-publish","hentry"],"_links":{"self":[{"href":"https:\/\/bandasanfilep.com.mt\/index.php\/wp-json\/wp\/v2\/pages\/1740","targetHints":{"allow":["GET"]}}],"collection":[{"href":"https:\/\/bandasanfilep.com.mt\/index.php\/wp-json\/wp\/v2\/pages"}],"about":[{"href":"https:\/\/bandasanfilep.com.mt\/index.php\/wp-json\/wp\/v2\/types\/page"}],"author":[{"embeddable":true,"href":"https:\/\/bandasanfilep.com.mt\/index.php\/wp-json\/wp\/v2\/users\/1"}],"replies":[{"embeddable":true,"href":"https:\/\/bandasanfilep.com.mt\/index.php\/wp-json\/wp\/v2\/comments?post=1740"}],"version-history":[{"count":1,"href":"https:\/\/bandasanfilep.com.mt\/index.php\/wp-json\/wp\/v2\/pages\/1740\/revisions"}],"predecessor-version":[{"id":5976,"href":"https:\/\/bandasanfilep.com.mt\/index.php\/wp-json\/wp\/v2\/pages\/1740\/revisions\/5976"}],"up":[{"embeddable":true,"href":"https:\/\/bandasanfilep.com.mt\/index.php\/wp-json\/wp\/v2\/pages\/38"}],"wp:attachment":[{"href":"https:\/\/bandasanfilep.com.mt\/index.php\/wp-json\/wp\/v2\/media?parent=1740"}],"curies":[{"name":"wp","href":"https:\/\/api.w.org\/{rel}","templated":true}]}}