{"id":189,"date":"2014-12-30T18:49:07","date_gmt":"2014-12-30T17:49:07","guid":{"rendered":"http:\/\/www.bandasanfilep.com.mt\/TestSite\/?page_id=189"},"modified":"2025-07-14T16:20:22","modified_gmt":"2025-07-14T16:20:22","slug":"aspetti-mill-festa-tal-2013","status":"publish","type":"page","link":"https:\/\/bandasanfilep.com.mt\/index.php\/aspetti-mill-festa-tal-2013\/","title":{"rendered":"Aspetti mill-Festa tal-2013"},"content":{"rendered":"<ol>\n<li><b>\u010aelebrazzjonijiet spe\u010bjali<\/b>\n<ul>\n<li><b>CD \u0121dida:<\/b> Fil-ftu\u0127 ta\u010b-\u010belebrazzjonijiet spe\u010bjali fl-okka\u017cjoni tal-150 anniversarju mill-wasla tal-istatwa tal-fidda ta\u2019 San Filep l-G\u0127aqda Ka\u017cin Banda San Filep \u0127ar\u0121et CD \u0121dida b\u2019mu\u017cika sagra jew pro\u010bessjonali, qassma f\u2019\u017cew\u0121 partijiet:<\/li>\n<li>Parti Orkestrali: b\u2019ensemble ta\u2019 5 vjolini, vjolin\u010bell, kuntrabaxx u strumenti o\u0127ra mill-banda.Tinkludi l-Innu Popolari, il-Preghiera , Bil-Glorja tal-Mirakli u l-Antifona Int \u0126ri\u0121t Rebbie\u0127, it-tnejn ta\u2019 Mro Richard Bugeja; l-antifona Per S. Filippi Argyiensis ta\u2019 Mro Carlo Diacono.<\/li>\n<li>Parti bil-Banda: tinkludi l- innu \u0121did Sliem G\u0127alik, Filippu Kullimkien ta\u2019 Mro Richard Bugeja versi ta&#8217; Pawlu Mifsud, Allelulja mill-musical ir-Rebbie\u0127, kompo\u017cizzjoni ta\u2019 Chan Vella u arran\u0121ament ta\u2019 Joe Brown, l-innu mar\u010b \u0120ie\u0127 lill-Banda Ewlenija versi ta&#8217; Philip Agius, l-innu mar\u010b \u0120ie\u0127 lil San Filep versi ta&#8217; Pawlu Mifsud u \u017cew\u0121 mar\u010bi \u0121odda pro\u010bessjonali, it-tnejn mu\u017cika ta\u2019 Mro Richard Bugeja, L-Innu l-Kbir ta\u2019 Mro Orlando Crescimanno u L-Innu tal-Banda San Filep. \u0126adu sehem mal-banda t-tenur Joseph Aquilina, is-sopran Joan Mangion, il-baritonu Ivan Vella, il-kantanta Albertine Abela u l-kor Mirabitur ta&#8217; Simone Attard.<\/li>\n<li><b>Kun\u010bert Mu\u017cikali:<\/b>: mill-Banda San Filep akkumpanjata mill-Kor Santa Monika, mis- sopran Joan Mangion, t-tenur Joseph Aquilina, l-baritonu Alfred Camilleri u l-kantanta Albertine Abela. Sar fit-18 ta\u2019 mejju 2013, fis-sala Sir Temi Zammit, fl-Universit\u00e0 ta\u2019 Malta. F\u2019dan il-kun\u010bert i\u017c\u017can\u017can l-Oratorju \u201cIl-\u0126olma ta\u017c-\u017bebbu\u0121in\u201d kitba tal-Im\u0127allef Emeritus Dr Philip Sciberras, kompo\u017cizzjoni ta\u2019 Mro Richard Bugeja.<\/li>\n<li><b>Simposju:<\/b> Fil-31 ta\u2019 Mejju 2013, fis-sala prin\u010bipali tal-ka\u017cin sar simposju fuq l-istatwa ta\u2019 San Filep, li fih tkellmu Dr Philip Sciortino, Dr Simon Mercieca, il-Prof Marisa Calista u Mark Sagona. Tnieda wkoll il-ktieb STATVA ARGENTEA.<\/li>\n<li><b>Ktieb spe\u010bjali \u201cSTATVA ARGENTEA\u201d:<\/b> \u0121ie mitbug\u0127 b\u2019mod professjonali g\u0127all-a\u0127\u0127ar. Fil-256 pa\u0121na tieg\u0127u hemm kitbiet stori\u010bi u akkademi\u010bi kif ukoll bosta ritratti, u\u0127ud minnhom bil-kulur. Il-kittiba u s-su\u0121\u0121etti li kitbu dwarhom huma:\n<ul>\n<li>Dr Philip Sciortino \u2013 Storja \u0120enerali;<\/li>\n<li>Prof Keith Sciberras \u2013 Rome-Malta: A two-hundred year context for artistic commissions from Rome;<\/li>\n<li>Prof Marisa Calisti \u2013 TommasoMinardi, la sua scuola, i suoi allievi Maltesi;<\/li>\n<li>Prof Giovanna Capitelli \u2013 Sotto il segno di Tommaso Minardi: Luigi Fontana sulla scena artistic Romana di met\u00e0 Ottocento;<\/li>\n<li>Dr Mark Sagona \u2013 The significance of Luigi Fontana\u2019s St Philip of Agira in the context of 19th century Art in Malta;<\/li>\n<li>Dr Simon Mercieca \u2013 \u0126arsa \u0120enerali lejn l-Istatwi Pro\u010bessjonali Maltin b\u0127ala Metafora Politika: L-Istatwa ta\u2019 San Filep u l-Pur\u010bissjonijiet Reli\u0121ju\u017ci \u0121ewwa \u0126a\u017c-\u017bebbu\u0121 matul is-Seklu Dsatax;<\/li>\n<li>Raymond Saliba \u2013 \u017bvilupp tal-Ikonografija ta\u2019 San Filep t\u2019A\u0121\u0121ira f\u2019Malta;<\/li>\n<li>Prof Oliver Fri\u0121\u0121ieri \u2013 \u0126a\u017c-\u017bebbu\u0121 u r-Ru\u0127 Nazzjonali.<\/li>\n<\/ul>\n<\/li>\n<\/ul>\n<\/li>\n<li><b>Fi\u010b-\u010aelebrazzjonijiet tal-festa tal-2013 spikkaw:<\/b>\n<ul>\n<li><b>L-Erbg\u0127a 29 ta\u2019 Mejju 2013<\/b>, il-pur\u010bissjoni ta\u2019 San Filep mit-tfal, akkumpanjata minn grupp ta\u2019 daqqaqa mill-Banda ta\u017c-\u017bg\u0127a\u017cag\u0127 flimkien ma aljievi;<\/li>\n<li>L-ikla kbira li saret <b>is-Sibt 1 ta\u2019 \u0120unju<\/b>, lejlet il-\u0127ru\u0121 min-ni\u010b\u010ba li re\u0121g\u0127a kellha attendenza kbira. Iddivertew lin-nies il-kantanta tal-Country Marisa D\u2019Amato, Joe Demicoli u kantanti \u017cg\u0127a\u017cag\u0127;<\/li>\n<\/ul>\n<\/li>\n<\/ol>\n<p><a href=\"http:\/\/www.bandasanfilep.com.mt\/wp-content\/uploads\/2014\/12\/IMG_6739.jpg\"><img loading=\"lazy\" decoding=\"async\" class=\" size-medium wp-image-196 alignleft\" src=\"http:\/\/www.bandasanfilep.com.mt\/wp-content\/uploads\/2014\/12\/IMG_6739-300x200.jpg\" alt=\"IMG_6739\" width=\"300\" height=\"200\" \/><\/a>\u00a0<a href=\"http:\/\/www.bandasanfilep.com.mt\/wp-content\/uploads\/2014\/12\/IMG_6745.jpg\"><img loading=\"lazy\" decoding=\"async\" class=\"alignnone size-medium wp-image-197\" src=\"http:\/\/www.bandasanfilep.com.mt\/wp-content\/uploads\/2014\/12\/IMG_6745-300x200.jpg\" alt=\"IMG_6745\" width=\"300\" height=\"200\" \/><\/a>\u00a0<a href=\"http:\/\/www.bandasanfilep.com.mt\/wp-content\/uploads\/2014\/12\/IMG_6849.jpg\"><img loading=\"lazy\" decoding=\"async\" class=\"alignnone size-medium wp-image-198\" src=\"http:\/\/www.bandasanfilep.com.mt\/wp-content\/uploads\/2014\/12\/IMG_6849-300x200.jpg\" alt=\"IMG_6849\" width=\"300\" height=\"200\" \/><\/a> <a href=\"http:\/\/www.bandasanfilep.com.mt\/wp-content\/uploads\/2014\/12\/IMG_7112.jpg\"><img loading=\"lazy\" decoding=\"async\" class=\"alignnone size-medium wp-image-199\" src=\"http:\/\/www.bandasanfilep.com.mt\/wp-content\/uploads\/2014\/12\/IMG_7112-300x200.jpg\" alt=\"IMG_7112\" width=\"300\" height=\"200\" \/><\/a> <a href=\"http:\/\/www.bandasanfilep.com.mt\/wp-content\/uploads\/2014\/12\/IMG_7123.jpg\"><img loading=\"lazy\" decoding=\"async\" class=\"alignnone size-medium wp-image-200\" src=\"http:\/\/www.bandasanfilep.com.mt\/wp-content\/uploads\/2014\/12\/IMG_7123-300x200.jpg\" alt=\"IMG_7123\" width=\"300\" height=\"200\" \/><\/a>\u00a0<a href=\"http:\/\/www.bandasanfilep.com.mt\/wp-content\/uploads\/2014\/12\/IMG_6419.jpg\"><img loading=\"lazy\" decoding=\"async\" class=\"alignnone size-medium wp-image-193\" src=\"http:\/\/www.bandasanfilep.com.mt\/wp-content\/uploads\/2014\/12\/IMG_6419-300x200.jpg\" alt=\"IMG_6419\" width=\"300\" height=\"200\" \/><\/a> <a href=\"http:\/\/www.bandasanfilep.com.mt\/wp-content\/uploads\/2014\/12\/IMG_6462.jpg\"><img loading=\"lazy\" decoding=\"async\" class=\"alignnone size-medium wp-image-194\" src=\"http:\/\/www.bandasanfilep.com.mt\/wp-content\/uploads\/2014\/12\/IMG_6462-300x200.jpg\" alt=\"IMG_6462\" width=\"300\" height=\"200\" \/><\/a> <a href=\"http:\/\/www.bandasanfilep.com.mt\/wp-content\/uploads\/2014\/12\/IMG_6478.jpg\"><img loading=\"lazy\" decoding=\"async\" class=\"alignnone size-medium wp-image-195\" src=\"http:\/\/www.bandasanfilep.com.mt\/wp-content\/uploads\/2014\/12\/IMG_6478-300x200.jpg\" alt=\"IMG_6478\" width=\"300\" height=\"200\" \/><\/a><\/p>\n<ul>\n<li>Fil-bidu tal-mar\u010b tat-<b>Tlieta 4 ta\u2019 \u0120unju 2013<\/b> mill-Banda Santa Marija tal-Qrendi infet\u0127et l-imrew\u0127a kbira li \u017can\u017cnu \u017c-\u017cg\u0127a\u017cag\u0127 is-sena ta\u2019 qabel u issa tlestiet mill-pittura &#8211; xog\u0127ol i\u017c-\u017cg\u0127a\u017cug\u0127 bravu Joe Tanti. Il-kobor tag\u0127ha mela l-pjazza &#8211; aktarx hija l-akbar imrew\u0127a ta\u2019 dan it-tip f\u2019Malta.<\/li>\n<li>Fi tmiem l-istess mar\u010b intwera feature ta\u2019 30 minuta mtella\u2019 mis-Sezzjoni \u017bg\u0127a\u017cag\u0127 fuq skrin kbir fi Triq Sciortino. Irrakkonta fil-qosor l-istorja tal-istatwa tal-fidda li g\u0127alqg\u0127et 150 sena fostna. Minkejja l-frisk il-folla baqg\u0127et issegwi sa l-a\u0127\u0127ar.<\/li>\n<li>Il-mar\u010b tat-tieni tridu tal-festa, nhar <b>il-\u0126amis 6 ta\u2019 \u0120unju 2013<\/b> re\u0121a\u2019 sar fil-forma \u0121dida billi f\u2019nofsu l-Banda San Filep g\u0127amlet kun\u010bert ta\u2019 mu\u017cika popolari u mill-films. Imbag\u0127ad fl-a\u0127\u0127ar sieg\u0127a l-banda mxiet minn \u0127dejn il-knisja tad-Duluri sal-ka\u017cin fost il-briju li soltu jag\u0127mlu \u017c-\u017cg\u0127a\u017cag\u0127. Minkejja l-ksie\u0127 mhux tas-soltu n-nies imliet il-pjazza u Triq Sciortino tul it-tliet sig\u0127at tal-attivit\u00e0. Fi tmiem il-mar\u010b sar \u0127ruq tan-nar tal-art mis-St Philip Fireworks Factory.<\/li>\n<li>L-spettaklu tan-nar tal-art mekkanizzat li sar nhar <b>il-\u0120img\u0127a 7 ta\u2019 \u0120unju<\/b>, jum it-tieni tridu, re\u0121a kien fih bosta rdieden \u0121odda li \u0121ibdu l-attenzjoni tal-ammiraturi tan-nar g\u0127all-varjet\u00e0 u l-ori\u0121inalit\u00e0 tag\u0127hom. \u0126admu kollha bla difett.<\/li>\n<\/ul>\n<p><a href=\"http:\/\/www.bandasanfilep.com.mt\/wp-content\/uploads\/2014\/12\/IMG_7393.jpg\"><img loading=\"lazy\" decoding=\"async\" class=\"alignnone size-medium wp-image-201\" src=\"http:\/\/www.bandasanfilep.com.mt\/wp-content\/uploads\/2014\/12\/IMG_7286-300x200.jpg\" alt=\"IMG_7286\" width=\"300\" height=\"200\" \/>\u00a0<img loading=\"lazy\" decoding=\"async\" class=\"alignnone size-medium wp-image-202\" src=\"http:\/\/www.bandasanfilep.com.mt\/wp-content\/uploads\/2014\/12\/IMG_7393-300x200.jpg\" alt=\"IMG_7393\" width=\"300\" height=\"200\" \/><\/a> <a href=\"http:\/\/www.bandasanfilep.com.mt\/wp-content\/uploads\/2014\/12\/IMG_7437.jpg\"><img loading=\"lazy\" decoding=\"async\" class=\"alignnone size-medium wp-image-203\" src=\"http:\/\/www.bandasanfilep.com.mt\/wp-content\/uploads\/2014\/12\/IMG_7437-300x200.jpg\" alt=\"IMG_7437\" width=\"300\" height=\"200\" \/><\/a> <a href=\"http:\/\/www.bandasanfilep.com.mt\/wp-content\/uploads\/2014\/12\/IMG_7445.jpg\"><img loading=\"lazy\" decoding=\"async\" class=\"alignnone size-medium wp-image-204\" src=\"http:\/\/www.bandasanfilep.com.mt\/wp-content\/uploads\/2014\/12\/IMG_7445-300x200.jpg\" alt=\"IMG_7445\" width=\"300\" height=\"200\" \/><\/a> <a href=\"http:\/\/www.bandasanfilep.com.mt\/wp-content\/uploads\/2014\/12\/IMG_7457.jpg\"><img loading=\"lazy\" decoding=\"async\" class=\"alignnone size-medium wp-image-205\" src=\"http:\/\/www.bandasanfilep.com.mt\/wp-content\/uploads\/2014\/12\/IMG_7457-300x200.jpg\" alt=\"IMG_7457\" width=\"300\" height=\"200\" \/><\/a> <a href=\"http:\/\/www.bandasanfilep.com.mt\/wp-content\/uploads\/2014\/12\/IMG_7774.jpg\"><img loading=\"lazy\" decoding=\"async\" class=\"alignnone size-medium wp-image-206\" src=\"http:\/\/www.bandasanfilep.com.mt\/wp-content\/uploads\/2014\/12\/IMG_7774-300x200.jpg\" alt=\"IMG_7774\" width=\"300\" height=\"200\" \/><\/a> <a href=\"http:\/\/www.bandasanfilep.com.mt\/wp-content\/uploads\/2014\/12\/IMG_8026.jpg\"><img loading=\"lazy\" decoding=\"async\" class=\"alignnone size-medium wp-image-207\" src=\"http:\/\/www.bandasanfilep.com.mt\/wp-content\/uploads\/2014\/12\/IMG_8026-300x200.jpg\" alt=\"IMG_8026\" width=\"300\" height=\"200\" \/><\/a><\/p>\n<ul>\n<li>Il-programm mu\u017cikali ta\u2019 lejlet il-festa mill-Banda San Filep kien fih g\u0127a\u017cla sabi\u0127a u varjata ta mu\u017cika, fosthom tlett kompo\u017cizzjonijiet ta\u2019 Verdi. Ippre\u017centaw il-programm Grazziella Attard u Tanya Borg. G\u0127al aktar minn sag\u0127tejn, minbarra l-mu\u017cika kellna spettaklu kbir u kontinwu ta\u2019 nar tal-ajru tal-kulur mill-isba\u0127 ma\u0127ruq bis-sitema kompjuterizzata fire-one.<\/li>\n<li>Jum il-festa beda bl-Ar\u010bisqof Emeritus \u0120u\u017ceppi Mercieca imexxi l-kon\u010belebrazzjoni tal-quddiesa solenni tal-festa li bdiet fit-8.00am. Fr Philip Cutajar, Kapu\u010b\u010bin nise\u0121 il-pani\u0121ierku b\u2019mod tassew sabi\u0127 lu mqanqal.<\/li>\n<li>Fi tmiem din il-quddiesa, fl-10.ooam beda l-mar\u010b ta\u2019 fil-g\u0127odu li fi tmiemu \u0121ibed ba\u0127ar ta\u2019 nies bil-folla timla l-pjazza, il-parti t\u2019isfel ta\u2019 Triq Sciortino u parti minn Triq il-kbira.<\/li>\n<li>Filg\u0127axija tlett baned mistiedna mill-G\u0127aqda Ka\u017cin Banda San Filep ferr\u0127u lill-popla li mela \u010b-\u010bentru tar-ra\u0127al sa minn qabel ma \u0127ar\u0121et il-pur\u010bissjoni. Bejn is-6.00pm u l-10.00pm daqqew fil-pjazza l-Baned Pinto ta\u2019 \u0126al-Qormi u Queen Victoria ta\u017c-\u017burrieq. Bejn id-9.00pm u nofs il-lejl qaddg\u0127et il-Banda San Bartilmew tal-G\u0127arg\u0127ur. Il-programm tan-nar tal-ajru m\u017cewwaq mis-St Philip Fireworks Factory li akkumpanja l-pur\u010bissjoni mill-\u0127ru\u0121 sad-d\u0127ul. Wara l-barka sar il-mar\u010b ta\u2019 l-a\u0127\u0127ar jew kif inhu mag\u0127ruf ukoll, \u2018tan-nar\u2019 mill-Banda San Bartilmew.<\/li>\n<\/ul>\n<p><a href=\"http:\/\/www.bandasanfilep.com.mt\/wp-content\/uploads\/2014\/12\/IMG_8743.jpg\"><img loading=\"lazy\" decoding=\"async\" class=\"alignnone size-medium wp-image-210\" src=\"http:\/\/www.bandasanfilep.com.mt\/wp-content\/uploads\/2014\/12\/IMG_8587-300x200.jpg\" alt=\"IMG_8587\" width=\"300\" height=\"200\" \/>\u00a0<img loading=\"lazy\" decoding=\"async\" class=\"alignnone size-medium wp-image-190\" src=\"http:\/\/www.bandasanfilep.com.mt\/wp-content\/uploads\/2014\/12\/IMG_8743-300x200.jpg\" alt=\"IMG_8743\" width=\"300\" height=\"200\" \/><\/a> <a href=\"http:\/\/www.bandasanfilep.com.mt\/wp-content\/uploads\/2014\/12\/IMG_8759.jpg\"><img loading=\"lazy\" decoding=\"async\" class=\"alignnone size-medium wp-image-191\" src=\"http:\/\/www.bandasanfilep.com.mt\/wp-content\/uploads\/2014\/12\/IMG_8759-300x200.jpg\" alt=\"IMG_8759\" width=\"300\" height=\"200\" \/><\/a> <a href=\"http:\/\/www.bandasanfilep.com.mt\/wp-content\/uploads\/2014\/12\/IMG_8861.jpg\"><img loading=\"lazy\" decoding=\"async\" class=\"alignnone size-medium wp-image-192\" src=\"http:\/\/www.bandasanfilep.com.mt\/wp-content\/uploads\/2014\/12\/IMG_8861-300x200.jpg\" alt=\"IMG_8861\" width=\"300\" height=\"200\" \/><\/a>\u00a0<a href=\"http:\/\/www.bandasanfilep.com.mt\/wp-content\/uploads\/2014\/12\/IMG_8218.jpg\"><img loading=\"lazy\" decoding=\"async\" class=\"alignnone size-medium wp-image-208\" src=\"http:\/\/www.bandasanfilep.com.mt\/wp-content\/uploads\/2014\/12\/IMG_8218-300x200.jpg\" alt=\"IMG_8218\" width=\"300\" height=\"200\" \/><\/a> <a href=\"http:\/\/www.bandasanfilep.com.mt\/wp-content\/uploads\/2014\/12\/IMG_8418.jpg\"><img loading=\"lazy\" decoding=\"async\" class=\"alignnone size-medium wp-image-209\" src=\"http:\/\/www.bandasanfilep.com.mt\/wp-content\/uploads\/2014\/12\/IMG_8418-300x200.jpg\" alt=\"IMG_8418\" width=\"300\" height=\"200\" \/><\/a><\/p>\n","protected":false},"excerpt":{"rendered":"<p>\u010aelebrazzjonijiet spe\u010bjali CD \u0121dida: Fil-ftu\u0127 ta\u010b-\u010belebrazzjonijiet spe\u010bjali fl-okka\u017cjoni tal-150 anniversarju mill-wasla tal-istatwa tal-fidda ta\u2019 San Filep l-G\u0127aqda Ka\u017cin Banda San Filep \u0127ar\u0121et CD \u0121dida b\u2019mu\u017cika sagra jew pro\u010bessjonali, qassma f\u2019\u017cew\u0121 partijiet: Parti Orkestrali: b\u2019ensemble ta\u2019 5 vjolini, vjolin\u010bell, kuntrabaxx u strumenti o\u0127ra mill-banda.Tinkludi l-Innu Popolari, il-Preghiera , Bil-Glorja tal-Mirakli u l-Antifona Int \u0126ri\u0121t Rebbie\u0127, it-tnejn [&hellip;]<\/p>\n","protected":false},"author":1,"featured_media":0,"parent":0,"menu_order":0,"comment_status":"closed","ping_status":"closed","template":"page-templates\/page-sidebar-none.php","meta":{"footnotes":""},"class_list":["post-189","page","type-page","status-publish","hentry"],"_links":{"self":[{"href":"https:\/\/bandasanfilep.com.mt\/index.php\/wp-json\/wp\/v2\/pages\/189","targetHints":{"allow":["GET"]}}],"collection":[{"href":"https:\/\/bandasanfilep.com.mt\/index.php\/wp-json\/wp\/v2\/pages"}],"about":[{"href":"https:\/\/bandasanfilep.com.mt\/index.php\/wp-json\/wp\/v2\/types\/page"}],"author":[{"embeddable":true,"href":"https:\/\/bandasanfilep.com.mt\/index.php\/wp-json\/wp\/v2\/users\/1"}],"replies":[{"embeddable":true,"href":"https:\/\/bandasanfilep.com.mt\/index.php\/wp-json\/wp\/v2\/comments?post=189"}],"version-history":[{"count":1,"href":"https:\/\/bandasanfilep.com.mt\/index.php\/wp-json\/wp\/v2\/pages\/189\/revisions"}],"predecessor-version":[{"id":5929,"href":"https:\/\/bandasanfilep.com.mt\/index.php\/wp-json\/wp\/v2\/pages\/189\/revisions\/5929"}],"wp:attachment":[{"href":"https:\/\/bandasanfilep.com.mt\/index.php\/wp-json\/wp\/v2\/media?parent=189"}],"curies":[{"name":"wp","href":"https:\/\/api.w.org\/{rel}","templated":true}]}}