{"id":2144,"date":"2017-03-25T19:12:54","date_gmt":"2017-03-25T18:12:54","guid":{"rendered":"http:\/\/www.bandasanfilep.com.mt\/?page_id=2144"},"modified":"2025-07-14T16:20:36","modified_gmt":"2025-07-14T16:20:36","slug":"mro-filippo-galea-1829-1901","status":"publish","type":"page","link":"https:\/\/bandasanfilep.com.mt\/index.php\/mro-filippo-galea-1829-1901\/","title":{"rendered":"Mro. Filippo Galea &#8211; (1829 \u2013 1901)"},"content":{"rendered":"<p><!--pixgridder:row[cols=1]--><!--pixgridder:column[col=1]--><\/p>\n<figure id=\"attachment_583\" aria-describedby=\"caption-attachment-583\" style=\"width: 190px\" class=\"wp-caption alignleft\"><img loading=\"lazy\" decoding=\"async\" class=\"wp-image-583 size-medium\" src=\"http:\/\/www.bandasanfilep.com.mt\/wp-content\/uploads\/2015\/01\/Filippo_Galea-190x300.jpg\" alt=\"\" width=\"190\" height=\"300\" srcset=\"https:\/\/bandasanfilep.com.mt\/wp-content\/uploads\/2015\/01\/Filippo_Galea-190x300.jpg 190w, https:\/\/bandasanfilep.com.mt\/wp-content\/uploads\/2015\/01\/Filippo_Galea.jpg 472w\" sizes=\"auto, (max-width: 190px) 100vw, 190px\" \/><figcaption id=\"caption-attachment-583\" class=\"wp-caption-text\">Filippo Galea 1851 &#8211; 1860<\/figcaption><\/figure>\n<p style=\"text-align: justify;\">Mro. Filippo Galea twieled \u0126a\u017c-\u017bebbu\u0121 fil-31 ta\u2019 Di\u010bembru, 1829, minn Mro. Angelo Galea u Maria mwielda Cilia. Huwa tg\u0127ammed l-g\u0127ada fil-Parro\u010b\u010ba ta\u2019 San Filep \u0121ewwa \u0126a\u017c-\u017bebbu\u0121. Filippo t\u0127arre\u0121 fil-mu\u017cika minn tfulitu ta\u0127t il-\u0127arsien ta\u2019 missieru Angelo, imbag\u0127ad kompla g\u0127and Mro. Giovanni Le Brun, li kien id-direttur tal-Orkestra tat-Teatru Rjal. Galea tg\u0127allem idoqq il-vjolin, il-klarinett u l-pjanuforte. Il-progress f\u2019dan it-tfajjel deher mill-ewwel, infatti ma damx ma sar vjolinista mill-aqwa. Meta kellu erbatax-il sena daqq varjazzjoni bil-vjolin fil-Union Club, il-Belt Valletta. Huwa g\u0127a\u0121\u0121eb lil kull min kien pre\u017centi u ntwera apprezzament kbir mill-udjenza kollha.1a<\/p>\n<p style=\"text-align: justify;\">Galea kien fundatur u riformatur ta\u2019 diversi baned militari u ta\u2019 dan qala\u2019 bosta tif\u0127ir u rigali tad-deheb u tal-fidda, fosthom mill-Prim Im\u0127allef Sir John Faithful, Lord Nepier ta\u2019 Magdala, l-Prin\u010bep Raja ta\u2019 Geipur u kbarat o\u0127rajn. L-awtur tal-Biografia artistca del Maestro Filippo Galea g\u0127arrafna li Filippo hu s-sid ta\u2019 wie\u0127ed u \u0127amsin tif\u0127ira uffi\u010b\u010bjali, minn 1844 sa 1886. Dawn it-tif\u0127iriet, Malta ddommhom flok il-weraq tar-rand, f\u2019kuruna u biha \u017c\u017cejjen ras il-paj\u017can tag\u0127na s-Surmast Direttur Filippo Galea. Fil-ktieb Filippo Galea Direttore della Fliarmonica Nazionale ta\u2019 H.R.H. The Prince of Wales Band (1888) hemm imni\u017cla dawn it-tif\u0127ieiet u li jinsabu wkoll fl-Arkivju tal-G\u0127aqda Ka\u017cin Banda San Filep.1b<\/p>\n<p style=\"text-align: justify;\">Filippo beda jistudja l-kompo\u017cizzjoni g\u0127and Dun \u0120u\u017cepp Burlon, wara kompla g\u0127and i\u010b-\u010belebri Mro. Nicol\u00f2 Manzaro. Ta\u2019 g\u0127oxrin sena bdiet titnissel \u0121o fih il-\u0127ajra li jifforma banda Maltija. Bl-g\u0127ajnunja ta\u2019 missieru Angelo, huwa rnexxielu jg\u0127aqqad g\u0127add ta\u2019 bandisti u j\u0127arri\u0121hom sewwa. Filippo Galea kien di\u0121\u00e0 g\u0127aqqad banda fl-1846, meta kien g\u0127ad kellu sbatax-il sena. Dan jidher mir-re\u0121istri tal-Fratellanza tal-Madonna tar-Ru\u017carju li nsibu fl-Arkivju tal-Knisja Ar\u010bipretali ta\u2019 \u0126a\u017c-\u017bebbu\u0121.2 Sena wara l-o\u0127ra jidher li l-banda tieg\u0127u baqg\u0127et iddoqq f&#8217;din il-festa. Fil-fatt, fl-1849 din il-banda nsibuha identifikata b\u0127ala Banda a Filippo Galea.3 Aktar tard insibu din il-banda identifikata bl-isem proprju tag\u0127ha. L-ewwel darba li deher miktub dan l-isem kif nafuh illum huwa fl-1851. Skont ir-re\u0121istru tal-ispejje\u017c tal-festa, tal-fratellanza tal-Madonna tal-Karit\u00e0.4 Filippo Galea ta isem lill-banda tieg\u0127u u semmieha Banda di San Filippo.5<\/p>\n<p style=\"text-align: justify;\">F\u2019dik is-sena propju ft-12 ta\u2019 Mejju 1851 Mro. Filippo Galea g\u0127amel programm mu\u017cikali b\u2019din il-banda fil-festa ta\u2019 San Filep u ftit \u0121img\u0127at wara, sar programm ie\u0127or fil-festa tal-Madonna tal-Karit\u00e0 ft-08 ta\u2019 \u0120unju 1851. Hawn insibu li l-banda t\u0127alset Sc.2.8.8. (Scudi) tas-servi\u017c\u017c mill-fratellanza tal-Madonna tal-Karit\u00e0 . Maestro Filippo Galea huwa meqjus b\u0127ala l-ewwel surmast kif ukoll il-fundatur tal-Banda San Filep. Ta min isemmi wkoll li fis-1852 il-Banda di San Filippo kellha l-ewwel sede tal-kienet f\u2019\u2116 52, Triq il-Parro\u010b\u010ba fejn illum hemm dar jisimha Stabat Mater. Fl-arkivju tal-G\u0127aqda Ka\u017cin Banda San Filep insibu l-mar\u010b funebru Largo li Mro. Filippo Galea inkiteb fl-1853. Fl-\u0127dax ta\u2019 Mejju 1856, il-Gvernatur William Reid irregala uniformi g\u0127all-bandisti tal-Banda San Filippo, kien ir\u010beviha Mro. Filippo Galea fil-Union Club, il-Belt Valletta.6 Insibu wkoll li f\u2019wie\u0127ed u g\u0127oxrin ta\u2019 Marzu 1856, l-Banda San Filippo kienet l-ewwel banda li \u0127adet sehem fil-pur\u010bissjoni tal-\u0120img\u0127a l-Kbira.7a u 7b F\u2019dokument mi\u017cmum fl-Arkivju tal-Banda San Filep juri li fl-10 ta\u2019 Frar 1859, (Festa ta\u2019 San Pawl Nawfragu) is-Surmastrijiet Angelo Galea, Filippo Galea, Andrea Borg, Gaetano Attard, Antonio Pisani, Michele Balzan, Angelo Chircop, Sa\u010b. Giuzeppe Psaila, Carmelo Zammit, Micheleangelo Debono kif ukoll Dun Salvatore Ciappara u Filippo Scerri l-Prokuratur tal-Knisja Ar\u010bipretali flimkien ma\u2019 benefatturi o\u0127rajn \u0127ar\u0121u flus biex inxtraw \u0127mistax-il strument mu\u017cikali \u0121did g\u0127all-bandisti tal-istess Banda di San Filippo. Dan huwa dokument li juri l-progress li kienet qed tag\u0127mel din il-Banda bit-tag\u0127lim tal-mu\u017cika u s-servizzi mu\u017cikali.<\/p>\n<p style=\"text-align: justify;\">Meta kellhu tnax il-sena missieru Angelo li kien surmast mall-banda militari da\u0127\u0127al lil Filippo fl-88 th re\u0121iment b\u0127ala tifel.8 Fl-1850 is-Surmast Filippo Galea inaghaqad mall 36 Regiment li kien stazjonat f\u2019Corfu.8 Wara fl-1857 is-Surmast Galea ng\u0127aqad mal-ewwel battaljun tas-sebg\u0127a u \u0127amsin re\u0121iment tal-infanterija u g\u0127amel karriera brillanti b\u0127ala surmast ta\u2019 baned militari Ingli\u017ci. Fl-Lulju 1863 dan is-surmast inata l-kariga ta\u2019 surmast ma\u2019 diversi baned militari Inglizi. Fl-1868 mar Bombay l-Indija mal 8 regiment. 8 Fl-1890 Filippo kien vjonalista prim mall-orkesta tal-maestro di cappella ta\u2019 Riccardo Bugeja, 8 Insibu wkoll li bejn is-snin 1880 &#8211; 1886 Filippo kien ukoll it-tieni surmast direttur tal-banda La Vincitrice, wara kien jisimgha Prince of Wales u aktar tard King\u2019s Own wara Giuseppe Borg.8<br \/>\nDan ix-xog\u0127ol kien jirrikjedih li jsiefer spiss u \u0121ieli g\u0127al \u017cmien twil. Min\u0127abba f\u2019hekk mhux l-ewwel darba li kellu j\u0127alli t-tre\u0121ija tal-Banda di San Filippo f\u2019idejn ta\u2019 madwaru b\u0127al ma kienu Gaetano Attard u Antonio Pisani, sakemm fl-1860 intg\u0127a\u017cel is-Surmast mill-Belt Valletta Andrea (Indr\u00ec) Borg b\u0127ala direttur.<\/p>\n<p style=\"text-align: justify;\">Fis-sitta ta\u2019 Novembru, 1851 is-Surmast Filippo Galea \u017c\u017cewwe\u0121 lil Maria Micallef mill-Isla, f\u2019Bormla. Kull \u0127ajja trid tintem. Minn xi \u0121ranet qabel kienu qeg\u0127din jaslu l-a\u0127barijiet li sa\u0127\u0127et il-Fundatur tal-Banda San Filep kienet qieg\u0127da tmur lura. Nhar l-10 ta\u2019 \u0120unju, 1901 imdawwar minn martu u uliedu g\u0127adda g\u0127all-\u0127ajja ta\u2019 dejjem fl-et\u00e0 ta\u2019 71 sena. Fil-funeral \u0127adu sehem numru ta\u2019 bandisti mill-Banda di San Filippo 9 immexxija mid-direttur tag\u0127ha Mro. Alessandro Agius, flimkien ma\u2019 o\u0127rajn minn baned o\u0127ra li hu kien waqqaf meta rtira mill-militar Ingli\u017c jew li kellu konnessjoni mag\u0127hom fl-a\u0127\u0127ar snin ta\u2019 \u0127ajtu. Is-Surmast Filippo Galea jinsab mistri\u0127 f\u2019qabar fil-knisja Ar\u010bipretali ta\u2019 \u0126a\u017c-\u017bebbu\u0121.<\/p>\n<p>[row][onehalf]<\/p>\n<figure id=\"attachment_2149\" aria-describedby=\"caption-attachment-2149\" style=\"width: 300px\" class=\"wp-caption aligncenter\"><img loading=\"lazy\" decoding=\"async\" class=\"wp-image-2149 size-medium\" src=\"http:\/\/www.bandasanfilep.com.mt\/wp-content\/uploads\/2017\/03\/Fir-re\u0121istru-tal-Fratellanza-tal-Madonna-tar-Ru\u017carju-nsibu-li-fl-1846-din-il-Fratellanza-g\u0127amlet-xi-spejje\u017c-biex-t\u0127allas-300x266.jpg\" alt=\"\" width=\"300\" height=\"266\" \/><figcaption id=\"caption-attachment-2149\" class=\"wp-caption-text\">2 Fir-re\u0121istru tal-Fratellanza tal-Madonna tar-Ru\u017carju nsibu li fl-1846 din il-Fratellanza g\u0127amlet xi spejje\u017c biex t\u0127allas \u201cAi sonatori della Banda\u201d<\/figcaption><\/figure>\n<p>&nbsp;<\/p>\n<p>[\/onehalf]<br \/>\n[onehalf]<\/p>\n<figure id=\"attachment_2150\" aria-describedby=\"caption-attachment-2150\" style=\"width: 217px\" class=\"wp-caption aligncenter\"><img loading=\"lazy\" decoding=\"async\" class=\"wp-image-2150 size-medium\" src=\"http:\/\/www.bandasanfilep.com.mt\/wp-content\/uploads\/2017\/03\/Imbag\u0127ad-fil-festa-tal-1849-il-Fratellanza-tal-Madonna-tar-Ru\u017carju-\u0127allset-217x300.jpg\" alt=\"\" width=\"217\" height=\"300\" \/><figcaption id=\"caption-attachment-2150\" class=\"wp-caption-text\">3 Imbag\u0127ad fil-festa tal-1849 il-Fratellanza tal-Madonna tar-Ru\u017carju \u0127allset lill- \u201cBanda a Filippo Galea\u201d<\/figcaption><\/figure>\n<p>[\/onehalf] [\/row]<\/p>\n<p>[row] [onethird]<\/p>\n<figure id=\"attachment_2157\" aria-describedby=\"caption-attachment-2157\" style=\"width: 194px\" class=\"wp-caption alignleft\"><img loading=\"lazy\" decoding=\"async\" class=\"wp-image-2157 size-medium\" src=\"http:\/\/www.bandasanfilep.com.mt\/wp-content\/uploads\/2017\/03\/Ir-re\u0121istru-tal-Fratellanza-tal-Madonna-tal-Karit\u00e0-mi\u017cmum-fl-Arkivju-tal-Knisja-Ar\u010bipretali-ta\u2019-\u0126a\u017c-\u017bebbu\u0121-194x300.jpg\" alt=\"\" width=\"194\" height=\"300\" \/><figcaption id=\"caption-attachment-2157\" class=\"wp-caption-text\">4 Ir-re\u0121istru tal-Fratellanza tal-Madonna tal-Karit\u00e0 mi\u017cmum fl-Arkivju tal-Knisja Ar\u010bipretali ta\u2019 \u0126a\u017c-\u017bebbu\u0121<\/figcaption><\/figure>\n<p>[\/onethird]<\/p>\n<p>[onethird]<\/p>\n<figure id=\"attachment_2153\" aria-describedby=\"caption-attachment-2153\" style=\"width: 167px\" class=\"wp-caption aligncenter\"><img loading=\"lazy\" decoding=\"async\" class=\"wp-image-2153 size-medium\" src=\"http:\/\/www.bandasanfilep.com.mt\/wp-content\/uploads\/2017\/03\/Fl-1851-tissemma-g\u0127all-ewwel-darba-\u201cBanda-di-San-Filippo\u201d-g\u0127aliex-il-Fratellanza-tal-Madonna-tal-Karit\u00e0-\u0127allsitha-tal-ispejje\u017c-li-g\u0127amlet-fil-festa-167x300.jpg\" alt=\"\" width=\"167\" height=\"300\" \/><figcaption id=\"caption-attachment-2153\" class=\"wp-caption-text\">5 Fl-1851 tissemma g\u0127all-ewwel darba \u201cBanda di San Filippo\u201d g\u0127aliex il-Fratellanza tal-Madonna tal-Karit\u00e0 \u0127allsitha tal-ispejje\u017c li g\u0127amlet fil-festa.<\/figcaption><\/figure>\n<p>[\/onethird]<br \/>\n[onethird]<\/p>\n<figure id=\"attachment_2152\" aria-describedby=\"caption-attachment-2152\" style=\"width: 189px\" class=\"wp-caption alignright\"><img loading=\"lazy\" decoding=\"async\" class=\"wp-image-2152 size-medium\" src=\"http:\/\/www.bandasanfilep.com.mt\/wp-content\/uploads\/2017\/03\/Fil-minuti-tal-laqg\u0127at-tal-Banda-San-Filep-insibu-li-l-istess-banda-daqqet-fil-funeral-ta\u2019-Mro.-Filippo-Galea-189x300.jpg\" alt=\"\" width=\"189\" height=\"300\" \/><figcaption id=\"caption-attachment-2152\" class=\"wp-caption-text\">9 Fil-minuti tal-laqg\u0127at tal-Banda San Filep insibu li l-istess banda daqqet fil-funeral ta\u2019 Mro. Filippo Galea.<\/figcaption><\/figure>\n<p>[\/onethird] [\/row]<\/p>\n<p>[row][onehalf]<\/p>\n<figure id=\"attachment_2154\" aria-describedby=\"caption-attachment-2154\" style=\"width: 225px\" class=\"wp-caption aligncenter\"><img loading=\"lazy\" decoding=\"async\" class=\"wp-image-2154 size-medium\" src=\"http:\/\/www.bandasanfilep.com.mt\/wp-content\/uploads\/2017\/03\/Il-Gvernatur-William-Reid-irregala-uniformi-lill-bandisti-225x300.jpg\" alt=\"\" width=\"225\" height=\"300\" \/><figcaption id=\"caption-attachment-2154\" class=\"wp-caption-text\">6 Il-Gvernatur William Reid irregala uniformi lill-bandisti tal-Banda San Filippo Li g\u0127ada mi\u017cmuma fil-Ka\u017cin Banda San Filep<\/figcaption><\/figure>\n<p>&nbsp;<\/p>\n<p>[\/onehalf]<br \/>\n[onehalf]<\/p>\n<figure id=\"attachment_2156\" aria-describedby=\"caption-attachment-2156\" style=\"width: 300px\" class=\"wp-caption aligncenter\"><img loading=\"lazy\" decoding=\"async\" class=\"wp-image-2156 size-medium\" src=\"http:\/\/www.bandasanfilep.com.mt\/wp-content\/uploads\/2017\/03\/Il-Librerija-tal-mu\u017cika-Arkivju-msemmi-g\u0127all-Fundatur-tal-G\u0127aqda-Mro.-Filippo-Galea-300x200.jpg\" alt=\"\" width=\"300\" height=\"200\" \/><figcaption id=\"caption-attachment-2156\" class=\"wp-caption-text\">Il-Librerija tal-mu\u017cika (Arkivju) msemmi g\u0127all-Fundatur tal-G\u0127aqda Mro. Filippo Galea Xog\u0127ol tal-injam u skultura li sar minn Mastru Bertu Casha u membri tal-familja tieg\u0127u fl-1924<\/figcaption><\/figure>\n<p>[\/onehalf] [\/row]<\/p>\n<p>[row] [onethird]<\/p>\n<figure id=\"attachment_2158\" aria-describedby=\"caption-attachment-2158\" style=\"width: 187px\" class=\"wp-caption alignleft\"><img loading=\"lazy\" decoding=\"async\" class=\"wp-image-2158 size-medium\" src=\"http:\/\/www.bandasanfilep.com.mt\/wp-content\/uploads\/2017\/03\/Maestro-Angelo-Galea-187x300.jpg\" alt=\"\" width=\"187\" height=\"300\" \/><figcaption id=\"caption-attachment-2158\" class=\"wp-caption-text\">Maestro Angelo Galea<\/figcaption><\/figure>\n<p>[\/onethird]<\/p>\n<p>[onethird]<\/p>\n<figure id=\"attachment_2159\" aria-describedby=\"caption-attachment-2159\" style=\"width: 191px\" class=\"wp-caption aligncenter\"><img loading=\"lazy\" decoding=\"async\" class=\"wp-image-2159 size-medium\" src=\"http:\/\/www.bandasanfilep.com.mt\/wp-content\/uploads\/2017\/03\/Maestro-Giovanni-Le-Brun-191x300.jpg\" alt=\"\" width=\"191\" height=\"300\" \/><figcaption id=\"caption-attachment-2159\" class=\"wp-caption-text\">Maestro Giovanni Le Brun<\/figcaption><\/figure>\n<p>[\/onethird]<br \/>\n[onethird]<\/p>\n<figure id=\"attachment_2155\" aria-describedby=\"caption-attachment-2155\" style=\"width: 300px\" class=\"wp-caption alignright\"><img loading=\"lazy\" decoding=\"async\" class=\"wp-image-2155 size-medium\" src=\"http:\/\/www.bandasanfilep.com.mt\/wp-content\/uploads\/2017\/03\/Il-ktieb-fejn-hemm-imni\u017cla-t-tif\u0127iriet-ta\u2019-Mro.-Filippo-Galea-300x191.jpg\" alt=\"\" width=\"300\" height=\"191\" \/><figcaption id=\"caption-attachment-2155\" class=\"wp-caption-text\">Il-ktieb fejn hemm imni\u017cla t-tif\u0127iriet ta\u2019 Mro. Filippo Galea<\/figcaption><\/figure>\n<p>[\/onethird] [\/row]<\/p>\n<p style=\"text-align: justify;\"><strong>Referenzi:<\/strong><br \/>\n1a u b &#8211; Mifsud Bonnici Robert (1951). Mu\u017ci\u010bisti u Kompo\u017cituri Maltin u G\u0127awdxin tal-Biera\u0127 u tal-Lum.<br \/>\n2, 3, 4 u 5 &#8211; Arkivju tal-Knisja Ar\u010bipretali ta\u2019 \u0126a\u017c-\u017bebbu\u0121.<br \/>\n4 &#8211; Vella Bondin Joseph (2000). Il-Mu\u017cika ta\u2019 Malta fis-sekli dsatax u g\u0127oxrin &#8211; Pa\u0121na 98.<br \/>\n6 &#8211; Ka\u017cin Banda San Filep (2001). Il-\u0120rajja tal-Ka\u017cin Banda San Filep &#8211; Pa\u0121na 15.<br \/>\n7a &#8211; Ka\u017cin Banda San Filep (2001). Il-\u0120rajja tal-Ka\u017cin Banda San Filep &#8211; Pa\u0121na 17.<br \/>\n7b &#8211; Schiavone Michael (1997). L-istorja tal-Ka\u017cin tal-Baned f\u2019Malta u G\u0127awdex Vol.1, Pa\u0121na 130.<br \/>\n8 &#8211; Schiavone Michael (2009). Dictionary of Maltese Biographies Vol.2, Pa\u0121na 866<br \/>\n9 &#8211; Fil-minuti tal-laqg\u0127at tal-Banda San Filep insibu li l-istess banda daqqet fil-funeral ta\u2019 Mro. Filippo Galea.<br \/>\nAvvenimenti tal-G\u0127aqda Ka\u017cin Banda San Filep 1851 &#8211; 2016<\/p>\n<p style=\"text-align: right;\">Ri\u010berka tal-Arkivista l-Kav. John Gaf\u00e0 \u00a9<\/p>\n<p><!--\/pixgridder:column[col=1]--><!--\/pixgridder:row[cols=1]--><\/p>\n","protected":false},"excerpt":{"rendered":"<p>Mro. Filippo Galea twieled \u0126a\u017c-\u017bebbu\u0121 fil-31 ta\u2019 Di\u010bembru, 1829, minn Mro. Angelo Galea u Maria mwielda Cilia. Huwa tg\u0127ammed l-g\u0127ada fil-Parro\u010b\u010ba ta\u2019 San Filep \u0121ewwa \u0126a\u017c-\u017bebbu\u0121. Filippo t\u0127arre\u0121 fil-mu\u017cika minn tfulitu ta\u0127t il-\u0127arsien ta\u2019 missieru Angelo, imbag\u0127ad kompla g\u0127and Mro. Giovanni Le Brun, li kien id-direttur tal-Orkestra tat-Teatru Rjal. Galea tg\u0127allem idoqq il-vjolin, il-klarinett u [&hellip;]<\/p>\n","protected":false},"author":1,"featured_media":0,"parent":0,"menu_order":0,"comment_status":"closed","ping_status":"closed","template":"page-templates\/page-sidebar-none.php","meta":{"footnotes":""},"class_list":["post-2144","page","type-page","status-publish","hentry"],"_links":{"self":[{"href":"https:\/\/bandasanfilep.com.mt\/index.php\/wp-json\/wp\/v2\/pages\/2144","targetHints":{"allow":["GET"]}}],"collection":[{"href":"https:\/\/bandasanfilep.com.mt\/index.php\/wp-json\/wp\/v2\/pages"}],"about":[{"href":"https:\/\/bandasanfilep.com.mt\/index.php\/wp-json\/wp\/v2\/types\/page"}],"author":[{"embeddable":true,"href":"https:\/\/bandasanfilep.com.mt\/index.php\/wp-json\/wp\/v2\/users\/1"}],"replies":[{"embeddable":true,"href":"https:\/\/bandasanfilep.com.mt\/index.php\/wp-json\/wp\/v2\/comments?post=2144"}],"version-history":[{"count":1,"href":"https:\/\/bandasanfilep.com.mt\/index.php\/wp-json\/wp\/v2\/pages\/2144\/revisions"}],"predecessor-version":[{"id":5958,"href":"https:\/\/bandasanfilep.com.mt\/index.php\/wp-json\/wp\/v2\/pages\/2144\/revisions\/5958"}],"wp:attachment":[{"href":"https:\/\/bandasanfilep.com.mt\/index.php\/wp-json\/wp\/v2\/media?parent=2144"}],"curies":[{"name":"wp","href":"https:\/\/api.w.org\/{rel}","templated":true}]}}