{"id":2773,"date":"2018-01-02T13:47:10","date_gmt":"2018-01-02T12:47:10","guid":{"rendered":"http:\/\/www.bandasanfilep.com.mt\/?page_id=2773"},"modified":"2025-07-14T16:20:49","modified_gmt":"2025-07-14T16:20:49","slug":"ritratti-2018","status":"publish","type":"page","link":"https:\/\/bandasanfilep.com.mt\/index.php\/ritratti\/ritratti-2018\/","title":{"rendered":"Ritratti 2018"},"content":{"rendered":"\n<div id=\"jig1\" class=\"justified-image-grid jig-fe8e2270eeaa697a114c06858374721e jig-preset-global jig-source-facebook\"><div class=\"jig-clearfix\"><\/div><noscript id=\"jig1-html\" class=\"justified-image-grid-html\" data-lazy-src=\"skiplazyload\" data-src=\"skipunveillazyload\"><ul><li><a href=\"https:\/\/bandasanfilep.com.mt\/index.php\/wp-json\/wp\/v2\/pages\/2773facebook-album\/2018686434882196\" title=\"43 Photos\"><img loading=\"lazy\" decoding=\"async\" src=\"https:\/\/bandasanfilep.com.mt\/wp-content\/plugins\/justified-image-grid\/timthumb.php?src=https%3A%2F%2Fscontent-fra5-2.xx.fbcdn.net%2Fv%2Ft1.6435-9%2F48397177_2018689094881930_6357851066205208576_n.jpg%3Fstp%3Ddst-jpg_s1080x2048_tt6%26_nc_cat%3D109%26ccb%3D1-7%26_nc_sid%3Dd9b88e%26_nc_ohc%3DCMzVdf_njpwQ7kNvwEAOKae%26_nc_oc%3DAdpA1aRG3tZmmufVlSEvY4nGHO-BX1Riit7pfs5QDmymq6QZb57pINPdv_PeEKbZe7Ii4mr2gUOMekDcf39y9l_C%26_nc_zt%3D23%26_nc_ht%3Dscontent-fra5-2.xx%26edm%3DABHaK5EEAAAA%26_nc_gid%3DMcN4BjhdHugZ1oox6C8rNA%26_nc_tpa%3DQ5bMBQHS0kPgVGdwGYm7YxjRH-xZs6-p7pyivZD6sdbpWamG7reBFPc9_YfTw50hdgxU0HHWR0odbJDx%26oh%3D00_Af4To7eoEtfBu0KJhCTPZm9GYEwDVSn1YdeTH2JJksuxHw%26oe%3D6A1BCD11&amp;h=230&amp;q=90&amp;f=.jpg\" alt=\"Rigal tal-Milied - 2018\" width=\"345\" height=\"230\" \/><\/a><p class=\"jig-HTMLdescription\">Rigal tal-Milied - 2018<br\/>43 Photos<\/p><\/li><li><a href=\"https:\/\/bandasanfilep.com.mt\/index.php\/wp-json\/wp\/v2\/pages\/2773facebook-album\/2007243096026530\" title=\"103 Photos\"><img loading=\"lazy\" decoding=\"async\" src=\"https:\/\/bandasanfilep.com.mt\/wp-content\/plugins\/justified-image-grid\/timthumb.php?src=https%3A%2F%2Fscontent-fra5-2.xx.fbcdn.net%2Fv%2Ft1.6435-9%2F48371012_2007268476023992_6488563959157751808_n.jpg%3Fstp%3Ddst-jpg_s1080x2048_tt6%26_nc_cat%3D106%26ccb%3D1-7%26_nc_sid%3Dd9b88e%26_nc_ohc%3DEAzndxL0qDcQ7kNvwESJjQs%26_nc_oc%3DAdqKwo5ne-FDY1gWkxQL6dsPEN6YNHRJZ2LX_kzajtf_AjQXvV8cyjBGHsakDV4m9zESSM5_wFsVccyYj3iaei3r%26_nc_zt%3D23%26_nc_ht%3Dscontent-fra5-2.xx%26edm%3DABHaK5EEAAAA%26_nc_gid%3DMcN4BjhdHugZ1oox6C8rNA%26_nc_tpa%3DQ5bMBQHVYjHMbYHDMBkz71710lcBv98NNsp5gzsqtPFx_AkA7VQeX5uNUIdTtFZUyy0pbYjtrYm5CRPt%26oh%3D00_Af7ArAE-km2GHcH_fQ_Kbw_PbjfrEPmQAtDxIQDo-4ihvQ%26oe%3D6A1BDD82&amp;h=230&amp;q=90&amp;f=.jpg\" alt=\"Christmas Party - 2018\" width=\"345\" height=\"230\" \/><\/a><p class=\"jig-HTMLdescription\">Christmas Party - 2018<br\/>103 Photos<\/p><\/li><li><a href=\"https:\/\/bandasanfilep.com.mt\/index.php\/wp-json\/wp\/v2\/pages\/2773facebook-album\/1739364469481062\" title=\"187 Photos\"><img loading=\"lazy\" decoding=\"async\" src=\"https:\/\/bandasanfilep.com.mt\/wp-content\/plugins\/justified-image-grid\/timthumb.php?src=https%3A%2F%2Fscontent-fra3-1.xx.fbcdn.net%2Fv%2Ft1.6435-9%2F35348071_1739364622814380_8012450722652094464_n.jpg%3F_nc_cat%3D103%26ccb%3D1-7%26_nc_sid%3Dd9b88e%26_nc_ohc%3DvD0nsRKtvgIQ7kNvwGZiP52%26_nc_oc%3DAdoGDUrAJu7ByZdaujoLU97V1NXeYUpkAQwFpuRq7LUEUmpgWAARLET0LvkcmvKXw7tWc0ibSqOZNMT35MKjbeaO%26_nc_zt%3D23%26_nc_ht%3Dscontent-fra3-1.xx%26edm%3DABHaK5EEAAAA%26_nc_gid%3DMcN4BjhdHugZ1oox6C8rNA%26_nc_tpa%3DQ5bMBQFfCF3NVY8ZdllagY0BoY1gdV-W65UekjAXwLEuM2OOlPvIBraGwra1wJStQiJCfQGgvGz-OJ6L%26oh%3D00_Af4aYBHclElwebmSVwzowiKfckpV1woqWVoBpQA4udx2JA%26oe%3D6A1BBB5A&amp;h=230&amp;q=90&amp;f=.jpg\" alt=\"Minn dak li tibg\u0127atulna\" width=\"433\" height=\"230\" \/><\/a><p class=\"jig-HTMLdescription\">Minn dak li tibg\u0127atulna<br\/>187 Photos<\/p><\/li><li><a href=\"https:\/\/bandasanfilep.com.mt\/index.php\/wp-json\/wp\/v2\/pages\/2773facebook-album\/1738273416256834\" title=\"49 Photos\"><img loading=\"lazy\" decoding=\"async\" src=\"https:\/\/bandasanfilep.com.mt\/wp-content\/plugins\/justified-image-grid\/timthumb.php?src=https%3A%2F%2Fscontent-fra3-1.xx.fbcdn.net%2Fv%2Ft1.6435-9%2F35409364_1738274012923441_5897631778406924288_n.jpg%3Fstp%3Ddst-jpg_s1080x2048_tt6%26_nc_cat%3D103%26ccb%3D1-7%26_nc_sid%3Dd9b88e%26_nc_ohc%3DCvU32OwlybUQ7kNvwEjCaPt%26_nc_oc%3DAdoL0nfnIREPxxhE8SBnSCHri_UoA3aqhUxgHN5cUZAVchA3RzbPQRjbGdea9hsH_88Uqpi9JGKGBB0PKVQCKSRc%26_nc_zt%3D23%26_nc_ht%3Dscontent-fra3-1.xx%26edm%3DABHaK5EEAAAA%26_nc_gid%3DMcN4BjhdHugZ1oox6C8rNA%26_nc_tpa%3DQ5bMBQH_QhJrjhtCbMw6iqpY9aGH0APbdvzMUl5Ih_A7c04PHL3cVSEZCNLxW0viEAbe9T1e-NLmMbrP%26oh%3D00_Af5GmgDbLB1XLmXwF7a5jfN30eNrhuTq7TTR0e_K45R36w%26oe%3D6A1BBA62&amp;h=230&amp;q=90&amp;f=.jpg\" alt=\"Purcissjoni f&#039;jum il-festa 2018\" width=\"345\" height=\"230\" \/><\/a><p class=\"jig-HTMLdescription\">Purcissjoni f'jum il-festa 2018<br\/>49 Photos<\/p><\/li><li><a href=\"https:\/\/bandasanfilep.com.mt\/index.php\/wp-json\/wp\/v2\/pages\/2773facebook-album\/1736766993074143\" title=\"286 Photos\"><img loading=\"lazy\" decoding=\"async\" src=\"https:\/\/bandasanfilep.com.mt\/wp-content\/plugins\/justified-image-grid\/timthumb.php?src=https%3A%2F%2Fscontent-fra3-1.xx.fbcdn.net%2Fv%2Ft1.6435-9%2F35242239_1736770753073767_4082121636071866368_n.jpg%3Fstp%3Ddst-jpg_s1080x2048_tt6%26_nc_cat%3D101%26ccb%3D1-7%26_nc_sid%3Dd9b88e%26_nc_ohc%3DrI_rZ0W---kQ7kNvwHSk2oK%26_nc_oc%3DAdp3xiHF57YQOrs40laD3NA7gdj6SyzjjU8DADEMJfH3RPmiKJHWyvHSZOnza4YMJ2SsABJFQ2pwEKq7uo_hdV0X%26_nc_zt%3D23%26_nc_ht%3Dscontent-fra3-1.xx%26edm%3DABHaK5EEAAAA%26_nc_gid%3DMcN4BjhdHugZ1oox6C8rNA%26_nc_tpa%3DQ5bMBQHQKeg_Fs0zYNOYH5i-8k_hI7--2-DH0ZHE34tOw9YGIEoAMghQELIMYsAnBPt5xPxQa-jOrN1n%26oh%3D00_Af4gScr6N8CvNE6mu7xP0D1DvHBKo5-yTvaPll-WhVxmDQ%26oe%3D6A1BBDE7&amp;h=230&amp;q=90&amp;f=.jpg\" alt=\"Marc Tal-Hadd Filghodu 2018\" width=\"345\" height=\"230\" \/><\/a><p class=\"jig-HTMLdescription\">Marc Tal-Hadd Filghodu 2018<br\/>286 Photos<\/p><\/li><li><a href=\"https:\/\/bandasanfilep.com.mt\/index.php\/wp-json\/wp\/v2\/pages\/2773facebook-album\/1735495403201302\" title=\"51 Photos\"><img loading=\"lazy\" decoding=\"async\" src=\"https:\/\/bandasanfilep.com.mt\/wp-content\/plugins\/justified-image-grid\/timthumb.php?src=https%3A%2F%2Fscontent-fra3-2.xx.fbcdn.net%2Fv%2Ft1.6435-9%2F35181024_1735496739867835_7092272078476279808_n.jpg%3Fstp%3Ddst-jpg_s1080x2048_tt6%26_nc_cat%3D104%26ccb%3D1-7%26_nc_sid%3Dd9b88e%26_nc_ohc%3D82DtHeil5ncQ7kNvwG-XXP2%26_nc_oc%3DAdoiVuSKbi17_3m9HRY7jfABKRLC2LsSHdB9PnEEjro5J3zTSDSBew5ylAVwNedN5zTTsdg1xuNcS_HqBESDKxaK%26_nc_zt%3D23%26_nc_ht%3Dscontent-fra3-2.xx%26edm%3DABHaK5EEAAAA%26_nc_gid%3DMcN4BjhdHugZ1oox6C8rNA%26_nc_tpa%3DQ5bMBQEqDTzarjy2ErlMvmAd7jTqvEGdJkD12hc5gbbXwomeayrPdYmVI91pfJ9Am_CaCGcK-hzuQmnJ%26oh%3D00_Af6tDPM2rA02iy6-PhwjpqbnU2ok53A65MQsdyG3VvBQ1A%26oe%3D6A1BC4C8&amp;h=230&amp;q=90&amp;f=.jpg\" alt=\"Pyro Rhapsody 2018\" width=\"345\" height=\"230\" \/><\/a><p class=\"jig-HTMLdescription\">Pyro Rhapsody 2018<br\/>51 Photos<\/p><\/li><li><a href=\"https:\/\/bandasanfilep.com.mt\/index.php\/wp-json\/wp\/v2\/pages\/2773facebook-album\/1734375216646654\" title=\"338 Photos\"><img loading=\"lazy\" decoding=\"async\" src=\"https:\/\/bandasanfilep.com.mt\/wp-content\/plugins\/justified-image-grid\/timthumb.php?src=https%3A%2F%2Fscontent-fra3-2.xx.fbcdn.net%2Fv%2Ft1.6435-9%2F35080878_1734379329979576_1482195228189261824_n.jpg%3Fstp%3Ddst-jpg_s1080x2048_tt6%26_nc_cat%3D111%26ccb%3D1-7%26_nc_sid%3Dd9b88e%26_nc_ohc%3DBSlwGXQ5GJMQ7kNvwEH_okM%26_nc_oc%3DAdourpgyXr8djwKKG7i63gbg7IZ3T8qyThLkhe17fbwD90Q9HMvkEIMCJsXhvScGduLzLT7g-Gqy_EtVaHaDYw9Y%26_nc_zt%3D23%26_nc_ht%3Dscontent-fra3-2.xx%26edm%3DABHaK5EEAAAA%26_nc_gid%3DMcN4BjhdHugZ1oox6C8rNA%26_nc_tpa%3DQ5bMBQF-VPfU4zmMcWv4R0vJhgJoExs1N8N4bjlYJbH0jZFLsb0P52h0r9Cf7FedNfe2CRXLJrV9cXha%26oh%3D00_Af4Cvtph9-YME-YDdyKm_Bc4yj1AM-7fmuHFRYTiTs_O2Q%26oe%3D6A1BAF98&amp;h=230&amp;q=90&amp;f=.jpg\" alt=\"Pyro Mechanica 2018\" width=\"345\" height=\"230\" \/><\/a><p class=\"jig-HTMLdescription\">Pyro Mechanica 2018<br\/>338 Photos<\/p><\/li><li><a href=\"https:\/\/bandasanfilep.com.mt\/index.php\/wp-json\/wp\/v2\/pages\/2773facebook-album\/1734116816672494\" title=\"77 Photos\"><img loading=\"lazy\" decoding=\"async\" src=\"https:\/\/bandasanfilep.com.mt\/wp-content\/plugins\/justified-image-grid\/timthumb.php?src=https%3A%2F%2Fscontent-fra3-2.xx.fbcdn.net%2Fv%2Ft1.6435-9%2F35201910_1734118053339037_4537469043682050048_n.jpg%3Fstp%3Ddst-jpg_s1080x2048_tt6%26_nc_cat%3D111%26ccb%3D1-7%26_nc_sid%3Dd9b88e%26_nc_ohc%3DmoUmAE65Vy0Q7kNvwFCER_z%26_nc_oc%3DAdpHlbtKGPeT_ZDjgQN9OGJNEfyC90gW7A36i3TZHoOJx2ASIaIfHDXtYNgnYjrW-pBC0r34kW6h68cg62Jik3rO%26_nc_zt%3D23%26_nc_ht%3Dscontent-fra3-2.xx%26edm%3DABHaK5EEAAAA%26_nc_gid%3DMcN4BjhdHugZ1oox6C8rNA%26_nc_tpa%3DQ5bMBQHUa1-jlTK6P0P3DNiR42KnOJ5_Im1o_MXG3o3xZvo_nYt2A6IPG7FUCUti8vLVTmg01wLyP19_%26oh%3D00_Af7S4B9topi7gZxQAB_2rHHytXLr9OkGIC3RhYk6FGlqdg%26oe%3D6A1BBB44&amp;h=230&amp;q=90&amp;f=.jpg\" alt=\"Hrug Solenni tal-istatwa ta&#039; San Filep 2018\" width=\"345\" height=\"230\" \/><\/a><p class=\"jig-HTMLdescription\">Hrug Solenni tal-istatwa ta' San Filep 2018<br\/>77 Photos<\/p><\/li><li><a href=\"https:\/\/bandasanfilep.com.mt\/index.php\/wp-json\/wp\/v2\/pages\/2773facebook-album\/1729696100447899\" title=\"116 Photos\"><img loading=\"lazy\" decoding=\"async\" src=\"https:\/\/bandasanfilep.com.mt\/wp-content\/plugins\/justified-image-grid\/timthumb.php?src=https%3A%2F%2Fscontent-fra3-2.xx.fbcdn.net%2Fv%2Ft1.6435-9%2F34691048_1729697630447746_8590144736159858688_n.jpg%3Fstp%3Ddst-jpg_s1080x2048_tt6%26_nc_cat%3D104%26ccb%3D1-7%26_nc_sid%3Dd9b88e%26_nc_ohc%3DHOZXjZG2SW4Q7kNvwE-smjx%26_nc_oc%3DAdpofaEESD8Ajlb4t3TVtvGQ2sQBep0EWIIoIzU7g93Xs2W9NGvoFVHYqatupPs4Q4r6CnGspdCl1ZW_cYvtMt7V%26_nc_zt%3D23%26_nc_ht%3Dscontent-fra3-2.xx%26edm%3DABHaK5EEAAAA%26_nc_gid%3DMcN4BjhdHugZ1oox6C8rNA%26_nc_tpa%3DQ5bMBQExsRolRFdD_evDze2PKhRPYiCnlRb7uv23C2aQDtZWym6AzrgIHoZe6JsVe7KitGYLAkfzktY6%26oh%3D00_Af6NaAbnLbZAx02mfiujipbjTc-YhrpxcnDwxlXcQ3INxg%26oe%3D6A1BC41E&amp;h=230&amp;q=90&amp;f=.jpg\" alt=\"Marc u program muzikali tal-Hamis - 2018\" width=\"345\" height=\"230\" \/><\/a><p class=\"jig-HTMLdescription\">Marc u program muzikali tal-Hamis - 2018<br\/>116 Photos<\/p><\/li><li><a href=\"https:\/\/bandasanfilep.com.mt\/index.php\/wp-json\/wp\/v2\/pages\/2773facebook-album\/1727584890659020\" title=\"87 Photos\"><img loading=\"lazy\" decoding=\"async\" src=\"https:\/\/bandasanfilep.com.mt\/wp-content\/plugins\/justified-image-grid\/timthumb.php?src=https%3A%2F%2Fscontent-fra3-2.xx.fbcdn.net%2Fv%2Ft1.6435-9%2F34700683_1727585050659004_8213933896274804736_n.jpg%3Fstp%3Ddst-jpg_p720x720_tt6%26_nc_cat%3D104%26ccb%3D1-7%26_nc_sid%3Dd9b88e%26_nc_ohc%3D-gD_4GfvOQ0Q7kNvwFAowUK%26_nc_oc%3DAdq4BUWEMXJ_6TNbM70MrZIBl10P_suNr08DSWGLrAdekiDDb7HIj1LtvEay_QVlJgxBmDVPH3OllwLvfZbE5kW6%26_nc_zt%3D23%26_nc_ht%3Dscontent-fra3-2.xx%26edm%3DABHaK5EEAAAA%26_nc_gid%3DMcN4BjhdHugZ1oox6C8rNA%26_nc_tpa%3DQ5bMBQFY156lbyHemYn4PcKI0rtb4r6GiAZ4x8fg2QMhogISMwKWOzHf4pXJ7AzNR80kUTS-jOvKZuWM%26oh%3D00_Af4aX3rIy-ZeOp6aL_9g5zyZsG9TxvCtN0Vk30MatERWWA%26oe%3D6A1BCE69&amp;h=230&amp;q=90&amp;f=.jpg\" alt=\"Marc tat-Tlieta - 2018\" width=\"408\" height=\"230\" \/><\/a><p class=\"jig-HTMLdescription\">Marc tat-Tlieta - 2018<br\/>87 Photos<\/p><\/li><li><a href=\"https:\/\/bandasanfilep.com.mt\/index.php\/wp-json\/wp\/v2\/pages\/2773facebook-album\/1727553593995483\" title=\"19 Photos\"><img loading=\"lazy\" decoding=\"async\" src=\"https:\/\/bandasanfilep.com.mt\/wp-content\/plugins\/justified-image-grid\/timthumb.php?src=https%3A%2F%2Fscontent-fra3-1.xx.fbcdn.net%2Fv%2Ft1.6435-9%2F34529060_1727553740662135_2632872208657022976_n.jpg%3Fstp%3Ddst-jpg_s1080x2048_tt6%26_nc_cat%3D105%26ccb%3D1-7%26_nc_sid%3Dd9b88e%26_nc_ohc%3DMprCmQZVLfEQ7kNvwGKOXcu%26_nc_oc%3DAdos7dY0LFNzPTP6kDPzeHrYHZ5Gu2i5X1NZmFJGlJ7hbrFtnCVn1eILN-7wSQjbc6DKJbYUKfIjkBXHwfmuNZbu%26_nc_zt%3D23%26_nc_ht%3Dscontent-fra3-1.xx%26edm%3DABHaK5EEAAAA%26_nc_gid%3DMcN4BjhdHugZ1oox6C8rNA%26_nc_tpa%3DQ5bMBQFhU3iBiye6PsV-8t-dsrtXLul9f11BRauip1P6r8jifkrqRtY4XN-rCOqpHCw0IVwUKOSdimph%26oh%3D00_Af5f7u7qymdvxDmvwrynfSqiMJD3m-aux9ugOnMTP1Kgpw%26oe%3D6A1BBC16&amp;h=230&amp;q=90&amp;f=.jpg\" alt=\"VIP Party imtellgha mil-Kumittat centrali - 2018\" width=\"345\" height=\"230\" \/><\/a><p class=\"jig-HTMLdescription\">VIP Party imtellgha mil-Kumittat centrali - 2018<br\/>19 Photos<\/p><\/li><li><a href=\"https:\/\/bandasanfilep.com.mt\/index.php\/wp-json\/wp\/v2\/pages\/2773facebook-album\/1726306927453483\" title=\"23 Photos\"><img loading=\"lazy\" decoding=\"async\" src=\"https:\/\/bandasanfilep.com.mt\/wp-content\/plugins\/justified-image-grid\/timthumb.php?src=https%3A%2F%2Fscontent-fra5-1.xx.fbcdn.net%2Fv%2Ft1.6435-9%2F34403627_1726308220786687_1267913365557084160_n.jpg%3Fstp%3Ddst-jpg_s1080x2048_tt6%26_nc_cat%3D110%26ccb%3D1-7%26_nc_sid%3Dd9b88e%26_nc_ohc%3DiafDaCjDE9MQ7kNvwHyDmoM%26_nc_oc%3DAdqlk9LSvLYMHXubFBukbf6Z5aHyDnVE2IrDBwsX17E905OvCIxM30Ans1lgAjKAiypHtO6Jynd4jLTiIM-ts8Hv%26_nc_zt%3D23%26_nc_ht%3Dscontent-fra5-1.xx%26edm%3DABHaK5EEAAAA%26_nc_gid%3DMcN4BjhdHugZ1oox6C8rNA%26_nc_tpa%3DQ5bMBQEFxtQdFdlF2cLWyO3q2JD9AuAkT1Ugd7hYebQXM8YoELO9H8JlqSPRK6XZhVr8OmX6kEPKyjvy%26oh%3D00_Af6hJHrY4FzcF60gl-nuy7jvMpI0GzH3O-z3wWf5Wma95g%26oe%3D6A1BC59C&amp;h=230&amp;q=90&amp;f=.jpg\" alt=\"Quddies taz-Zghazagh miz-Zghazagh\" width=\"345\" height=\"230\" \/><\/a><p class=\"jig-HTMLdescription\">Quddies taz-Zghazagh miz-Zghazagh<br\/>23 Photos<\/p><\/li><li><a href=\"https:\/\/bandasanfilep.com.mt\/index.php\/wp-json\/wp\/v2\/pages\/2773facebook-album\/1724530090964500\" title=\"7 Photos\"><img loading=\"lazy\" decoding=\"async\" src=\"https:\/\/bandasanfilep.com.mt\/wp-content\/plugins\/justified-image-grid\/timthumb.php?src=https%3A%2F%2Fscontent-fra5-2.xx.fbcdn.net%2Fv%2Ft1.6435-9%2F34199512_1724530910964418_3323475028271431680_n.jpg%3Fstp%3Ddst-jpg_s720x720_tt6%26_nc_cat%3D109%26ccb%3D1-7%26_nc_sid%3Dd9b88e%26_nc_ohc%3DTXcyXqpnQnQQ7kNvwFtdoTm%26_nc_oc%3DAdrovcyrcZChkprkf4-ioi23Ven2t_lWYolQnRCkEFB0nMLBxZrXn7dlKlDgB9_S_tOl0gcVOn54qWUDw7N7Zf5V%26_nc_zt%3D23%26_nc_ht%3Dscontent-fra5-2.xx%26edm%3DABHaK5EEAAAA%26_nc_gid%3DMcN4BjhdHugZ1oox6C8rNA%26_nc_tpa%3DQ5bMBQEBBXOeJCKZFNWP5dESuN7nQZxYyL0zQGlo1hJC4jx4pFkKTpudxbAmpLEzYji5i-L9ZXMHvPqg%26oh%3D00_Af7ILkzfXYrP-PXdfbTyKtddCZmj0VtACTJl6FCm6qGBsg%26oe%3D6A1BADC7&amp;h=230&amp;q=90&amp;f=.jpg\" alt=\"Hrug privat tal-istatwa ta&#039; San Filep - 2018\" width=\"153\" height=\"230\" \/><\/a><p class=\"jig-HTMLdescription\">Hrug privat tal-istatwa ta' San Filep - 2018<br\/>7 Photos<\/p><\/li><li><a href=\"https:\/\/bandasanfilep.com.mt\/index.php\/wp-json\/wp\/v2\/pages\/2773facebook-album\/1724339337650242\" title=\"34 Photos\"><img loading=\"lazy\" decoding=\"async\" src=\"https:\/\/bandasanfilep.com.mt\/wp-content\/plugins\/justified-image-grid\/timthumb.php?src=https%3A%2F%2Fscontent-fra3-1.xx.fbcdn.net%2Fv%2Ft1.6435-9%2F34203635_1724341374316705_1303815624249573376_n.jpg%3Fstp%3Ddst-jpg_s720x720_tt6%26_nc_cat%3D103%26ccb%3D1-7%26_nc_sid%3Dd9b88e%26_nc_ohc%3DxgwqLweGDocQ7kNvwFSCsTW%26_nc_oc%3DAdqlJ0L4FP-WwLsNkmlfwKnlmiALGpQpiRaYkx6Y13_26p9mGSyt4B4OMdn1vXUIYKrup9MY8k7zHto1NdgjGHRi%26_nc_zt%3D23%26_nc_ht%3Dscontent-fra3-1.xx%26edm%3DABHaK5EEAAAA%26_nc_gid%3DMcN4BjhdHugZ1oox6C8rNA%26_nc_tpa%3DQ5bMBQFA_gOTUmOCvH0PhY-f9r84V14iwpfFaJqYMY5kPIMnxUARdSaiyo2otFj3qlIUIqAiIDMMXGKS%26oh%3D00_Af7ZIvp_MhQJnaDA0GuhGfECqn_BzAeX7-Dik7x9kBH_UA%26oe%3D6A1BDB83&amp;h=230&amp;q=90&amp;f=.jpg\" alt=\"BBQ Lejlet il-Festa 2018\" width=\"153\" height=\"230\" \/><\/a><p class=\"jig-HTMLdescription\">BBQ Lejlet il-Festa 2018<br\/>34 Photos<\/p><\/li><li><a href=\"https:\/\/bandasanfilep.com.mt\/index.php\/wp-json\/wp\/v2\/pages\/2773facebook-album\/1721833811234128\" title=\"37 Photos\"><img loading=\"lazy\" decoding=\"async\" src=\"https:\/\/bandasanfilep.com.mt\/wp-content\/plugins\/justified-image-grid\/timthumb.php?src=https%3A%2F%2Fscontent-fra5-1.xx.fbcdn.net%2Fv%2Ft1.6435-9%2F34160233_1721836447900531_8867604644298227712_n.jpg%3Fstp%3Ddst-jpg_s720x720_tt6%26_nc_cat%3D110%26ccb%3D1-7%26_nc_sid%3Dd9b88e%26_nc_ohc%3D2FYlGF7rFC0Q7kNvwFLlW1N%26_nc_oc%3DAdrYIjFchyZqhfWRHxA8Cc5R-cR1I0moYWevTYtECvuSG6VfhXum0nTjX86IqjTceYw0b4GQn_EG6MOCfjYo484P%26_nc_zt%3D23%26_nc_ht%3Dscontent-fra5-1.xx%26edm%3DABHaK5EEAAAA%26_nc_gid%3DMcN4BjhdHugZ1oox6C8rNA%26_nc_tpa%3DQ5bMBQHZR0AGDtwA0Ebw7WE_zbfv-uzAn5UglKmZXbJpUuxYEvZMxzLAIkCxtnfkSpVqu7fPaC07Uiql%26oh%3D00_Af6wWXHMV34BL6M-8PKffgDWm-wSgy3JJ_QsnGu62Sjcwg%26oe%3D6A1BAEE8&amp;h=230&amp;q=90&amp;f=.jpg\" alt=\"Pur\u010bissjoni tat-tfal - 2018\" width=\"153\" height=\"230\" \/><\/a><p class=\"jig-HTMLdescription\">Pur\u010bissjoni tat-tfal - 2018<br\/>37 Photos<\/p><\/li><li><a href=\"https:\/\/bandasanfilep.com.mt\/index.php\/wp-json\/wp\/v2\/pages\/2773facebook-album\/1703448503072659\" title=\"71 Photos\"><img loading=\"lazy\" decoding=\"async\" src=\"https:\/\/bandasanfilep.com.mt\/wp-content\/plugins\/justified-image-grid\/timthumb.php?src=https%3A%2F%2Fscontent-fra5-1.xx.fbcdn.net%2Fv%2Ft1.6435-9%2F32349700_1703451653072344_819864498952208384_n.jpg%3Fstp%3Ddst-jpg_s1080x2048_tt6%26_nc_cat%3D110%26ccb%3D1-7%26_nc_sid%3Dd9b88e%26_nc_ohc%3Du0mZcEQCZ7QQ7kNvwHGAk8Z%26_nc_oc%3DAdq_Dmm9c4YOCpI_9GjmtUjMa2gyphDEQaZzzjAXQyCblh3nZvuoXqtKUqs3Av5Od3T9XYcKAGiE-gJTW2GCkEJP%26_nc_zt%3D23%26_nc_ht%3Dscontent-fra5-1.xx%26edm%3DABHaK5EEAAAA%26_nc_gid%3DMcN4BjhdHugZ1oox6C8rNA%26_nc_tpa%3DQ5bMBQGnCI3oGNwmdT7vTHDDnzWEqramZI8yHDUrhp_runsFIHR_CTTd83TqVMkxFKYLHFpUxQzc6LK7%26oh%3D00_Af7szDrd9O1c0B8vQaO77m1oO2kWUAjTNlW-1jx0dfQ8Cw%26oe%3D6A1BB873&amp;h=230&amp;q=90&amp;f=.jpg\" alt=\"Mar\u010b tat-12 ta&#039; Mejju 2018\" width=\"345\" height=\"230\" \/><\/a><p class=\"jig-HTMLdescription\">Mar\u010b tat-12 ta' Mejju 2018<br\/>71 Photos<\/p><\/li><li><a href=\"https:\/\/bandasanfilep.com.mt\/index.php\/wp-json\/wp\/v2\/pages\/2773facebook-album\/1661112137306296\" title=\"32 Photos\"><img loading=\"lazy\" decoding=\"async\" src=\"https:\/\/bandasanfilep.com.mt\/wp-content\/plugins\/justified-image-grid\/timthumb.php?src=https%3A%2F%2Fscontent-fra5-1.xx.fbcdn.net%2Fv%2Ft39.30808-6%2F512713872_23893957456928446_398824029159267146_n.jpg%3Fstp%3Ddst-jpg_s720x720_tt6%26_nc_cat%3D102%26ccb%3D1-7%26_nc_sid%3Dd9b88e%26_nc_ohc%3DL-gmAp4OeOYQ7kNvwGAAsHn%26_nc_oc%3DAdqUkFnTlxA41lKD6p25GIryIYSdnNN8tqBXvcfq0GRu3V7UpdY2BMgCmg45dnGS2utJ67N6PnxHpmKJQ1kXVHYJ%26_nc_zt%3D23%26_nc_ht%3Dscontent-fra5-1.xx%26edm%3DABHaK5EEAAAA%26_nc_gid%3DMcN4BjhdHugZ1oox6C8rNA%26_nc_tpa%3DQ5bMBQG-Qo-syOkYJk96Ctnxn6C8ka9ewSMbxg0Bzqjnu4_D8mY20v8Mo_JBe_fpVnhuN_mDvtBhqTqK%26oh%3D00_Af7QMgvxLgnBzzbA_fHCEfhPhFnMvQuHa2nPg154K4NqYg%26oe%3D69FA2397&amp;h=230&amp;q=90&amp;f=.jpg\" alt=\"Kristu Rxoxt - 2018\" width=\"153\" height=\"230\" \/><\/a><p class=\"jig-HTMLdescription\">Kristu Rxoxt - 2018<br\/>32 Photos<\/p><\/li><li><a href=\"https:\/\/bandasanfilep.com.mt\/index.php\/wp-json\/wp\/v2\/pages\/2773facebook-album\/1655470407870469\" title=\"29 Photos\"><img loading=\"lazy\" decoding=\"async\" src=\"https:\/\/bandasanfilep.com.mt\/wp-content\/plugins\/justified-image-grid\/timthumb.php?src=https%3A%2F%2Fscontent-fra3-1.xx.fbcdn.net%2Fv%2Ft39.30808-6%2F511191377_23893592720298253_1952964866633879003_n.jpg%3Fstp%3Ddst-jpg_s1080x2048_tt6%26_nc_cat%3D101%26ccb%3D1-7%26_nc_sid%3Dd9b88e%26_nc_ohc%3DkD6KVayIFpAQ7kNvwG3fTpV%26_nc_oc%3DAdqkA0YebW_s8GFT8sCQgjoFkjOxo405DTc5-KXUjLDVHRfzac0T1FFKXjXl9NQyQiIlhIygKq2EXTiwgXo8IATN%26_nc_zt%3D23%26_nc_ht%3Dscontent-fra3-1.xx%26edm%3DABHaK5EEAAAA%26_nc_gid%3DMcN4BjhdHugZ1oox6C8rNA%26_nc_tpa%3DQ5bMBQH25Kw8aCQ5QUv7kfZrL4DjwjWDW03NPMyZR-YSDs_wZNCP2OhORy9ibI06NN7CjvW8o0NBKpQC%26oh%3D00_Af5WBUamVuPxs4kuyGGf421dxbimrNoaZv07nbwNS6xd0w%26oe%3D69FA0EBF&amp;h=230&amp;q=90&amp;f=.jpg\" alt=\"Ftu\u0127 tal-Wirjiet tal-\u0120img\u0127a Mqaddsa - 2018\" width=\"345\" height=\"230\" \/><\/a><p class=\"jig-HTMLdescription\">Ftu\u0127 tal-Wirjiet tal-\u0120img\u0127a Mqaddsa - 2018<br\/>29 Photos<\/p><\/li><li><a href=\"https:\/\/bandasanfilep.com.mt\/index.php\/wp-json\/wp\/v2\/pages\/2773facebook-album\/1599722773445233\" title=\"34 Photos\"><img loading=\"lazy\" decoding=\"async\" src=\"https:\/\/bandasanfilep.com.mt\/wp-content\/plugins\/justified-image-grid\/timthumb.php?src=https%3A%2F%2Fscontent-fra5-2.xx.fbcdn.net%2Fv%2Ft39.30808-6%2F513094819_23891615600495965_911996915132826487_n.jpg%3Fstp%3Ddst-jpg_s1080x2048_tt6%26_nc_cat%3D107%26ccb%3D1-7%26_nc_sid%3Dd9b88e%26_nc_ohc%3DV1hU3zV2imsQ7kNvwG0guHH%26_nc_oc%3DAdqDEohBKRj5ewBsizCCsl99MLuPJA9xzErHDKADbGxvAKtEoxEhB5-10YvsvEg0z4qE9LJeGZ4iO9Ayjh4EUpLP%26_nc_zt%3D23%26_nc_ht%3Dscontent-fra5-2.xx%26edm%3DABHaK5EEAAAA%26_nc_gid%3DMcN4BjhdHugZ1oox6C8rNA%26_nc_tpa%3DQ5bMBQGulLoeiy-bEeh_LRE9W7hfDvmJrtVKvXNzz69IJ0kecWsYLwFb7UcEK1XtgSlFqXEgnn5MpdK3%26oh%3D00_Af6atdodLm3wSWNNIhW5Mim6sNXgKXguWyweyOZ2v2L03w%26oe%3D69FA11A2&amp;h=230&amp;q=90&amp;f=.jpg\" alt=\"Serata Tifkira Manwel Cilia\" width=\"345\" height=\"230\" \/><\/a><p class=\"jig-HTMLdescription\">Serata Tifkira Manwel Cilia<br\/>34 Photos<\/p><\/li><\/ul><\/noscript><\/div>\n","protected":false},"excerpt":{"rendered":"","protected":false},"author":1,"featured_media":0,"parent":38,"menu_order":0,"comment_status":"closed","ping_status":"closed","template":"page-templates\/page-sidebar-none.php","meta":{"footnotes":""},"class_list":["post-2773","page","type-page","status-publish","hentry"],"_links":{"self":[{"href":"https:\/\/bandasanfilep.com.mt\/index.php\/wp-json\/wp\/v2\/pages\/2773","targetHints":{"allow":["GET"]}}],"collection":[{"href":"https:\/\/bandasanfilep.com.mt\/index.php\/wp-json\/wp\/v2\/pages"}],"about":[{"href":"https:\/\/bandasanfilep.com.mt\/index.php\/wp-json\/wp\/v2\/types\/page"}],"author":[{"embeddable":true,"href":"https:\/\/bandasanfilep.com.mt\/index.php\/wp-json\/wp\/v2\/users\/1"}],"replies":[{"embeddable":true,"href":"https:\/\/bandasanfilep.com.mt\/index.php\/wp-json\/wp\/v2\/comments?post=2773"}],"version-history":[{"count":1,"href":"https:\/\/bandasanfilep.com.mt\/index.php\/wp-json\/wp\/v2\/pages\/2773\/revisions"}],"predecessor-version":[{"id":5978,"href":"https:\/\/bandasanfilep.com.mt\/index.php\/wp-json\/wp\/v2\/pages\/2773\/revisions\/5978"}],"up":[{"embeddable":true,"href":"https:\/\/bandasanfilep.com.mt\/index.php\/wp-json\/wp\/v2\/pages\/38"}],"wp:attachment":[{"href":"https:\/\/bandasanfilep.com.mt\/index.php\/wp-json\/wp\/v2\/media?parent=2773"}],"curies":[{"name":"wp","href":"https:\/\/api.w.org\/{rel}","templated":true}]}}