{"id":3186,"date":"2018-08-19T15:21:51","date_gmt":"2018-08-19T14:21:51","guid":{"rendered":"https:\/\/www.bandasanfilep.com.mt\/?page_id=3186"},"modified":"2025-07-14T16:20:36","modified_gmt":"2025-07-14T16:20:36","slug":"dr-philip-sciortino-m-d-1963","status":"publish","type":"page","link":"https:\/\/bandasanfilep.com.mt\/index.php\/dr-philip-sciortino-m-d-1963\/","title":{"rendered":"Dr Philip Sciortino M.D. (1963 \u2013 &#8230;.)"},"content":{"rendered":"<p>&nbsp;<\/p>\n<p><!--pixgridder:row[cols=1]--><!--pixgridder:column[col=1]--><\/p>\n<figure id=\"attachment_3187\" aria-describedby=\"caption-attachment-3187\" style=\"width: 150px\" class=\"wp-caption alignleft\"><a href=\"https:\/\/www.bandasanfilep.com.mt\/wp-content\/uploads\/2018\/08\/Dr-Philip-Sciortino-M.D..jpg\"><img loading=\"lazy\" decoding=\"async\" class=\"wp-image-3187 size-thumbnail\" src=\"https:\/\/www.bandasanfilep.com.mt\/wp-content\/uploads\/2018\/08\/Dr-Philip-Sciortino-M.D.-150x150.jpg\" alt=\"\" width=\"150\" height=\"150\" \/><\/a><figcaption id=\"caption-attachment-3187\" class=\"wp-caption-text\">Dr Philip Sciortino M.D. (1963 \u2013 &#8230;.)<\/figcaption><\/figure>\n<p style=\"text-align: justify;\">Philip Sciortino twieled Haz-Zebbug 7 ta\u2019 Dicembru 1963 minn Paolo Sciortino u Maria Concetta nee\u2019 Fenech min Cospicua. Studja fil-Primarja tal Pilar Valletta u Haz-Zebbug. Qatta zoghzitu Haz-Zebbug attiv f\u2019 numru ta Ghadiet lokali.<\/p>\n<p style=\"text-align: justify;\">Attenda l-iskola Secondarja fil-Kullegg ta Santu Wistin tal-Pieta u wara is-Sixth Form l- Imsida. Dahal fl-Iskola Medika ta\u2019 l-Universita ta Malta fl-1983 u ggradwa fl-1988 b\u0127al tabib.<\/p>\n<p style=\"text-align: justify;\">Kompla l-istudi tieghu fil-qasam tal Medicina tal-Familja fil-Ben Gurion University fin Negev, l-Israel (1995). Studja fil-livell ta\u2019 Masters fis-Sahha Pubblika fl-iskola Medika tal-Universita ta Malta meta ircieva l-Master\u2019s fl 2002. Ircieva Membership tar-Royal College of General Practitoners tal-Ingilterra 2006.<\/p>\n<p style=\"text-align: justify;\">Membru attiv tal Kullegg tat-Tobba tal-Familja ta Malta ghal dawn l-ahhar 15 il-sena. Hawnhekk hu responsabbli mil-qasam ta l-edukazzjoni kontinwa tat-Tobba tal-Familja. Introduca t-Teacher Training f\u2019 dan il-qasam u flimkien ma ohrajn waqqaf u ghadu jorganizza u jezamina fl-ezamijiet ta\u2019 ispecjalizzazjoni f\u2019dan il-qasam.<\/p>\n<p style=\"text-align: justify;\">Jghallem fil-grad ta\u2019 Senior Lecturer fl-Universita ta Malta mill 2002. Mill 2012 inhatar il Kap tad-Dipartiment tal Medicina tal-Familja fl-Iskola Medika ta l-Universita ta\u2019 Malta u membru ta l-istess Fakulta. Hu jipprattika l-professjoni tieghu f\u2019 Haz-zebbug bhala tabib tal-Familja u bhala Tabib tas-Sahha<br \/>\nOkkupazjonali ma kumpanija tal-manifattura privata.<\/p>\n<p style=\"text-align: justify;\">Izzewwe\u0121 fl 1993 lit-Tabiba Marthese Sciortino nee Aquilina u ghandhom zewg ulied Paul u Joseph. Philip hu attiv fil-komunita fejn jghix u ghamel zmien Chairperson tal Kunsill Pastorali Parrokkjali meta twettqu numru ta-progetti ta fejda ghal komunita.<\/p>\n<p style=\"text-align: justify;\">Dr Philip Sciortino nhatar President ta\u2019 Ghaqda Kazin Banda San Filep fl-20\/01\/2012.<\/p>\n<p style=\"text-align: justify;\">Dawn huma l-avvenimenti li se\u0127\u0127ew matul is-snin li fihom Dr Philip Sciortino serva ta\u2019 President:-<\/p>\n<table>\n<tbody>\n<tr>\n<td width=\"87\">28\/01\/2012<\/td>\n<td width=\"100%\">Saret akkademja mu\u017ciko-letterarja fil-Ka\u017cin Banda San Filep A.D. 1851f\u2019\u0121ie\u0127 l-eks President Onorarju Frans Sammut. Din kienet ta\u0127t il-patro\u010binju tal-President Emeritus ta\u2019 Malta Dr Ugo Mifsud Bonnici.<\/td>\n<\/tr>\n<tr>\n<td width=\"87\">06\/02\/2012<\/td>\n<td width=\"100%\">Il-Kunsill Lokali ta\u2019 \u0126a\u017c-\u017bebbu\u0121 organizza, biex il-Banda San Filep flimkien ma\u017c-\u017cew\u0121 baned o\u0127ra \u017bebbu\u0121in jie\u0127du sehem fil-Karnival ta\u2019 Arcireale fi Sqallija.<\/td>\n<\/tr>\n<tr>\n<td width=\"87\">09\/03\/2012<\/td>\n<td width=\"100%\">Il-Kunsill Lokali ta\u2019 \u0126a\u017c-\u017bebbu\u0121 organizza l-konferenza <em>European Forum for Urban Security<\/em> ta\u2019 jumejn, fis-sede tal-G\u0127aqda Ka\u017cin Banda San Filep. Fost il-pajji\u017ci li pparte\u010bipaw kien hemm Franza, il-\u0120ermanja, il-Portugal, il-Bel\u0121ju, l-Italja, Spanja u Malta. Fi tmiem il-konferenza l-kelliema kollha fa\u0127\u0127ru lil Malta, lill-Kunsill Lokali u lill-G\u0127aqda Ka\u017cin Banda San Filep.<\/td>\n<\/tr>\n<tr>\n<td width=\"87\">22\/04\/2012<\/td>\n<td width=\"100%\">L-G\u0127aqda Ka\u017cin Banda San Filep ipparte\u010bipat fil-wirja Ru\u0127 t\u2019Artist tax-xog\u0127lijiet tal-Iskultur Aaron Camilleri Cauchi li saret fil-kappella ta\u2019 San Fra\u0121isk f\u2019\u0126al Qormi. Dawn ix-xog\u0127lijiet kienu jinkludu vari kbar, alto riljevi, abbozzi u minjaturi kif ukoll disinji. L-G\u0127aqda ppre\u017centat l-istatwa ta\u2019 San Luqa.<\/td>\n<\/tr>\n<tr>\n<td width=\"87\">21\/04\/2012<\/td>\n<td width=\"100%\">Irregalati sett ta\u2019 tliet <em>Timpani<\/em> lill-G\u0127aqda Ka\u017cin Banda San Filep minn tliet benefatturi li huma Dr Godfrey Farrugia, Dr Philip Sciortino u Anton Caruana. Il-kumpanija <em>Attrans<\/em> \u0121abet dawn it-timpani mill-Olanda minghajr ebda \u0127las.<\/td>\n<\/tr>\n<tr>\n<td width=\"87\">05\/06\/2012<\/td>\n<td width=\"100%\">G\u0127all-\u0121img\u0127a tal-festa \u017c\u017can\u017cnet l-imrew\u0127a mekkanizzata f\u2019Misra\u0127 San Filep, \u0127idma tas-Sezzjoni \u017bg\u0127a\u017cag\u0127 u li \u0121iet impittra minn Joseph Tanti.<\/td>\n<\/tr>\n<tr>\n<td width=\"87\">31\/08\/2012<\/td>\n<td width=\"100%\">Twaqqaf il-kumitat tal-Informa\u017cjoni Teknolo\u0121ika (IT) min tlett membri li huma:- Keith Cutajar, Christmark Chircop u Christopher Cutajar.<\/td>\n<\/tr>\n<tr>\n<td width=\"87\">06\/10\/2012<\/td>\n<td width=\"100%\">Saret Akkademja mu\u017ciko-leterarj f\u2019\u0121ie\u0127 l-eks President Dun Luret Callus fi Triq Sciortino, bis-sehen tal-Banda San Filep. Solisti Joan Mangion, Joseph Aqulina u Albertina Abela. Dan fakkar il-\u0127amsin sena minn mewtu.<\/td>\n<\/tr>\n<tr>\n<td width=\"87\">07\/10\/2012<\/td>\n<td width=\"100%\">Saret pur\u010bissjoni organizata mill-G\u0127aqda Ka\u017cin Banda San Filep biex jitfakkar il-vjatku li kien isir fi \u017cmien Dun Luret Callus. Ta\u02bc min jinag\u0127d li l-bandiera, il-qanpiena, l-erba\u02bc lanterni, il-\u0121ilandra, il-kappa tal-qassis u l-umbrella huma ori\u0121inali ji\u0121ifieri dawk li kienu jintu\u017caw fi \u017cmien Dun Luret.<\/td>\n<\/tr>\n<tr>\n<td width=\"87\">10\/05\/2013<\/td>\n<td width=\"100%\">Numru kbir ta\u02bc bandisti mill-G\u0127aqda Ka\u017cin Banda San Filep ipparte\u010bipaw f\u02bcmass-band mag\u0127mula mit-tliet baned \u017bebbu\u0121in waqt akkademja\u00a0 li l-parro\u010b\u010ba organizzat biex tfakkar il-150 sena mill-wasla tal-istatwa tal-fidda ta\u02bc San Filep.<\/td>\n<\/tr>\n<tr>\n<td width=\"87\">12\/05\/2013<\/td>\n<td width=\"100%\">Filg\u0127axija sar mar\u010b mill-Banda San Mikiel ta\u02bc \u0126a\u017c-\u017babbar u fi tmiemu nkixfet lapida kommemorattiva mal-fa\u010b\u010bata tas-sede li tirreplika l-ittra mibg\u0127uta mill-Ar\u010bipriet Francesco Borg fl-1884 lis-Societ\u00e0 della Banda di San Filippo. Inawgurata mill-Ministru tas-sa\u0127\u0127a Dr. Godfrey Farrugia u tbirket minn Fr Philip Cutajar.<\/td>\n<\/tr>\n<tr>\n<td width=\"87\">18\/05\/2013<\/td>\n<td width=\"100%\">Il-Banda San Filep esegwiet programm kbir fis-sala Sir Temi Zammit tal-Universit\u00e0 b\u0127ala kommemorazzjoni tal-150 sena tal-istatwa tal-fidda ta\u02bc San Filep. I\u017c\u017can\u017can l-Oratorio \u02bd<em>Il-\u0126olma ta\u017c-\u017bebbu\u0121in<\/em>\u02bc b\u2019lirika tal-Im\u0127allef Emeritus Dr Philip Sciberras u mu\u017cika tas-Surmast Richard Bugeja.<\/td>\n<\/tr>\n<tr>\n<td width=\"87\">31\/05\/2013<\/td>\n<td width=\"100%\">Sar simpo\u017cju fis-sala Mayfair tal-Ka\u017cin Banda San Filep fuq l-istatwa tal-fidda ta\u02bc San Filep bis-sehem ta\u02bc esperti Taljani u Maltin.\u00a0 Tnedija ta\u02bc ktieb \u0121did fuq l-istatwa tal-fidda ta\u02bc San Filep bi studji minn esperti Taljani u Maltin: Dr Philip Sciortino, Keith Sciberras, Marisa Calisti, Giovanna Capitelli, Mark Sagona, Dr Simon Mercieca, Raymond Saliba u Prof. Oliver Friggieri.<\/td>\n<\/tr>\n<tr>\n<td width=\"87\">24\/11\/2013<\/td>\n<td width=\"100%\">Fis-sala Dun Mikiel Xerri f\u2019\u0126a\u017c-\u017bebbu\u0121 sar spettaklu teatrali dwar il-\u0121rajja li sawwret l-istatwa monumentali tal-fidda ta\u2019 San Filep ta\u2019 A\u0121\u0121ira unika fid-dinja. Patrun ta\u2019 \u0126a\u017c-\u017bebbu\u0121 f\u2019g\u0127eluq il-150 sena mill-wasla tag\u0127ha f\u2019Malta. Kitba ta\u2019 Brian Bonnici u direzzjoni ta\u2019 David George Camilleri.<\/td>\n<\/tr>\n<tr>\n<td width=\"87\">22\/02\/2014<\/td>\n<td width=\"100%\">Fis-sala Mayfair tal-Ka\u017cin Banda San Filep saret il-kommomerazjoni ta\u2019 Mikiel Anton Vassalli. Ipresieda l-Onorevoli t-tabib Godfrey Farrugia. Il-Banda San Filep esegwiet programm mu\u017cikali g\u0127all-okkazzjoni. Kelliema spe\u010bjali kienu Prof. Manwel Mifsud.<\/td>\n<\/tr>\n<tr>\n<td width=\"87\">20\/03\/2014<\/td>\n<td width=\"100%\">L-E.T. il-President ta\u2019 Malta Marie Louise Coleiro Preca organizzat l-ewwel wirja taht il-Presidenza l-gdida b\u2019risq l-MCCF fis-sala tal-Gran Kunsill tal-Palazz fil-Belt Valletta, bl-isem L-Spiritwalita fl-Arti &#8211; Kollezzjoni ta\u2019 Arti Sagra minn Alfred u Aaron Camilleri Cauchi. L-G\u0127aqda Ka\u017cin Banda San Filep ipparte\u010bipat f\u2019din il-wirja bl-erba\u2019 evan\u0121elisti; San Mattew, San Mark, San Luqa u San \u0120wann.<\/td>\n<\/tr>\n<tr>\n<td width=\"87\">29\/03\/2014<\/td>\n<td width=\"100%\">L-arkivista tal-G\u0127aqda Ka\u017cin Banda San Filep John Gaf\u00e0 pparti\u010bipa fil-konferenza li \u0121iet organizzata fl-Universita il-qadima fil-Belt Valletta dwar l-arkivju u l-mu\u017cika li tibsab g\u0127and l-istess G\u0127aqda. Keliema ewwlenija kienet il-Prof. Vici Ann Cremona.<\/td>\n<\/tr>\n<tr>\n<td width=\"87\">18\/05\/2014<\/td>\n<td width=\"100%\">L-Ar\u010bisqof ta\u02bc Malta Mons. Pawlu Cremona iltaqa\u02bc mar-rappre\u017centanti tas-So\u010bjetajiet \u010aivili ta\u02bc \u0126a\u017c-\u017bebbu\u0121. L-G\u0127aqda Ka\u017cin Banda San Filep kellha l-akbar attendenza.<\/td>\n<\/tr>\n<tr>\n<td width=\"87\">30\/08\/2014<\/td>\n<td width=\"100%\">Wara numru konsideravoli ta\u2019 sieghat li bdew juru l-frott tag\u0127hom fil-festa li g\u0127addiet,\u00a0\u00a0\u00a0\u00a0\u00a0\u00a0\u00a0\u00a0\u00a0\u00a0\u00a0\u00a0\u00a0\u00a0\u00a0\u00a0\u00a0\u00a0\u00a0\u00a0\u00a0\u00a0\u00a0\u00a0\u00a0\u00a0\u00a0\u00a0\u00a0\u00a0\u00a0\u00a0\u00a0\u00a0\u00a0\u00a0\u00a0\u00a0\u00a0\u00a0\u00a0\u00a0\u00a0\u00a0\u00a0\u00a0\u00a0\u00a0\u00a0\u00a0\u00a0\u00a0\u00a0\u00a0\u00a0\u00a0\u00a0\u00a0\u00a0\u00a0\u00a0\u00a0\u00a0\u00a0 il-Kumitat IT ser jillauncja formalment il-pro\u0121ett kummissjonat mill-EU bl-isem \u2018<em>Empowering People While Preserving History through ICT<\/em>\u2019. Dan il-pro\u0121ett ser ji\u0121i nawgurat\u00a0 \u0121ewwa sala msej\u0127a tal-linfa, mill-Onor. Dr Ian Borg. Wara nkixfet lapida komomorativa fis-sala tal-IT.<\/td>\n<\/tr>\n<tr>\n<td width=\"87\">12\/12\/2014<\/td>\n<td width=\"100%\">Wara l-programm annwali \u2018<em>Rigal tal-Milied<\/em>\u2019 mill-allievi tal-Banda San Filep. In-neputiet ta\u2019 Mro \u0120u\u017ceppi Caruana irregalaw il-pjanu komplut bix-xema ori\u0121inali, l-bakketta u ammont sabie\u0127 ta\u2019 Innijiet lill-G\u0127aqda. Dan il-pjanu hu tad-ditta C. Rordorf\u00a0 Cie Z\u00fcrich u li kien imanifiturat fl-c1848.<\/td>\n<\/tr>\n<tr>\n<td width=\"87\">08\/06\/2015<\/td>\n<td width=\"100%\">Irregalata skivanija ta\u017c-\u017cmien ir-re\u0121ina Victorja tas-sena 1890 lill-G\u0127aqda Ka\u017cin Banda San Filep mill-President tal-G\u0127aqda Dr. Philip Sciortino. Din kienet intu\u017cat fis-sensiela Biografiji tat-television nazzjonali tal-Prof. Guido De Marco. L-iskrivanija se tintu\u017ca g\u0127al u\u017cu tal-kompjuter mill-arkivista l-Kav. John Gaf\u00e0 g\u0127ad-dokumenti b\u0127al ma huma l-Indi\u010bi Mu\u017cikali, Storja tal-G\u0127aqda, Avvenimenti, \u017bjarat minn persuni distinti u \u0127afna informazzjomi o\u0127ra.<\/td>\n<\/tr>\n<tr>\n<td width=\"87\">06\/06\/2016<\/td>\n<td width=\"100%\">Il-President ta\u02bc Malta Marie Louise Coleiro Preca \u017caret is-sede tal-G\u0127aqda Ka\u017cin Banda San Filep fil-jiem tal-Festa<\/td>\n<\/tr>\n<tr>\n<td width=\"87\">29\/12\/2017<\/td>\n<td width=\"100%\">Iffirmat ilkuntratt tax-xiri ta\u2019 ma\u0127\u017cen g\u0127all-armar li jinsab f\u2019Triq il-Madonna Tal-Grazzji \u0126a\u017c-\u017bebbu\u0121. Dan il-ma\u0127\u017cen issema g\u0127al benefatur kbir tal-G\u0127aqda is-Sur Ninu Psaila<\/td>\n<\/tr>\n<\/tbody>\n<\/table>\n<figure id=\"attachment_3188\" aria-describedby=\"caption-attachment-3188\" style=\"width: 1024px\" class=\"wp-caption aligncenter\"><a href=\"https:\/\/www.bandasanfilep.com.mt\/wp-content\/uploads\/2018\/08\/Tliet-Timpani.jpg\"><img loading=\"lazy\" decoding=\"async\" class=\"wp-image-3188 size-large\" src=\"https:\/\/www.bandasanfilep.com.mt\/wp-content\/uploads\/2018\/08\/Tliet-Timpani-1024x378.jpg\" alt=\"\" width=\"1024\" height=\"378\" \/><\/a><figcaption id=\"caption-attachment-3188\" class=\"wp-caption-text\"><strong>Tliet Timpani | Lapida kommemorattiva<\/strong><\/figcaption><\/figure>\n<figure id=\"attachment_3189\" aria-describedby=\"caption-attachment-3189\" style=\"width: 1024px\" class=\"wp-caption aligncenter\"><a href=\"https:\/\/www.bandasanfilep.com.mt\/wp-content\/uploads\/2018\/08\/Skivanija-ta\u017c-\u017cmien-ir-re\u0121ina-Victorja.jpg\"><img loading=\"lazy\" decoding=\"async\" class=\"wp-image-3189 size-large\" src=\"https:\/\/www.bandasanfilep.com.mt\/wp-content\/uploads\/2018\/08\/Skivanija-ta\u017c-\u017cmien-ir-re\u0121ina-Victorja-1024x461.jpg\" alt=\"\" width=\"1024\" height=\"461\" \/><\/a><figcaption id=\"caption-attachment-3189\" class=\"wp-caption-text\"><strong>Skivanija ta\u017c-\u017cmien ir-re\u0121ina Victorja | Ktieb tifkira tal 150 sena mil wasla tal-istatwa ta\u2019 San Filep.<\/strong><\/figcaption><\/figure>\n<figure id=\"attachment_3190\" aria-describedby=\"caption-attachment-3190\" style=\"width: 1024px\" class=\"wp-caption aligncenter\"><a href=\"https:\/\/www.bandasanfilep.com.mt\/wp-content\/uploads\/2018\/08\/Akkademja-mu\u017ciko-leterarj-f\u2019\u0121ie\u0127-l-eks-President-Dun-Luret-Callus.jpg\"><img loading=\"lazy\" decoding=\"async\" class=\"wp-image-3190 size-large\" src=\"https:\/\/www.bandasanfilep.com.mt\/wp-content\/uploads\/2018\/08\/Akkademja-mu\u017ciko-leterarj-f\u2019\u0121ie\u0127-l-eks-President-Dun-Luret-Callus-1024x421.jpg\" alt=\"\" width=\"1024\" height=\"421\" \/><\/a><figcaption id=\"caption-attachment-3190\" class=\"wp-caption-text\"><strong>Akkademja mu\u017ciko-leterarj f\u2019\u0121ie\u0127 l-eks President Dun Luret Callus | Il-kamra tan-nar il-\u0121dida fil-2018<\/strong><\/figcaption><\/figure>\n<figure id=\"attachment_3191\" aria-describedby=\"caption-attachment-3191\" style=\"width: 1024px\" class=\"wp-caption aligncenter\"><a href=\"https:\/\/www.bandasanfilep.com.mt\/wp-content\/uploads\/2018\/08\/Kuntratt-tal-ma\u0127\u017cen-ma-l-a\u0127wa-u-Ninu-Psaila.jpg\"><img loading=\"lazy\" decoding=\"async\" class=\"wp-image-3191 size-large\" src=\"https:\/\/www.bandasanfilep.com.mt\/wp-content\/uploads\/2018\/08\/Kuntratt-tal-ma\u0127\u017cen-ma-l-a\u0127wa-u-Ninu-Psaila-1024x439.jpg\" alt=\"\" width=\"1024\" height=\"439\" \/><\/a><figcaption id=\"caption-attachment-3191\" class=\"wp-caption-text\"><strong>Kuntratt tal-ma\u0127\u017cen ma l-a\u0127wa u Ninu Psaila | Il-ma\u0127\u017cen Ninu Psaila<\/strong><\/figcaption><\/figure>\n<p style=\"text-align: left;\"><strong><u>Referenzi<\/u><\/strong><strong>:-<\/strong><\/p>\n<p style=\"text-align: left;\">Tag\u0127rif mi\u0121bur ming\u0127and Dr Philip Sciortino.<\/p>\n<p style=\"text-align: left;\"><strong>\u00a9 <\/strong>Avvenimenti tal-G\u0127aqda Ka\u017cin Banda San Filep mill-1851 sal-2018.<\/p>\n<p style=\"text-align: right;\">Ri\u010berka tal-Arkivista l-Kav. John Gaf\u00e0 \u00a9 29\/06\/2018<\/p>\n<p><!--\/pixgridder:column[col=1]--><!--\/pixgridder:row[cols=1]--><\/p>\n","protected":false},"excerpt":{"rendered":"<p>&nbsp; Philip Sciortino twieled Haz-Zebbug 7 ta\u2019 Dicembru 1963 minn Paolo Sciortino u Maria Concetta nee\u2019 Fenech min Cospicua. Studja fil-Primarja tal Pilar Valletta u Haz-Zebbug. Qatta zoghzitu Haz-Zebbug attiv f\u2019 numru ta Ghadiet lokali. Attenda l-iskola Secondarja fil-Kullegg ta Santu Wistin tal-Pieta u wara is-Sixth Form l- Imsida. Dahal fl-Iskola Medika ta\u2019 l-Universita ta [&hellip;]<\/p>\n","protected":false},"author":1,"featured_media":0,"parent":0,"menu_order":0,"comment_status":"closed","ping_status":"closed","template":"page-templates\/page-sidebar-none.php","meta":{"footnotes":""},"class_list":["post-3186","page","type-page","status-publish","hentry"],"_links":{"self":[{"href":"https:\/\/bandasanfilep.com.mt\/index.php\/wp-json\/wp\/v2\/pages\/3186","targetHints":{"allow":["GET"]}}],"collection":[{"href":"https:\/\/bandasanfilep.com.mt\/index.php\/wp-json\/wp\/v2\/pages"}],"about":[{"href":"https:\/\/bandasanfilep.com.mt\/index.php\/wp-json\/wp\/v2\/types\/page"}],"author":[{"embeddable":true,"href":"https:\/\/bandasanfilep.com.mt\/index.php\/wp-json\/wp\/v2\/users\/1"}],"replies":[{"embeddable":true,"href":"https:\/\/bandasanfilep.com.mt\/index.php\/wp-json\/wp\/v2\/comments?post=3186"}],"version-history":[{"count":1,"href":"https:\/\/bandasanfilep.com.mt\/index.php\/wp-json\/wp\/v2\/pages\/3186\/revisions"}],"predecessor-version":[{"id":5942,"href":"https:\/\/bandasanfilep.com.mt\/index.php\/wp-json\/wp\/v2\/pages\/3186\/revisions\/5942"}],"wp:attachment":[{"href":"https:\/\/bandasanfilep.com.mt\/index.php\/wp-json\/wp\/v2\/media?parent=3186"}],"curies":[{"name":"wp","href":"https:\/\/api.w.org\/{rel}","templated":true}]}}