{"id":320,"date":"2014-12-31T17:41:02","date_gmt":"2014-12-31T16:41:02","guid":{"rendered":"http:\/\/www.bandasanfilep.com.mt\/TestSite\/?page_id=320"},"modified":"2025-07-14T16:20:49","modified_gmt":"2025-07-14T16:20:49","slug":"ritratti-2015","status":"publish","type":"page","link":"https:\/\/bandasanfilep.com.mt\/index.php\/ritratti\/ritratti-2015\/","title":{"rendered":"Ritratti 2015"},"content":{"rendered":"\n<div id=\"jig1\" class=\"justified-image-grid jig-d1f352293157fb2ffee3a59be45867da jig-preset-global jig-source-facebook\"><div class=\"jig-clearfix\"><\/div><noscript id=\"jig1-html\" class=\"justified-image-grid-html\" data-lazy-src=\"skiplazyload\" data-src=\"skipunveillazyload\"><ul><li><a href=\"https:\/\/bandasanfilep.com.mt\/index.php\/wp-json\/wp\/v2\/pages\/320facebook-album\/933594180058099\" title=\"30 Photos\"><img loading=\"lazy\" decoding=\"async\" src=\"https:\/\/bandasanfilep.com.mt\/wp-content\/plugins\/justified-image-grid\/timthumb.php?src=https%3A%2F%2Fscontent-fra5-1.xx.fbcdn.net%2Fv%2Ft39.30808-6%2F506720446_10062305423853550_4967040610218884386_n.jpg%3Fstp%3Ddst-jpg_p720x720_tt6%26_nc_cat%3D100%26ccb%3D1-7%26_nc_sid%3Dd9b88e%26_nc_ohc%3DmaWgpQ4to-0Q7kNvwGG5jaS%26_nc_oc%3DAdoDaB7KSbme1ArwV50FGX3SyHqgWTlh6cSdvcdC-2ZXdw3rBtuGn0iCO-P7pk9_hQ0yiOr1iB_9gqXpJtYW5xMR%26_nc_zt%3D23%26_nc_ht%3Dscontent-fra5-1.xx%26edm%3DABHaK5EEAAAA%26_nc_gid%3D4jdSoTyHA_dtDrlx5gJbaQ%26_nc_tpa%3DQ5bMBQGWCsK30L7Ys5UW00kHIniXXecupHirhIappQIWrwPMyzxM7F61mfC3lvRQ185Q4XLeISmJ07AG%26oh%3D00_Af6CQ5EHffLqTIrJO2lzCgFGBuFz0rnBzmbF0UZaGgtmyw%26oe%3D6A04A1F0&amp;h=230&amp;q=90&amp;f=.jpg\" alt=\"Rigal tal-Milied\" width=\"347\" height=\"230\" \/><\/a><p class=\"jig-HTMLdescription\">Rigal tal-Milied<br\/>30 Photos<\/p><\/li><li><a href=\"https:\/\/bandasanfilep.com.mt\/index.php\/wp-json\/wp\/v2\/pages\/320facebook-album\/920615154689335\" title=\"35 Photos\"><img loading=\"lazy\" decoding=\"async\" src=\"https:\/\/bandasanfilep.com.mt\/wp-content\/plugins\/justified-image-grid\/timthumb.php?src=https%3A%2F%2Fscontent-fra5-2.xx.fbcdn.net%2Fv%2Ft39.30808-6%2F508375264_10059903224093770_644754781488647788_n.jpg%3Fstp%3Ddst-jpg_s1080x2048_tt6%26_nc_cat%3D107%26ccb%3D1-7%26_nc_sid%3Dd9b88e%26_nc_ohc%3D9gE8KQ52cKkQ7kNvwFlLmEH%26_nc_oc%3DAdpHPBsCCpZbtKuJcePDn7BeVRtcEPI5wOD7CCofTwRSMBxIsegsBl27iI_4Ft0aWmNZt6V9gKLM1WHBJ6VBG1Bz%26_nc_zt%3D23%26_nc_ht%3Dscontent-fra5-2.xx%26edm%3DABHaK5EEAAAA%26_nc_gid%3D4jdSoTyHA_dtDrlx5gJbaQ%26_nc_tpa%3DQ5bMBQENrSk5GOQ87kTEkPI3yxRSdiVdDxnq48UO2l0UbTXvXRtB-ZlVM-e2zJS9ad3lG6WQzNnQGvzZ%26oh%3D00_Af7PTS6UFGVHhbYlTBmbY8kUCDl6IrbQOG4xoXpW6fRnCg%26oe%3D6A04B17A&amp;h=230&amp;q=90&amp;f=.jpg\" alt=\"Inawgurazjoni Tas-Sala Mayfair\" width=\"345\" height=\"230\" \/><\/a><p class=\"jig-HTMLdescription\">Inawgurazjoni Tas-Sala Mayfair<br\/>35 Photos<\/p><\/li><li><a href=\"https:\/\/bandasanfilep.com.mt\/index.php\/wp-json\/wp\/v2\/pages\/320facebook-album\/843720735712111\" title=\"16 Photos\"><img loading=\"lazy\" decoding=\"async\" src=\"https:\/\/bandasanfilep.com.mt\/wp-content\/plugins\/justified-image-grid\/timthumb.php?src=https%3A%2F%2Fscontent-fra3-1.xx.fbcdn.net%2Fv%2Ft39.30808-6%2F506760724_10043920829025343_5118530869608880911_n.jpg%3Fstp%3Ddst-jpg_s1080x2048_tt6%26_nc_cat%3D108%26ccb%3D1-7%26_nc_sid%3Dd9b88e%26_nc_ohc%3DafYIyKNE5CoQ7kNvwEM35T5%26_nc_oc%3DAdoC-HbzPsZ8r_OcjyqAaBEuUXpOSCRct4DeYduF4LKXRoXrDBxqqxl9-t6qSMyW_PCHWbmMCG9z3qBrpkG2ARA_%26_nc_zt%3D23%26_nc_ht%3Dscontent-fra3-1.xx%26edm%3DABHaK5EEAAAA%26_nc_gid%3D4jdSoTyHA_dtDrlx5gJbaQ%26_nc_tpa%3DQ5bMBQEaRhGuC3YScBGHBNHaLcZfrjsk_fO4GXMvKG26RQBGp316tglat-8NaaILgBb_VqViMwyKFiEf%26oh%3D00_Af7dZ6HeDJyAKBbgY0aa1bMqv7qzq0B7WcLGKX7hwDvadQ%26oe%3D6A04C59A&amp;h=230&amp;q=90&amp;f=.jpg\" alt=\"Nar Transulazzjoni\" width=\"345\" height=\"230\" \/><\/a><p class=\"jig-HTMLdescription\">Nar Transulazzjoni<br\/>16 Photos<\/p><\/li><li><a href=\"https:\/\/bandasanfilep.com.mt\/index.php\/wp-json\/wp\/v2\/pages\/320facebook-album\/843717485712436\" title=\"99 Photos\"><img loading=\"lazy\" decoding=\"async\" src=\"https:\/\/bandasanfilep.com.mt\/wp-content\/plugins\/justified-image-grid\/timthumb.php?src=https%3A%2F%2Fscontent-fra5-2.xx.fbcdn.net%2Fv%2Ft39.30808-6%2F506883088_10043919092358850_3497409057766871405_n.jpg%3Fstp%3Ddst-jpg_s1080x2048_tt6%26_nc_cat%3D109%26ccb%3D1-7%26_nc_sid%3Dd9b88e%26_nc_ohc%3DX7P46TWTRPAQ7kNvwFKubK7%26_nc_oc%3DAdqgLgYy8kLE-cN9_FMaE8jqRLoDlwqkSyFD3fC39kNRhvAfZpy5A2OZYIyfI1tNz2mYL9VC8yoY6BhbLUNShLls%26_nc_zt%3D23%26_nc_ht%3Dscontent-fra5-2.xx%26edm%3DABHaK5EEAAAA%26_nc_gid%3D4jdSoTyHA_dtDrlx5gJbaQ%26_nc_tpa%3DQ5bMBQFtWMnyr-XQY5mZFetMJeHtXKpyL8wK_GsGTCT4swQtrcQrzvCQYImdrNU0fHDZkch976abGceq%26oh%3D00_Af5EfhV1p-NQZZU9uZhyZNswcGBE7JqBeKFJExz39L0qSg%26oe%3D6A04B815&amp;h=230&amp;q=90&amp;f=.jpg\" alt=\"Pyro Rhapsody 2015\" width=\"345\" height=\"230\" \/><\/a><p class=\"jig-HTMLdescription\">Pyro Rhapsody 2015<br\/>99 Photos<\/p><\/li><li><a href=\"https:\/\/bandasanfilep.com.mt\/index.php\/wp-json\/wp\/v2\/pages\/320facebook-album\/841246095959575\" title=\"59 Photos\"><img loading=\"lazy\" decoding=\"async\" src=\"https:\/\/bandasanfilep.com.mt\/wp-content\/plugins\/justified-image-grid\/timthumb.php?src=https%3A%2F%2Fscontent-fra5-1.xx.fbcdn.net%2Fv%2Ft39.30808-6%2F506686612_10043539215730171_1111492410756904062_n.jpg%3Fstp%3Ddst-jpg_s720x720_tt6%26_nc_cat%3D102%26ccb%3D1-7%26_nc_sid%3Dd9b88e%26_nc_ohc%3DbJ8XK6Aq7DMQ7kNvwFOCs_H%26_nc_oc%3DAdpBgnufFOseSRM5qUGEdoiPNkUYYGHKTaQ40lH1C0JB9D76hSkNLWAOmVBkR9ITzhL-JPHYRT_BsjyPZrvAb8wF%26_nc_zt%3D23%26_nc_ht%3Dscontent-fra5-1.xx%26edm%3DABHaK5EEAAAA%26_nc_gid%3D4jdSoTyHA_dtDrlx5gJbaQ%26_nc_tpa%3DQ5bMBQEVaVSWQeT4wTx--3RWgoqRTGTydHurz_2VmAEVc2HdJcZJ8R9Hf46_JuMHHSdPoP83EYKzDWVS%26oh%3D00_Af4hHwELdE1WShGWVa8grGaJZLpFzVB1TBRGSKq3Us2Gpg%26oe%3D6A04A141&amp;h=230&amp;q=90&amp;f=.jpg\" alt=\"Nar tal-art mekkanizzat mis-St Philip Fireworks Factory\" width=\"153\" height=\"230\" \/><\/a><p class=\"jig-HTMLdescription\">Nar tal-art mekkanizzat mis-St Philip Fireworks Factory<br\/>59 Photos<\/p><\/li><li><a href=\"https:\/\/bandasanfilep.com.mt\/index.php\/wp-json\/wp\/v2\/pages\/320facebook-album\/841171079300410\" title=\"22 Photos\"><img loading=\"lazy\" decoding=\"async\" src=\"https:\/\/bandasanfilep.com.mt\/wp-content\/plugins\/justified-image-grid\/timthumb.php?src=https%3A%2F%2Fscontent-fra5-2.xx.fbcdn.net%2Fv%2Ft39.30808-6%2F506979740_10043537312397028_2191848467474554235_n.jpg%3Fstp%3Ddst-jpg_s1080x2048_tt6%26_nc_cat%3D109%26ccb%3D1-7%26_nc_sid%3Dd9b88e%26_nc_ohc%3DXEGZQu7bM44Q7kNvwEbRM4S%26_nc_oc%3DAdpOXenXmjYEHaAfgL0ppk-mZfTVvGOFUQbw1KmnahgAHiPufVAAuFX3kYy3KuOjKgiGgoafckJzntZ-KU1Cqg_-%26_nc_zt%3D23%26_nc_ht%3Dscontent-fra5-2.xx%26edm%3DABHaK5EEAAAA%26_nc_gid%3D4jdSoTyHA_dtDrlx5gJbaQ%26_nc_tpa%3DQ5bMBQGsBbtVDRtA5LXR9XXKn3akwQ1Aal0IUGKNnqc1fMFoYp7JT_9IYGFo6fVP_kzInUyfWSQ38eis%26oh%3D00_Af7WvCJ7CEMcZCrT9BOvySIa80gVJ3prJQfOtEghkyiBdg%26oe%3D6A04B47C&amp;h=230&amp;q=90&amp;f=.jpg\" alt=\"Nar tal-Art tal-\u0126amis\" width=\"345\" height=\"230\" \/><\/a><p class=\"jig-HTMLdescription\">Nar tal-Art tal-\u0126amis<br\/>22 Photos<\/p><\/li><li><a href=\"https:\/\/bandasanfilep.com.mt\/index.php\/wp-json\/wp\/v2\/pages\/320facebook-album\/841168995967285\" title=\"55 Photos\"><img loading=\"lazy\" decoding=\"async\" src=\"https:\/\/bandasanfilep.com.mt\/wp-content\/plugins\/justified-image-grid\/timthumb.php?src=https%3A%2F%2Fscontent-fra3-2.xx.fbcdn.net%2Fv%2Ft39.30808-6%2F506859816_10043535462397213_8506881309948568070_n.jpg%3Fstp%3Ddst-jpg_s1080x2048_tt6%26_nc_cat%3D104%26ccb%3D1-7%26_nc_sid%3Dd9b88e%26_nc_ohc%3DHPXrygJ6-w8Q7kNvwFbgI_P%26_nc_oc%3DAdoyqu77v47T46E4sfqTQ1YQ-lJoiIYP6JR-FIvcvBcIt6MPti4a_yIsLC1iFxJ_q_lrK7YnFKmNCeN2BdpHgyLG%26_nc_zt%3D23%26_nc_ht%3Dscontent-fra3-2.xx%26edm%3DABHaK5EEAAAA%26_nc_gid%3D4jdSoTyHA_dtDrlx5gJbaQ%26_nc_tpa%3DQ5bMBQHOVSkjz7hqyv7erIWPVcG1mKXawZi_AdmHny6yc4LUcv7Tf2kfVTITR0LBjAvlGKcfnI5knEIQ%26oh%3D00_Af5SYbOWHE_SBOZvJn1zizPrXb2IXwJukdo7Tbs94ek5bw%26oe%3D6A04A5F4&amp;h=230&amp;q=90&amp;f=.jpg\" alt=\"Mar\u010b tal-\u0126amis - Festa 2015\" width=\"345\" height=\"230\" \/><\/a><p class=\"jig-HTMLdescription\">Mar\u010b tal-\u0126amis - Festa 2015<br\/>55 Photos<\/p><\/li><li><a href=\"https:\/\/bandasanfilep.com.mt\/index.php\/wp-json\/wp\/v2\/pages\/320facebook-album\/841167942634057\" title=\"29 Photos\"><img loading=\"lazy\" decoding=\"async\" src=\"https:\/\/bandasanfilep.com.mt\/wp-content\/plugins\/justified-image-grid\/timthumb.php?src=https%3A%2F%2Fscontent-fra5-1.xx.fbcdn.net%2Fv%2Ft39.30808-6%2F507173959_10043895119027914_808045840474583877_n.jpg%3Fstp%3Ddst-jpg_s1080x2048_tt6%26_nc_cat%3D110%26ccb%3D1-7%26_nc_sid%3Dd9b88e%26_nc_ohc%3DUkq7VVIPDmUQ7kNvwEEqF2Z%26_nc_oc%3DAdp39IOy_vknYB2WkHf1n0_INlW5WCS3pjnuvJKIbGjtLZbQyJf8LQUvRIvfDL5v7pZuVucsytRdOCIgviiJ53mt%26_nc_zt%3D23%26_nc_ht%3Dscontent-fra5-1.xx%26edm%3DABHaK5EEAAAA%26_nc_gid%3D4jdSoTyHA_dtDrlx5gJbaQ%26_nc_tpa%3DQ5bMBQFGuf9GdKLE2A8iatRekAsVQq9-4hH08PQrQytEJxiEqvLi8OElDv-J2jhu2_BjOdyE6SBq6Ow0%26oh%3D00_Af5RJKIqRMe6nQfjB3kSpyaKkB28rBh3O3zCJ03S5b17ww%26oe%3D6A04A8DE&amp;h=230&amp;q=90&amp;f=.jpg\" alt=\"Nar tal-Ajru Ma\u0127dum mis-St Philip Fireworks Factory\" width=\"345\" height=\"230\" \/><\/a><p class=\"jig-HTMLdescription\">Nar tal-Ajru Ma\u0127dum mis-St Philip Fireworks Factory<br\/>29 Photos<\/p><\/li><li><a href=\"https:\/\/bandasanfilep.com.mt\/index.php\/wp-json\/wp\/v2\/pages\/320facebook-album\/841167322634119\" title=\"122 Photos\"><img loading=\"lazy\" decoding=\"async\" src=\"https:\/\/bandasanfilep.com.mt\/wp-content\/plugins\/justified-image-grid\/timthumb.php?src=https%3A%2F%2Fscontent-fra5-2.xx.fbcdn.net%2Fv%2Ft39.30808-6%2F507172613_10043894799027946_4657625866339583110_n.jpg%3Fstp%3Ddst-jpg_s1080x2048_tt6%26_nc_cat%3D106%26ccb%3D1-7%26_nc_sid%3Dd9b88e%26_nc_ohc%3DAKdCCtexhogQ7kNvwEJJ_RL%26_nc_oc%3DAdq4bT_EoK5QajIh1HNwS36gNsrEVjTDJFe-LqgWqR4TFZDH-ChYWEkzBjm0oNVb3-socBB5IeFPE9U9CJm4PBmg%26_nc_zt%3D23%26_nc_ht%3Dscontent-fra5-2.xx%26edm%3DABHaK5EEAAAA%26_nc_gid%3D4jdSoTyHA_dtDrlx5gJbaQ%26_nc_tpa%3DQ5bMBQG2rmoG0hbX4VasnKYpmptKRfQGGEs0-kus9WTc9ipmry9r6E6lHcu3c2j4i2cMD6Qe939Z0YHG%26oh%3D00_Af71upblvEifMK7vDHDVReRNhtfLCxsu9e__kcd982XH0w%26oe%3D6A04BC69&amp;h=230&amp;q=90&amp;f=.jpg\" alt=\"Mar\u010b tradizzjonali tal-\u0126add Filg\u0127odu\" width=\"345\" height=\"230\" \/><\/a><p class=\"jig-HTMLdescription\">Mar\u010b tradizzjonali tal-\u0126add Filg\u0127odu<br\/>122 Photos<\/p><\/li><li><a href=\"https:\/\/bandasanfilep.com.mt\/index.php\/wp-json\/wp\/v2\/pages\/320facebook-album\/840423762708475\" title=\"89 Photos\"><img loading=\"lazy\" decoding=\"async\" src=\"https:\/\/bandasanfilep.com.mt\/wp-content\/plugins\/justified-image-grid\/timthumb.php?src=https%3A%2F%2Fscontent-fra3-2.xx.fbcdn.net%2Fv%2Ft39.30808-6%2F507182597_10043512605732832_3851211228920056831_n.jpg%3Fstp%3Ddst-jpg_s1080x2048_tt6%26_nc_cat%3D104%26ccb%3D1-7%26_nc_sid%3Dd9b88e%26_nc_ohc%3DPx3hjwX9nyMQ7kNvwEO2IIF%26_nc_oc%3DAdrLNHprRd9-EE1G3KFRGsGjSSs2NiZNww-pL3-NyzhlWXRujM6egVBAJS7GV0KIW77c6Vm6uVsSO11Sm0mZeV2D%26_nc_zt%3D23%26_nc_ht%3Dscontent-fra3-2.xx%26edm%3DABHaK5EEAAAA%26_nc_gid%3D4jdSoTyHA_dtDrlx5gJbaQ%26_nc_tpa%3DQ5bMBQHwI6uCE9l6GCtD_dIOcWc2ACTjUTNde1bKNLDcWVbqe4_YdINlhhxNBQhLwBRgJeCap5HlCgR0%26oh%3D00_Af4wJygjMP_LjnnY_ltwvHFj0_p5aDF3Jk2dCrXw74S3Hw%26oe%3D6A04CC06&amp;h=230&amp;q=90&amp;f=.jpg\" alt=\"Mar\u010b tat-Tlieta\" width=\"345\" height=\"230\" \/><\/a><p class=\"jig-HTMLdescription\">Mar\u010b tat-Tlieta<br\/>89 Photos<\/p><\/li><li><a href=\"https:\/\/bandasanfilep.com.mt\/index.php\/wp-json\/wp\/v2\/pages\/320facebook-album\/839798979437620\" title=\"19 Photos\"><img loading=\"lazy\" decoding=\"async\" src=\"https:\/\/bandasanfilep.com.mt\/wp-content\/plugins\/justified-image-grid\/timthumb.php?src=https%3A%2F%2Fscontent-fra3-2.xx.fbcdn.net%2Fv%2Ft39.30808-6%2F506629916_10043063589111067_3374343229731718791_n.jpg%3Fstp%3Ddst-jpg_s1080x2048_tt6%26_nc_cat%3D111%26ccb%3D1-7%26_nc_sid%3Dd9b88e%26_nc_ohc%3DM8VH4aas5JEQ7kNvwENLne3%26_nc_oc%3DAdobUbIWXJHvAfLYZ7y2d6ZhOM_MiFxplBO0mW9svz0CIkpc5PldrghhLBYtJbAHVoazbwStCfAODOgtZ8uPd1Bv%26_nc_zt%3D23%26_nc_ht%3Dscontent-fra3-2.xx%26edm%3DABHaK5EEAAAA%26_nc_gid%3D4jdSoTyHA_dtDrlx5gJbaQ%26_nc_tpa%3DQ5bMBQFCT47sgAXAvMxzfiKmhAOa-7uqqBksyk5kNSemWANRDp6y-IvpovEhS_hpPkcdS6U6Jv4S1TCN%26oh%3D00_Af73lC7SqscIqKsCXQgBYrFTedE9eC9Oqi9DdaEtmSd0pw%26oe%3D6A04AC7E&amp;h=230&amp;q=90&amp;f=.jpg\" alt=\"Party g\u0127al-VIP\" width=\"345\" height=\"230\" \/><\/a><p class=\"jig-HTMLdescription\">Party g\u0127al-VIP<br\/>19 Photos<\/p><\/li><li><a href=\"https:\/\/bandasanfilep.com.mt\/index.php\/wp-json\/wp\/v2\/pages\/320facebook-album\/839782872772564\" title=\"58 Photos\"><img loading=\"lazy\" decoding=\"async\" src=\"https:\/\/bandasanfilep.com.mt\/wp-content\/plugins\/justified-image-grid\/timthumb.php?src=https%3A%2F%2Fscontent-fra3-2.xx.fbcdn.net%2Fv%2Ft39.30808-6%2F506627349_10043061382444621_925607055653352103_n.jpg%3Fstp%3Ddst-jpg_s1080x2048_tt6%26_nc_cat%3D111%26ccb%3D1-7%26_nc_sid%3Dd9b88e%26_nc_ohc%3DCuws-cpmKIoQ7kNvwE5GrcF%26_nc_oc%3DAdo3zCTIHtnWaqK-kptQksOWJbeYTyS_o6vsMK-alS1eVQdrlQ5VsXX_t2k1-PKm2DkTfYab1oOoJBHCHujlVG4Y%26_nc_zt%3D23%26_nc_ht%3Dscontent-fra3-2.xx%26edm%3DABHaK5EEAAAA%26_nc_gid%3D4jdSoTyHA_dtDrlx5gJbaQ%26_nc_tpa%3DQ5bMBQFVFQvPfJALkZH_vYit4l2mVpo3E3MN04bIJpd0TvaeNwBrFMSFa1ExZCUV_gBHmiP80H2Ll628%26oh%3D00_Af4HRQTQ_Ob0E9tZcVO52kizvgngt0OUwiPYC3C14G5RMw%26oe%3D6A04C9D5&amp;h=230&amp;q=90&amp;f=.jpg\" alt=\"Sanfi \u2013 Mar\u010bi Brijju\u017ci u Popolari\" width=\"345\" height=\"230\" \/><\/a><p class=\"jig-HTMLdescription\">Sanfi \u2013 Mar\u010bi Brijju\u017ci u Popolari<br\/>58 Photos<\/p><\/li><li><a href=\"https:\/\/bandasanfilep.com.mt\/index.php\/wp-json\/wp\/v2\/pages\/320facebook-album\/839781116106073\" title=\"13 Photos\"><img loading=\"lazy\" decoding=\"async\" src=\"https:\/\/bandasanfilep.com.mt\/wp-content\/plugins\/justified-image-grid\/timthumb.php?src=https%3A%2F%2Fscontent-fra3-1.xx.fbcdn.net%2Fv%2Ft39.30808-6%2F506605210_10043061659111260_7699110211775547762_n.jpg%3Fstp%3Ddst-jpg_s1080x2048_tt6%26_nc_cat%3D108%26ccb%3D1-7%26_nc_sid%3Dd9b88e%26_nc_ohc%3DhSA5c7Bwmq0Q7kNvwGP3OsO%26_nc_oc%3DAdr-_06gsBC2gkqlyQuvhCdLk-71arGXoO5X5LZXqGPS7lN0q-Joq6XIV6-Lidz7nXfT4IRIpZJbKoa3iXNGQIrk%26_nc_zt%3D23%26_nc_ht%3Dscontent-fra3-1.xx%26edm%3DABHaK5EEAAAA%26_nc_gid%3D4jdSoTyHA_dtDrlx5gJbaQ%26_nc_tpa%3DQ5bMBQFK2VfBfSz1har1HnloA-dvaQF3mX6UsWhbdVJAmOOQYQ1A2s1kI6QXGOADeiPThVNNaaXcHGCV%26oh%3D00_Af4N_v2LEvTQbu8L0sAtIZJcINT9J9j2D7tDWlvikEF25w%26oe%3D6A049E35&amp;h=230&amp;q=90&amp;f=.jpg\" alt=\"\u0126ru\u0121 Solenni tal-istatwa tal-Patrun San Filep\" width=\"345\" height=\"230\" \/><\/a><p class=\"jig-HTMLdescription\">\u0126ru\u0121 Solenni tal-istatwa tal-Patrun San Filep<br\/>13 Photos<\/p><\/li><li><a href=\"https:\/\/bandasanfilep.com.mt\/index.php\/wp-json\/wp\/v2\/pages\/320facebook-album\/838144846269700\" title=\"21 Photos\"><img loading=\"lazy\" decoding=\"async\" src=\"https:\/\/bandasanfilep.com.mt\/wp-content\/plugins\/justified-image-grid\/timthumb.php?src=https%3A%2F%2Fscontent-fra3-1.xx.fbcdn.net%2Fv%2Ft39.30808-6%2F505723708_10042492602501499_3374173729013324219_n.jpg%3Fstp%3Ddst-jpg_s720x720_tt6%26_nc_cat%3D101%26ccb%3D1-7%26_nc_sid%3Dd9b88e%26_nc_ohc%3DGkKjLb4S9CUQ7kNvwG32qBL%26_nc_oc%3DAdoeKegayPDKOW9A-oWQNJs8ltJo3KSgIRWt8XMLBdUw8L09BvzKDd0gm_d6RGG8wJQkcYx_oedw_q6jDCLkaPZ8%26_nc_zt%3D23%26_nc_ht%3Dscontent-fra3-1.xx%26edm%3DABHaK5EEAAAA%26_nc_gid%3D4jdSoTyHA_dtDrlx5gJbaQ%26_nc_tpa%3DQ5bMBQFrRnw4xiH5bmYPT1zf1mGAnoBKzjQ2OdXPm8OwxNpxAxIsWgPbwSNY3ixKpnmwVOrmrrVGqZ2y%26oh%3D00_Af7R3tKAjx7RIg8symOXJMEsyHW6zsq9YxTt9SjRfs1Cpw%26oe%3D6A04B626&amp;h=230&amp;q=90&amp;f=.jpg\" alt=\"BBQ g\u0127al-okka\u017cjoni tal-festa ta&#039; San Filep\" width=\"153\" height=\"230\" \/><\/a><p class=\"jig-HTMLdescription\">BBQ g\u0127al-okka\u017cjoni tal-festa ta' San Filep<br\/>21 Photos<\/p><\/li><li><a href=\"https:\/\/bandasanfilep.com.mt\/index.php\/wp-json\/wp\/v2\/pages\/320facebook-album\/837090753041776\" title=\"19 Photos\"><img loading=\"lazy\" decoding=\"async\" src=\"https:\/\/bandasanfilep.com.mt\/wp-content\/plugins\/justified-image-grid\/timthumb.php?src=https%3A%2F%2Fscontent-fra5-2.xx.fbcdn.net%2Fv%2Ft39.30808-6%2F505849745_10042456999171726_2579776798001525050_n.jpg%3Fstp%3Ddst-jpg_s1080x2048_tt6%26_nc_cat%3D109%26ccb%3D1-7%26_nc_sid%3Dd9b88e%26_nc_ohc%3D4u0Nqklt2v4Q7kNvwFg2pTB%26_nc_oc%3DAdqjqxsXqcrxN8e2sbvxQqUR01oi-LgSwlJBI3hDybj19LeHgscr1je_Xolljlv3CK7eGqMbaepC8BTaczDNuvRj%26_nc_zt%3D23%26_nc_ht%3Dscontent-fra5-2.xx%26edm%3DABHaK5EEAAAA%26_nc_gid%3D4jdSoTyHA_dtDrlx5gJbaQ%26_nc_tpa%3DQ5bMBQGATHtL2qvkeZs_gN4QYzP44RVs-U3bUdfgqh6DHQJvafJKo1PL6mPopHyKobTLBU6e6eRQE0Qx%26oh%3D00_Af7n2Bn3TQv6iJAiz4z_M3M-FSpoWV4X5DrQ5Vu0rIEMGQ%26oe%3D6A04BB2F&amp;h=230&amp;q=90&amp;f=.jpg\" alt=\"Pur\u010bissjoni bl-istatwa ta\u2019 San Filep i\u017c-\u017cg\u0127ir\" width=\"345\" height=\"230\" \/><\/a><p class=\"jig-HTMLdescription\">Pur\u010bissjoni bl-istatwa ta\u2019 San Filep i\u017c-\u017cg\u0127ir<br\/>19 Photos<\/p><\/li><li><a href=\"https:\/\/bandasanfilep.com.mt\/index.php\/wp-json\/wp\/v2\/pages\/320facebook-album\/828486200568898\" title=\"92 Photos\"><img loading=\"lazy\" decoding=\"async\" src=\"https:\/\/bandasanfilep.com.mt\/wp-content\/plugins\/justified-image-grid\/timthumb.php?src=https%3A%2F%2Fscontent-fra3-1.xx.fbcdn.net%2Fv%2Ft39.30808-6%2F506621659_10040103899407036_925563681588813858_n.jpg%3Fstp%3Ddst-jpg_p480x480_tt6%26_nc_cat%3D105%26ccb%3D1-7%26_nc_sid%3Dd9b88e%26_nc_ohc%3DsL3HbjjHwokQ7kNvwHolRKB%26_nc_oc%3DAdqYPy0YU9RubkycLlssKDk5MZ-dY8vE_KvnFrtwmE5WBdH3Po0Amo8r4_wx2SHGpnfOhmygITzDQaCVlDoQY_lC%26_nc_zt%3D23%26_nc_ht%3Dscontent-fra3-1.xx%26edm%3DABHaK5EEAAAA%26_nc_gid%3D4jdSoTyHA_dtDrlx5gJbaQ%26_nc_tpa%3DQ5bMBQES_h82vDLnDFxra4ZW47hECpiK5PtnR6V1TDzpL8ZF6HrF-YXEI7C6LsvQZv0l9b7N77mySZjb%26oh%3D00_Af4vmKAzp3_mAWNwvc29tZzLF_aY6v_Ba-m7oZO2vNeixA%26oe%3D6A04B169&amp;h=230&amp;q=90&amp;f=.jpg\" alt=\"Kun\u010bert ta&#039; Jum l-Omm 2015\" width=\"152\" height=\"230\" \/><\/a><p class=\"jig-HTMLdescription\">Kun\u010bert ta' Jum l-Omm 2015<br\/>92 Photos<\/p><\/li><li><a href=\"https:\/\/bandasanfilep.com.mt\/index.php\/wp-json\/wp\/v2\/pages\/320facebook-album\/826059240811594\" title=\"17 Photos\"><img loading=\"lazy\" decoding=\"async\" src=\"https:\/\/bandasanfilep.com.mt\/wp-content\/plugins\/justified-image-grid\/timthumb.php?src=https%3A%2F%2Fscontent-fra5-1.xx.fbcdn.net%2Fv%2Ft39.30808-6%2F506774208_10039289326155160_7717078508918574926_n.jpg%3Fstp%3Ddst-jpg_s1080x2048_tt6%26_nc_cat%3D110%26ccb%3D1-7%26_nc_sid%3Dd9b88e%26_nc_ohc%3DLXUf-SkKWqkQ7kNvwHV66Tg%26_nc_oc%3DAdrNBo0g60PNoh3m5l3BCw2Z9zKVvI82gx7xhL1xwipVpxV1WwOVcH7GVygOJe4EzB3CAekEBb8WLCZTBua7eUiY%26_nc_zt%3D23%26_nc_ht%3Dscontent-fra5-1.xx%26edm%3DABHaK5EEAAAA%26_nc_gid%3D4jdSoTyHA_dtDrlx5gJbaQ%26_nc_tpa%3DQ5bMBQFZ5hUsZ-pJMM1kPDY1IrZnTBs9jxXgvmYY8uoacgNfXC0leKyY-Rzkt9hBckciU10aA6ctytD1%26oh%3D00_Af6380_NN896A9Hq6XFukXjzVzWapv7_B5FQvYcPM4cXzQ%26oe%3D6A04CB20&amp;h=230&amp;q=90&amp;f=.jpg\" alt=\"\u0126idma mid-Dilettanti tan-Nar\" width=\"345\" height=\"230\" \/><\/a><p class=\"jig-HTMLdescription\">\u0126idma mid-Dilettanti tan-Nar<br\/>17 Photos<\/p><\/li><li><a href=\"https:\/\/bandasanfilep.com.mt\/index.php\/wp-json\/wp\/v2\/pages\/320facebook-album\/825943154156536\" title=\"81 Photos\"><img loading=\"lazy\" decoding=\"async\" src=\"https:\/\/bandasanfilep.com.mt\/wp-content\/plugins\/justified-image-grid\/timthumb.php?src=https%3A%2F%2Fscontent-fra3-1.xx.fbcdn.net%2Fv%2Ft39.30808-6%2F506349145_10039280362822723_7719807095245903416_n.jpg%3Fstp%3Ddst-jpg_s1080x2048_tt6%26_nc_cat%3D108%26ccb%3D1-7%26_nc_sid%3Dd9b88e%26_nc_ohc%3DgeFz22ZlN8wQ7kNvwGCGoEn%26_nc_oc%3DAdrF5t8WyLdjP6sQ5cRS6TVmJFloVMY8KVr_VOL1Dnx28Bq3u00B0F8Y9a-h8qtSy0gZk2F7BrW4CRQ_Ysynz82j%26_nc_zt%3D23%26_nc_ht%3Dscontent-fra3-1.xx%26edm%3DABHaK5EEAAAA%26_nc_gid%3D4jdSoTyHA_dtDrlx5gJbaQ%26_nc_tpa%3DQ5bMBQFZdpKDa8kwmEHkuj0aJDg1xE-mEqJ9dwHy6Fefj-J8XkpIE0AzG0El9xx744gZ5Di7kalkygDM%26oh%3D00_Af55KHs7Uw6MDnwcARxBbsg8cy7TAUVCiWOgaCH5VpbKxg%26oe%3D6A04D382&amp;h=230&amp;q=90&amp;f=.jpg\" alt=\"Mar\u010b tat-12 ta\u2019 Mejju\" width=\"345\" height=\"230\" \/><\/a><p class=\"jig-HTMLdescription\">Mar\u010b tat-12 ta\u2019 Mejju<br\/>81 Photos<\/p><\/li><li><a href=\"https:\/\/bandasanfilep.com.mt\/index.php\/wp-json\/wp\/v2\/pages\/320facebook-album\/806266116124240\" title=\"27 Photos\"><img loading=\"lazy\" decoding=\"async\" src=\"https:\/\/bandasanfilep.com.mt\/wp-content\/plugins\/justified-image-grid\/timthumb.php?src=https%3A%2F%2Fscontent-fra3-1.xx.fbcdn.net%2Fv%2Ft39.30808-6%2F505741153_10036846529732773_4076918157952257868_n.jpg%3Fstp%3Ddst-jpg_s1080x2048_tt6%26_nc_cat%3D101%26ccb%3D1-7%26_nc_sid%3Dd9b88e%26_nc_ohc%3DhYM4nDugQSEQ7kNvwEPhtGj%26_nc_oc%3DAdp9SokSUxdEjuFtb9BChCUbZ52RrDzBqVRveILU3yBcBvm2ORF4FpctUUvAy-S4HVd72JMsq3i4G1b8bPhjVpNr%26_nc_zt%3D23%26_nc_ht%3Dscontent-fra3-1.xx%26edm%3DABHaK5EEAAAA%26_nc_gid%3D4jdSoTyHA_dtDrlx5gJbaQ%26_nc_tpa%3DQ5bMBQEoW8irWAN1hU_pm9WFmV514UZld4BLOpFJEt89COEBfoCzI5LuyRMZuiz3AzcuSvQUGgYXWwKM%26oh%3D00_Af5adCM2o_zQLml-PbquXdscRPtX9kucOxdhVCjxKrfmew%26oe%3D6A049D23&amp;h=230&amp;q=90&amp;f=.jpg\" alt=\"Gimgha Kbira 2015\" width=\"345\" height=\"230\" \/><\/a><p class=\"jig-HTMLdescription\">Gimgha Kbira 2015<br\/>27 Photos<\/p><\/li><li><a href=\"https:\/\/bandasanfilep.com.mt\/index.php\/wp-json\/wp\/v2\/pages\/320facebook-album\/800569090027276\" title=\"14 Photos\"><img loading=\"lazy\" decoding=\"async\" src=\"https:\/\/bandasanfilep.com.mt\/wp-content\/plugins\/justified-image-grid\/timthumb.php?src=https%3A%2F%2Fscontent-fra5-2.xx.fbcdn.net%2Fv%2Ft39.30808-6%2F506478274_10035816453169114_5273147235269125281_n.jpg%3Fstp%3Ddst-jpg_s1080x2048_tt6%26_nc_cat%3D106%26ccb%3D1-7%26_nc_sid%3Dd9b88e%26_nc_ohc%3DL92u0cd20iMQ7kNvwGuWqFd%26_nc_oc%3DAdou4g2c0SSfPlR_Z3_KRK8xNdBXKhpJDhwcVfdNiZvm8F4A3fJzlwKptTIqqQ8mif-yIOtEO1VZub0sEa4hQUwF%26_nc_zt%3D23%26_nc_ht%3Dscontent-fra5-2.xx%26edm%3DABHaK5EEAAAA%26_nc_gid%3D4jdSoTyHA_dtDrlx5gJbaQ%26_nc_tpa%3DQ5bMBQFFinntWg2La6u5z_VX5pYAfNdj6eGo7usXH2gWbfEBn6dRxGpsK36Wy3EjiNL0tYYgGtQSezA9%26oh%3D00_Af7Xq5S7gtq-Ph6GuOuRSmWVYZckMB3ic0AghyXOUqYB-w%26oe%3D6A04C4F7&amp;h=230&amp;q=90&amp;f=.jpg\" alt=\"Ftu\u0127 uffi\u010bjali tal-wirjiet tal-\u0120img\u0127a Mqaddsa fis-sede tal-g\u0127aqda\" width=\"345\" height=\"230\" \/><\/a><p class=\"jig-HTMLdescription\">Ftu\u0127 uffi\u010bjali tal-wirjiet tal-\u0120img\u0127a Mqaddsa fis-sede tal-g\u0127aqda<br\/>14 Photos<\/p><\/li><li><a href=\"https:\/\/bandasanfilep.com.mt\/index.php\/wp-json\/wp\/v2\/pages\/320facebook-album\/798723650211820\" title=\"4 Photos\"><img loading=\"lazy\" decoding=\"async\" src=\"https:\/\/bandasanfilep.com.mt\/wp-content\/plugins\/justified-image-grid\/timthumb.php?src=https%3A%2F%2Fscontent-fra3-1.xx.fbcdn.net%2Fv%2Ft39.30808-6%2F506868880_10035754996508593_7022341940219425629_n.jpg%3Fstp%3Ddst-jpg_s1080x2048_tt6%26_nc_cat%3D105%26ccb%3D1-7%26_nc_sid%3Dd9b88e%26_nc_ohc%3DWx_FzFZPrxoQ7kNvwEfnMxT%26_nc_oc%3DAdqfQjT6en8HEvEDXLhLnSzSaMGdT7tv8ptMtnCbglJr70eUswIxha_JVVp2ln-gmLmZCb0L43YZVtqxgF08uL9Z%26_nc_zt%3D23%26_nc_ht%3Dscontent-fra3-1.xx%26edm%3DABHaK5EEAAAA%26_nc_gid%3D4jdSoTyHA_dtDrlx5gJbaQ%26_nc_tpa%3DQ5bMBQGiU63ymOlJXvPgkHHC87ZUyPZUfMCj13JUmeqMirQR-bOyoZun7enpzlYjz6X9WBsyNVLHIfcK%26oh%3D00_Af7WlSYoLyLtVIk_9ProSajTxGCbiZTNwvSWj9lU2hcWHQ%26oe%3D6A04B78B&amp;h=230&amp;q=90&amp;f=.jpg\" alt=\"Festival tan-Nar, Si\u0121\u0121iewi\" width=\"345\" height=\"230\" \/><\/a><p class=\"jig-HTMLdescription\">Festival tan-Nar, Si\u0121\u0121iewi<br\/>4 Photos<\/p><\/li><li><a href=\"https:\/\/bandasanfilep.com.mt\/index.php\/wp-json\/wp\/v2\/pages\/320facebook-album\/780984551985730\" title=\"11 Photos\"><img loading=\"lazy\" decoding=\"async\" src=\"https:\/\/bandasanfilep.com.mt\/wp-content\/plugins\/justified-image-grid\/timthumb.php?src=https%3A%2F%2Fscontent-fra3-1.xx.fbcdn.net%2Fv%2Ft39.30808-6%2F505740051_10031718066912286_5404011259617597666_n.jpg%3Fstp%3Ddst-jpg_s1080x2048_tt6%26_nc_cat%3D105%26ccb%3D1-7%26_nc_sid%3Dd9b88e%26_nc_ohc%3D8wSdPyhjdV4Q7kNvwFDlMOw%26_nc_oc%3DAdoanmWsOKtE0qHFehcdaW5xYfbxrQCX7TR1oGguFjkYRZvlqtni49fhko-fYSxrZ8Ggn4dD4HjFhUpdjWDChC_k%26_nc_zt%3D23%26_nc_ht%3Dscontent-fra3-1.xx%26edm%3DABHaK5EEAAAA%26_nc_gid%3D4jdSoTyHA_dtDrlx5gJbaQ%26_nc_tpa%3DQ5bMBQHOfPfLWb58PYoJNDtqhIg1l6PjeLVoSUcsU6y9sLDkXCEOfNHXq3KrtSc-TAuGMRzrQTmKsY9Q%26oh%3D00_Af77G58o432SOz66-2k4oKPPghLTUdnNBG697EaXa8nV6Q%26oe%3D6A04B1B5&amp;h=230&amp;q=90&amp;f=.jpg\" alt=\"Party tal-Karnival g\u0127at-tfal\" width=\"345\" height=\"230\" \/><\/a><p class=\"jig-HTMLdescription\">Party tal-Karnival g\u0127at-tfal<br\/>11 Photos<\/p><\/li><\/ul><\/noscript><\/div>\n","protected":false},"excerpt":{"rendered":"","protected":false},"author":1,"featured_media":0,"parent":38,"menu_order":0,"comment_status":"closed","ping_status":"closed","template":"page-templates\/page-sidebar-none.php","meta":{"footnotes":""},"class_list":["post-320","page","type-page","status-publish","hentry"],"_links":{"self":[{"href":"https:\/\/bandasanfilep.com.mt\/index.php\/wp-json\/wp\/v2\/pages\/320","targetHints":{"allow":["GET"]}}],"collection":[{"href":"https:\/\/bandasanfilep.com.mt\/index.php\/wp-json\/wp\/v2\/pages"}],"about":[{"href":"https:\/\/bandasanfilep.com.mt\/index.php\/wp-json\/wp\/v2\/types\/page"}],"author":[{"embeddable":true,"href":"https:\/\/bandasanfilep.com.mt\/index.php\/wp-json\/wp\/v2\/users\/1"}],"replies":[{"embeddable":true,"href":"https:\/\/bandasanfilep.com.mt\/index.php\/wp-json\/wp\/v2\/comments?post=320"}],"version-history":[{"count":1,"href":"https:\/\/bandasanfilep.com.mt\/index.php\/wp-json\/wp\/v2\/pages\/320\/revisions"}],"predecessor-version":[{"id":5975,"href":"https:\/\/bandasanfilep.com.mt\/index.php\/wp-json\/wp\/v2\/pages\/320\/revisions\/5975"}],"up":[{"embeddable":true,"href":"https:\/\/bandasanfilep.com.mt\/index.php\/wp-json\/wp\/v2\/pages\/38"}],"wp:attachment":[{"href":"https:\/\/bandasanfilep.com.mt\/index.php\/wp-json\/wp\/v2\/media?parent=320"}],"curies":[{"name":"wp","href":"https:\/\/api.w.org\/{rel}","templated":true}]}}