{"id":5832,"date":"2022-06-03T13:56:38","date_gmt":"2022-06-03T12:56:38","guid":{"rendered":"https:\/\/www.bandasanfilep.com.mt\/?page_id=5832"},"modified":"2025-07-14T16:20:36","modified_gmt":"2025-07-14T16:20:36","slug":"mro-richard-bugeja-1968","status":"publish","type":"page","link":"https:\/\/bandasanfilep.com.mt\/index.php\/mro-richard-bugeja-1968\/","title":{"rendered":"Mro Richard Bugeja &#8211; (1968\u2013 )"},"content":{"rendered":"<p><!--pixgridder:row[cols=1]--><!--pixgridder:column[col=1]--><\/p>\n<figure id=\"attachment_680\" aria-describedby=\"caption-attachment-680\" style=\"width: 190px\" class=\"wp-caption alignleft\"><img loading=\"lazy\" decoding=\"async\" class=\"wp-image-583 size-medium\" src=\"https:\/\/www.bandasanfilep.com.mt\/wp-content\/uploads\/2022\/06\/Mro-Richard-Bugeja-scaled.jpg\" alt=\"\" width=\"190\" height=\"300\"><figcaption id=\"caption-attachment-680\" class=\"wp-caption-text\">Mro Richard Bugeja (1968 &#8211; )<\/figcaption><\/figure>\n<p style=\"text-align: justify;\">Is-Surmast Direttur Mro Richard Bugeja twieled fis-sittax ta\u2019 April 1968 u joqg\u0127od<br \/>\n\u0126ad-Dingli. Huwa \u0127are\u0121 idoqq g\u0127all-ewwel darba bil-klarinett mal-Banda L\u2019Isle Adam fil-festa ta\u2019 San \u0120u\u017cepp tar-Rabat f\u2019Marzu tal-1981.<\/p>\n<p style=\"text-align: justify;\">Huwa studja s-solve\u0121\u0121 ma\u2019 \u0120uzeppi Falzon (il-Pajs), beda jistudja l-klarinett ma\u2019 Joseph Falzon imbag\u0127ad kompla ma\u2019 \u0120uzeppi Debono (Il-Mannar) u Mro Twanny Galea li lkoll kienu jdoqqu l-army. Imbag\u0127ad kompla g\u0127and Mro Orazio Cachia.<\/p>\n<p style=\"text-align: justify;\">Fl-1992 Richard kiseb diploma importanti fil-qasam bankarju u sar Associate of the Chartered Institute of Bankers ACIB. Fl-istess sena huwa beda l-istudju tieg\u0127u fit-teorija tal-Mu\u017cika g\u0127and Mro Ray Fenech FLCM. Ta\u0127t id-direzzjoni tieg\u0127u huwa g\u0127adda b\u2019su\u010b\u010bess mill-gradi kollha tar-Royal Schools of Music u f\u2019Di\u010bembru tal-1994 huwa sar ukoll Associate of the London College of Music. Kien fis-sajf tal-2003 li kiseb ukoll il-Licentiateship tal-istess kulle\u0121\u0121. Fl-2004 huwa kiseb il-Fellowship tal-London College of Music bis-Suite Malta Matul i\u017c-\u017bminijiet. Din indaqqet g\u0127all-ewwel darba fil-programm ta\u2019 Santa \u010ae\u010bilja fit-Teatru Manoel fl-2004.<\/p>\n<p style=\"text-align: justify;\">Fl- 2005 gie mog\u0127ti \u0120ie\u0127 \u0126ad-Dingli.<\/p>\n<p style=\"text-align: justify;\">Fl-2006 huwa kiseb il-Fellowship tal-Victoria College of Music flimkien mad-Diploma of Gold Medalist bil-Cantata Marija, Mbierka fost in-Nisa. Din ndaqqet g\u0127all-ewwel darba fil-knisja parrokkjali ta\u2019 \u0126ad Dingli fit-30 ta\u2019 April 2010.<\/p>\n<p style=\"text-align: justify;\">Pre\u017centament huwa Surmast ta\u2019 tliet baned.<\/p>\n<p style=\"text-align: justify;\">Mro Richard Bugeja ilu Surmast Direttur tal-Banda San Filep ta\u2019 \u0126a\u017c-\u017bebbu\u0121 mill-2002. Fl-2016 huwa n\u0127atar Surmast tal-Banda San Pawl ta\u2019 San Pawl il-Ba\u0127ar, filwaqt li fl-2020 n\u0127atar Surmast Direttur tas-So\u010bjet\u00e0 Mu\u017cikali La Stella Levantina, Banda Santa Marija ta\u2019 \u0126\u2019Attard. G\u0127al 21 sena s\u0127a\u0127 kien Surmast tal-Banda Santa Marija ta\u2019 \u0126ad-Dingli. Kien Assistent Surmast tal-Baned L\u2019Isle Adam tar-Rabat u St Elena ta\u2019 B\u2019Kara.<\/p>\n<p style=\"text-align: justify;\">Matul dan i\u017c-\u017cmien g\u0127allem fil-ka\u017cini msemmija, sew l-istrumenti tal-qasba, dawk tar-ramm kif ukoll perkussjoni. Huwa kkompona wkoll madwar 100 kompo\u017cizzjoni li jvarjaw minn Oratorji, Cantata, Suites, Concert Pieces, Muzika Sagra, innijiet, valzi, diversi mar\u010bi brijuzi kif ukoll funebri. Dan barra bosta arran\u0121amenti mu\u017cikali o\u0127ra.<\/p>\n<p style=\"text-align: justify;\">Fosthom insibu l-Oratorju San Filep Seb\u0127 A\u0121\u0121ira li ndaqq g\u0127all-ewwel darba f\u2019\u0126al Farrug Montekristo Estates fil-5 ta\u2019 Novembru 2011 f\u2019g\u0127eluq il-160 Sena Anniversarju tal-Banda San Filep.<\/p>\n<p style=\"text-align: justify;\">Kiteb ukoll l-Oratorju \u2018Il-\u0126olma ta\u017c-\u017bebbu\u0121in\u2019 bi kliem tal-Im\u0127allef Emeritus Dr Philip Sciberras. Dan ix-xog\u0127ol indaqq g\u0127all-ewwel darba \u0121ewwa t-teatru tal-Universit\u00e0 tal-Qroqq fit-18 ta\u2019 Mejju 2013 biex titfakkar il-150 sena mill-istatwa ta\u2019 San Filep.<\/p>\n<p style=\"text-align: justify;\">Fi Frar tal-2019 huwa kkompona l-Oratorju \u2018Paulus\u2019 biex jikkommemora il-mitt sena anniverarju mill-mi\u0121ja tal-istatwa ta\u2019 San Pawl \u0121ewwa San Pawl il-Ba\u0127ar.<\/p>\n<figure id=\"attachment_5847\" aria-describedby=\"caption-attachment-5847\" style=\"width: 1024px\" class=\"wp-caption alignnone\"><a href=\"https:\/\/www.bandasanfilep.com.mt\/wp-content\/uploads\/2022\/06\/BandaSanFilep2019.jpg\"><img loading=\"lazy\" decoding=\"async\" class=\"wp-image-5847 size-large\" src=\"https:\/\/www.bandasanfilep.com.mt\/wp-content\/uploads\/2022\/06\/BandaSanFilep2019-1024x682.jpg\" alt=\"\" width=\"1024\" height=\"682\"><\/a><figcaption id=\"caption-attachment-5847\" class=\"wp-caption-text\">Il-Banda San Filep waqt \u017cjara fil-belt ta&#8217; Bergamo fl-2019, l-Italja. Ta\u0127t id-direzzjoni tas-Surmast Richard Bugeja u l-Assistent Surmast Michael Ciantar.<\/figcaption><\/figure>\n<p style=\"text-align: justify;\">Fl-2019 kiteb is-suite \u2018Bergamo\u2019 li ndaqqet mill-Banda San Filep fil-mawra tag\u0127ha \u0121ewwa Bergamo.<\/p>\n<p style=\"text-align: justify;\">Fl-2021 huwa kiteb il-mu\u017cika g\u0127all-pro\u0121ett kreattiv bl-isem ta\u2019 \u2018Emmna\u2019 li sar f\u2019\u0126a\u017c-\u017bebbu\u0121 f\u2019Awwissu tal-2021.<\/p>\n<p style=\"text-align: justify;\">Insibu wkoll \u017cew\u0121 Ave Maria, Salve Regina, Preghiera, diversi innijiet, concert pieces, waltzes, u mar\u010bi sew briju\u017ci kif ukoll funebri.<\/p>\n<p style=\"text-align: left;\"><strong>Kwalifi\u010bi:<\/strong><\/p>\n<ul>\n<li style=\"text-align: left;\">2006\n<ul>\n<li>Diploma of Fellowship (Composition of Music) Victoria College of Music FVCM<\/li>\n<li>Diploma of Gold Medalist (Composition of Music) Victoria College of Music<\/li>\n<\/ul>\n<\/li>\n<li style=\"text-align: left;\">2004\n<ul>\n<li>Diploma of Fellowship (Composition of Music) &#8211; London College of Music FLCM<\/li>\n<\/ul>\n<\/li>\n<li style=\"text-align: left;\">2003\n<ul>\n<li>Diploma of Licentiateship in Music &#8211; London College of Music L(Mus)LCM<\/li>\n<\/ul>\n<\/li>\n<li style=\"text-align: left;\">1994\n<ul>\n<li>Diploma of Associate in Music &#8211; London College of Music A(Mus)LCM<\/li>\n<li>Grade 8 Theory Certificate &#8211; Royal Schools of Music<\/li>\n<\/ul>\n<\/li>\n<li style=\"text-align: left;\">1993\n<ul>\n<li>Grade 7 Theory Certificate &#8211; Royal Schools of Music<\/li>\n<li>Grade 6 Theory Certificate \u2013 <span style=\"color: initial;\">Royal Schools of Music<\/span><\/li>\n<\/ul>\n<\/li>\n<li style=\"text-align: left;\">1992\n<ul>\n<li style=\"text-align: left;\">Grade 5 Theory Certificate &#8211; Royal Schools of Music<\/li>\n<li style=\"text-align: left;\">Diploma of Associate of the Chartered Institute of Bankers (A.C.I.B.)<\/li>\n<\/ul>\n<\/li>\n<\/ul>\n<p style=\"text-align: left;\"><strong>Karriera Mu\u017cikali:<\/strong><\/p>\n<ul>\n<li style=\"text-align: left;\">2020-sal-llum\n<ul>\n<li>Surmast Direttur -So\u010bjet\u00e0 Mu\u017cikali La Stella Levantina, Banda Santa Marija ta\u2019 \u0126\u2019Attard.<\/li>\n<\/ul>\n<\/li>\n<li style=\"text-align: left;\">2016 \u2013sal-llum\n<ul>\n<li>Surmast Direttur \u2013 Banda San Pawl, San Pawl il-Ba\u0127ar<\/li>\n<\/ul>\n<\/li>\n<li style=\"text-align: left;\">2002 \u2013 sal-llum\n<ul>\n<li>Surmast Direttur \u2013 St Philip\u2019s Band Club, \u0126a\u017c-\u017bebbu\u0121<\/li>\n<\/ul>\n<\/li>\n<li style=\"text-align: left;\">1999\n<ul>\n<li>Assistent Surmast \u2013 St Philip\u2019s Band Club, \u0126a\u017c-\u017bebbu\u0121<\/li>\n<\/ul>\n<\/li>\n<li style=\"text-align: left;\">1998 \u2013 2019\n<ul>\n<li>Surmast Direttur \u2013 St Mary Band Club, Dingli<\/li>\n<\/ul>\n<\/li>\n<li style=\"text-align: left;\">1997\n<ul>\n<li style=\"text-align: left;\">Assistent Surmast \u2013 St Mary Band Club Dingli<\/li>\n<\/ul>\n<\/li>\n<li style=\"text-align: left;\">1992 \u2013 1996\n<ul>\n<li>Assistent Surmast \u2013 Banda St Helena, B\u2019Kara<\/li>\n<\/ul>\n<\/li>\n<li style=\"text-align: left;\">1990 \u2013 2018\n<ul>\n<li>Assistent Surmast \u2013 L\u2019Isle Adam Band Club, Rabat<\/li>\n<\/ul>\n<\/li>\n<\/ul>\n<p style=\"text-align: right;\">Kitba: Dr Philip Sciortino \u00a9<\/p>\n<p><!--\/pixgridder:column[col=1]--><!--\/pixgridder:row[cols=1]--><\/p>\n","protected":false},"excerpt":{"rendered":"<p>Is-Surmast Direttur Mro Richard Bugeja twieled fis-sittax ta\u2019 April 1968 u joqg\u0127od \u0126ad-Dingli. Huwa \u0127are\u0121 idoqq g\u0127all-ewwel darba bil-klarinett mal-Banda L\u2019Isle Adam fil-festa ta\u2019 San \u0120u\u017cepp tar-Rabat f\u2019Marzu tal-1981. Huwa studja s-solve\u0121\u0121 ma\u2019 \u0120uzeppi Falzon (il-Pajs), beda jistudja l-klarinett ma\u2019 Joseph Falzon imbag\u0127ad kompla ma\u2019 \u0120uzeppi Debono (Il-Mannar) u Mro Twanny Galea li lkoll kienu [&hellip;]<\/p>\n","protected":false},"author":1,"featured_media":5840,"parent":0,"menu_order":0,"comment_status":"closed","ping_status":"closed","template":"page-templates\/page-sidebar-none.php","meta":{"footnotes":""},"class_list":["post-5832","page","type-page","status-publish","has-post-thumbnail","hentry"],"_links":{"self":[{"href":"https:\/\/bandasanfilep.com.mt\/index.php\/wp-json\/wp\/v2\/pages\/5832","targetHints":{"allow":["GET"]}}],"collection":[{"href":"https:\/\/bandasanfilep.com.mt\/index.php\/wp-json\/wp\/v2\/pages"}],"about":[{"href":"https:\/\/bandasanfilep.com.mt\/index.php\/wp-json\/wp\/v2\/types\/page"}],"author":[{"embeddable":true,"href":"https:\/\/bandasanfilep.com.mt\/index.php\/wp-json\/wp\/v2\/users\/1"}],"replies":[{"embeddable":true,"href":"https:\/\/bandasanfilep.com.mt\/index.php\/wp-json\/wp\/v2\/comments?post=5832"}],"version-history":[{"count":1,"href":"https:\/\/bandasanfilep.com.mt\/index.php\/wp-json\/wp\/v2\/pages\/5832\/revisions"}],"predecessor-version":[{"id":5956,"href":"https:\/\/bandasanfilep.com.mt\/index.php\/wp-json\/wp\/v2\/pages\/5832\/revisions\/5956"}],"wp:featuredmedia":[{"embeddable":true,"href":"https:\/\/bandasanfilep.com.mt\/index.php\/wp-json\/wp\/v2\/posts\/5840"}],"wp:attachment":[{"href":"https:\/\/bandasanfilep.com.mt\/index.php\/wp-json\/wp\/v2\/media?parent=5832"}],"curies":[{"name":"wp","href":"https:\/\/api.w.org\/{rel}","templated":true}]}}