{"id":6483,"date":"2025-12-26T11:28:17","date_gmt":"2025-12-26T11:28:17","guid":{"rendered":"https:\/\/bandasanfilep.com.mt\/?page_id=6483"},"modified":"2026-04-16T20:55:10","modified_gmt":"2026-04-16T20:55:10","slug":"ritratti-2026","status":"publish","type":"page","link":"https:\/\/bandasanfilep.com.mt\/index.php\/ritratti\/ritratti-2026\/","title":{"rendered":"Ritratti 2026"},"content":{"rendered":"<div id=\"jig1\" class=\"justified-image-grid jig-e63232bc54f68c035c4e13b978682725 jig-preset-global jig-source-facebook\"><div class=\"jig-clearfix\"><\/div><noscript id=\"jig1-html\" class=\"justified-image-grid-html\" data-lazy-src=\"skiplazyload\" data-src=\"skipunveillazyload\"><ul><li><a href=\"https:\/\/bandasanfilep.com.mt\/index.php\/wp-json\/wp\/v2\/pages\/6483facebook-album\/1714522000146972\" title=\"199 Photos\"><img loading=\"lazy\" decoding=\"async\" src=\"https:\/\/bandasanfilep.com.mt\/wp-content\/plugins\/justified-image-grid\/timthumb.php?src=https%3A%2F%2Fscontent-fra3-1.xx.fbcdn.net%2Fv%2Ft39.30808-6%2F668505284_1714513443481161_2134740621451181695_n.jpg%3Fstp%3Ddst-jpg_s1080x2048_tt6%26_nc_cat%3D101%26ccb%3D1-7%26_nc_sid%3D4714a5%26_nc_ohc%3DP5FklyiBJkMQ7kNvwGeR4Hq%26_nc_oc%3DAdoE3Aqf3UvGT1Ivn5fbe450K-c-HzF5d5TaZbLMQy7zIhJHxo7-xSfvG-JZWqmkBNfSj1ChTPSUh7VCbPa3_84f%26_nc_zt%3D23%26_nc_ht%3Dscontent-fra3-1.xx%26edm%3DAJdBtusEAAAA%26_nc_gid%3DZVFpLHJd7YhBxYfZfgoLZA%26_nc_tpa%3DQ5bMBQFntCFziSk4H2eLyusU5TRxtCGt0vHEJC3dPxnI_7n_XByBx8vLgzYUiMQD8n3TGojg3-R8Ptum%26oh%3D00_Af19Ale6OwljFug2LrG15N0yWUk5CbjFazf8NCC-5ai19w%26oe%3D69F9500E&amp;h=230&amp;q=90&amp;f=.jpg\" alt=\"\u010aelebrazzjoni ta&#039; Kristu Rxoxt | 5 t&#039;April 2026\" width=\"345\" height=\"230\" \/><\/a><p class=\"jig-HTMLdescription\">\u010aelebrazzjoni ta' Kristu Rxoxt | 5 t'April 2026<br\/>199 Photos<\/p><\/li><li><a href=\"https:\/\/bandasanfilep.com.mt\/index.php\/wp-json\/wp\/v2\/pages\/6483facebook-album\/1713488013583704\" title=\"132 Photos\"><img loading=\"lazy\" decoding=\"async\" src=\"https:\/\/bandasanfilep.com.mt\/wp-content\/plugins\/justified-image-grid\/timthumb.php?src=https%3A%2F%2Fscontent-fra3-1.xx.fbcdn.net%2Fv%2Ft39.30808-6%2F667957917_1713483473584158_5402865242588165202_n.jpg%3Fstp%3Ddst-jpg_s1080x2048_tt6%26_nc_cat%3D101%26ccb%3D1-7%26_nc_sid%3D4714a5%26_nc_ohc%3DrBn0WSDA9VcQ7kNvwGDfdZu%26_nc_oc%3DAdqjNWX4mZBnAHj8epnkiv_66LbxggJ9g5bxDuTS-tn6nhgWN9tmRm7KzcEtjvKBwvdq7BlRvJxU8_4Kcv-1pwD0%26_nc_zt%3D23%26_nc_ht%3Dscontent-fra3-1.xx%26edm%3DAJdBtusEAAAA%26_nc_gid%3DZVFpLHJd7YhBxYfZfgoLZA%26_nc_tpa%3DQ5bMBQGHwGMoaG48ZPB4oMF1btQOhcJJMb9bEKQBXfhm-R62F61gl-bEtdp1SQFcA1Pcscbmu_oZZrIG%26oh%3D00_Af0LZ-HoqKgmmk3WmyhlZwJi--OBMOiPkLqcgzk1728qxQ%26oe%3D69F9772E&amp;h=230&amp;q=90&amp;f=.jpg\" alt=\"Vari u Armar fil-Knisja Ar\u010bipretali | \u0120img\u0127a Kbira 2026\" width=\"345\" height=\"230\" \/><\/a><p class=\"jig-HTMLdescription\">Vari u Armar fil-Knisja Ar\u010bipretali | \u0120img\u0127a Kbira 2026<br\/>132 Photos<\/p><\/li><li><a href=\"https:\/\/bandasanfilep.com.mt\/index.php\/wp-json\/wp\/v2\/pages\/6483facebook-album\/1712999780299194\" title=\"231 Photos\"><img loading=\"lazy\" decoding=\"async\" src=\"https:\/\/bandasanfilep.com.mt\/wp-content\/plugins\/justified-image-grid\/timthumb.php?src=https%3A%2F%2Fscontent-fra3-2.xx.fbcdn.net%2Fv%2Ft39.30808-6%2F666448678_1712989333633572_5608071640926078738_n.jpg%3Fstp%3Ddst-jpg_s1080x2048_tt6%26_nc_cat%3D104%26ccb%3D1-7%26_nc_sid%3D4714a5%26_nc_ohc%3DINTkbJVtDHAQ7kNvwE8Bytd%26_nc_oc%3DAdpR1kTNZARlhTO2hRqiB-IWZhLPj90Nsop7OCxUVtE2cyZSsZY0hQzup75dg43OTYa8xv9E9k02v1B4IMJrrr4h%26_nc_zt%3D23%26_nc_ht%3Dscontent-fra3-2.xx%26edm%3DAJdBtusEAAAA%26_nc_gid%3DZVFpLHJd7YhBxYfZfgoLZA%26_nc_tpa%3DQ5bMBQHUtZsCJjVDxQTv6e48Po7aOncbqSFJP-RQXfGhsRh_XUeLz5PCdUhOS5qIDmoLAcUFCNxtu9EJ%26oh%3D00_Af2Q0X-kwB2AyUcMGsw2y_4NHnKTb9LwKNrxK8a9F8dOZg%26oe%3D69F976C1&amp;h=230&amp;q=90&amp;f=.jpg\" alt=\"Wirjiet tal-\u0120img\u0127a Mqaddsa fil-Ka\u017cin San Filep 2026\" width=\"345\" height=\"230\" \/><\/a><p class=\"jig-HTMLdescription\">Wirjiet tal-\u0120img\u0127a Mqaddsa fil-Ka\u017cin San Filep 2026<br\/>231 Photos<\/p><\/li><li><a href=\"https:\/\/bandasanfilep.com.mt\/index.php\/wp-json\/wp\/v2\/pages\/6483facebook-album\/1704590217806817\" title=\"69 Photos\"><img loading=\"lazy\" decoding=\"async\" src=\"https:\/\/bandasanfilep.com.mt\/wp-content\/plugins\/justified-image-grid\/timthumb.php?src=https%3A%2F%2Fscontent-fra3-1.xx.fbcdn.net%2Fv%2Ft39.30808-6%2F656205748_1704586824473823_2687055624732654514_n.jpg%3Fstp%3Ddst-jpg_s1080x2048_tt6%26_nc_cat%3D108%26ccb%3D1-7%26_nc_sid%3D4714a5%26_nc_ohc%3DDhws03Pcn1IQ7kNvwGNHjNm%26_nc_oc%3DAdrexZ-zD-NPuXPWhljLx6xxeh2jlEPN_wvXvnck7t9fmYs0h4zrZBNiXEBwfu_yAgaBwNmh6UZWd-9u7yxvoyXJ%26_nc_zt%3D23%26_nc_ht%3Dscontent-fra3-1.xx%26edm%3DAJdBtusEAAAA%26_nc_gid%3DZVFpLHJd7YhBxYfZfgoLZA%26_nc_tpa%3DQ5bMBQH-zLR-LVNtJnhTBYHvHZjblyFQO00pEUi3bcwpoPV6PmKe7_eEsUuyBlfI-y8ZsA2_GW3-o1BW%26oh%3D00_Af07isXXdC-mrq67n-Mur8doE_3IEvAMOIHEklZuNWy9mw%26oe%3D69F9775E&amp;h=230&amp;q=90&amp;f=.jpg\" alt=\"\ud83d\udfe3 Pellegrina\u0121\u0121 Penitenzjali tad-Duluri | 27 ta&#039; Mazu 2026\" width=\"345\" height=\"230\" \/><\/a><p class=\"jig-HTMLdescription\">\ud83d\udfe3 Pellegrina\u0121\u0121 Penitenzjali tad-Duluri | 27 ta' Mazu 2026<br\/>69 Photos<\/p><\/li><li><a href=\"https:\/\/bandasanfilep.com.mt\/index.php\/wp-json\/wp\/v2\/pages\/6483facebook-album\/1704477397818099\" title=\"106 Photos\"><img loading=\"lazy\" decoding=\"async\" src=\"https:\/\/bandasanfilep.com.mt\/wp-content\/plugins\/justified-image-grid\/timthumb.php?src=https%3A%2F%2Fscontent-fra5-2.xx.fbcdn.net%2Fv%2Ft39.30808-6%2F657149729_1704476637818175_7621232051937218502_n.jpg%3Fstp%3Ddst-jpg_s1080x2048_tt6%26_nc_cat%3D106%26ccb%3D1-7%26_nc_sid%3D4714a5%26_nc_ohc%3D8QFmPAoQOAIQ7kNvwFfisY0%26_nc_oc%3DAdr_S3KRLFqRnIA6wpLr7rzxVIkmywZpMvMlaeECYqechTbMvz9qsmhWgc-hq75_sI0zAKSTtGaXMGCOafTSCMtq%26_nc_zt%3D23%26_nc_ht%3Dscontent-fra5-2.xx%26edm%3DAJdBtusEAAAA%26_nc_gid%3DZVFpLHJd7YhBxYfZfgoLZA%26_nc_tpa%3DQ5bMBQFoLHqLeqJBVhTV1rrZuRUFWZ7MAxO51V8dIIaGAcS2GnkIfD3h-kMXt4MSPAPMsInulklYP1BV%26oh%3D00_Af2pCEis_F6AS9T3-D9EsHsZQYV_k4O7T1VYq10E-aeyRQ%26oe%3D69F96C91&amp;h=230&amp;q=90&amp;f=.jpg\" alt=\"Ftu\u0127 tal-Wirjiet tal-\u0120img\u0127a Mqaddsa | 25 ta&#039; Marzu 2026\" width=\"345\" height=\"230\" \/><\/a><p class=\"jig-HTMLdescription\">Ftu\u0127 tal-Wirjiet tal-\u0120img\u0127a Mqaddsa | 25 ta' Marzu 2026<br\/>106 Photos<\/p><\/li><li><a href=\"https:\/\/bandasanfilep.com.mt\/index.php\/wp-json\/wp\/v2\/pages\/6483facebook-album\/1698915071707665\" title=\"60 Photos\"><img loading=\"lazy\" decoding=\"async\" src=\"https:\/\/bandasanfilep.com.mt\/wp-content\/plugins\/justified-image-grid\/timthumb.php?src=https%3A%2F%2Fscontent-fra5-2.xx.fbcdn.net%2Fv%2Ft39.30808-6%2F656691609_1698907018375137_1809143057345297532_n.jpg%3Fstp%3Ddst-jpg_s1080x2048_tt6%26_nc_cat%3D109%26ccb%3D1-7%26_nc_sid%3D4714a5%26_nc_ohc%3DBDnuC35pyxAQ7kNvwFPQsF3%26_nc_oc%3DAdp5BgYU2mQxw9_9eJUVPHufJ1wBnCBYrEjer7t_hglt9mF_jRDTvGCpo1lVAhmYaKnmHWD5ReVV0jMULrqLUx8v%26_nc_zt%3D23%26_nc_ht%3Dscontent-fra5-2.xx%26edm%3DAJdBtusEAAAA%26_nc_gid%3DZVFpLHJd7YhBxYfZfgoLZA%26_nc_tpa%3DQ5bMBQEIiCQrfFEMImxLOb4XNw2teMLmwj6ZmNlSQWHBQvQpebTN858jVm9BvtSpGvQ1OvWNf-NqBcrp%26oh%3D00_Af38abjiDBg9oVivE3qfW65QwbnCGMvtW_QQY2Ja5vUHqA%26oe%3D69F975E4&amp;h=230&amp;q=90&amp;f=.jpg\" alt=\"Il-Pellegrina\u0121\u0121 bl-istatwa ta&#039; \u0120esu Redentur | 2026 \ud83d\udfe3\" width=\"345\" height=\"230\" \/><\/a><p class=\"jig-HTMLdescription\">Il-Pellegrina\u0121\u0121 bl-istatwa ta' \u0120esu Redentur | 2026 \ud83d\udfe3<br\/>60 Photos<\/p><\/li><li><a href=\"https:\/\/bandasanfilep.com.mt\/index.php\/wp-json\/wp\/v2\/pages\/6483facebook-album\/1697771608488678\" title=\"129 Photos\"><img loading=\"lazy\" decoding=\"async\" src=\"https:\/\/bandasanfilep.com.mt\/wp-content\/plugins\/justified-image-grid\/timthumb.php?src=https%3A%2F%2Fscontent-fra3-1.xx.fbcdn.net%2Fv%2Ft39.30808-6%2F655685700_1697748901824282_6460806214489388083_n.jpg%3Fstp%3Ddst-jpg_s720x720_tt6%26_nc_cat%3D103%26ccb%3D1-7%26_nc_sid%3D4714a5%26_nc_ohc%3Dr4O8BxOUKHQQ7kNvwH66UJ3%26_nc_oc%3DAdqT-9RXO_dhOQXukG9KyjsRFdJmCLuirhwI2d0QK3FpSkOdc9uHmrfaBFmXnY8v7Fns0ReC7ANT6ouPm_bAzXxK%26_nc_zt%3D23%26_nc_ht%3Dscontent-fra3-1.xx%26edm%3DAJdBtusEAAAA%26_nc_gid%3DZVFpLHJd7YhBxYfZfgoLZA%26_nc_tpa%3DQ5bMBQEJQ4CG51S6wyKmplYNR5iMTS52qjijA4oZvz1H7f7nKmuL14Hif-1FVbbVpAx6djvrUy_wVRIp%26oh%3D00_Af2r6mBBkmaj1Q9tvTkTf-uxWSVV2RVl3DwMFXvxfQmajA%26oe%3D69F952A9&amp;h=230&amp;q=90&amp;f=.jpg\" alt=\"Servizz Mu\u017cikali fil-Festa ta\u2019 San Patrizju | 15 ta\u2019 Marzu 2026\" width=\"153\" height=\"230\" \/><\/a><p class=\"jig-HTMLdescription\">Servizz Mu\u017cikali fil-Festa ta\u2019 San Patrizju | 15 ta\u2019 Marzu 2026<br\/>129 Photos<\/p><\/li><li><a href=\"https:\/\/bandasanfilep.com.mt\/index.php\/wp-json\/wp\/v2\/pages\/6483facebook-album\/1670159024583270\" title=\"23 Photos\"><img loading=\"lazy\" decoding=\"async\" src=\"https:\/\/bandasanfilep.com.mt\/wp-content\/plugins\/justified-image-grid\/timthumb.php?src=https%3A%2F%2Fscontent-fra5-1.xx.fbcdn.net%2Fv%2Ft39.30808-6%2F637698772_1670157747916731_8556374016104733327_n.jpg%3Fstp%3Ddst-jpg_s720x720_tt6%26_nc_cat%3D110%26ccb%3D1-7%26_nc_sid%3D4714a5%26_nc_ohc%3DhprLinHb4l4Q7kNvwEUOEnl%26_nc_oc%3DAdqP-7M6Y8iK-yTrNtU5oS4GSEQpmJ80JS3hY2zC7a2TyVIm9z6itIBfkhfXu3oM6QmbVS9DBInQNmameAKNJx7P%26_nc_zt%3D23%26_nc_ht%3Dscontent-fra5-1.xx%26edm%3DAJdBtusEAAAA%26_nc_gid%3DZVFpLHJd7YhBxYfZfgoLZA%26_nc_tpa%3DQ5bMBQGcKOAOQ5JyjVSL8am9FCvu5e74y3W77d1rt2vj_bxv_epmKRG7kVodZMktWhYxBMjPrqrsK1kb%26oh%3D00_Af2mldfHsJI8Wo-YKClZJ3EjWEotyKBkJHgo75CQ1Y-GVw%26oe%3D69F96BD9&amp;h=230&amp;q=90&amp;f=.jpg\" alt=\"Pellegrina\u0121\u0121 bis-Salib | 2026 \ud83d\udfe3\" width=\"153\" height=\"230\" \/><\/a><p class=\"jig-HTMLdescription\">Pellegrina\u0121\u0121 bis-Salib | 2026 \ud83d\udfe3<br\/>23 Photos<\/p><\/li><li><a href=\"https:\/\/bandasanfilep.com.mt\/index.php\/wp-json\/wp\/v2\/pages\/6483facebook-album\/1646147790317727\" title=\"78 Photos\"><img loading=\"lazy\" decoding=\"async\" src=\"https:\/\/bandasanfilep.com.mt\/wp-content\/plugins\/justified-image-grid\/timthumb.php?src=https%3A%2F%2Fscontent-fra3-1.xx.fbcdn.net%2Fv%2Ft39.30808-6%2F619310057_1646142496984923_6787689285007753877_n.jpg%3Fstp%3Ddst-jpg_s1080x2048_tt6%26_nc_cat%3D108%26ccb%3D1-7%26_nc_sid%3D4714a5%26_nc_ohc%3Dpf8t_L1bjDgQ7kNvwFk7n5w%26_nc_oc%3DAdrbuN363mLMFoeyNS0iCnYet5KslRjn-m2nkgZI10AqbEhKpPhLyn7A-ZGVwk0T2f8XIdU7oxkXayhYFLMtuj3V%26_nc_zt%3D23%26_nc_ht%3Dscontent-fra3-1.xx%26edm%3DAJdBtusEAAAA%26_nc_gid%3DZVFpLHJd7YhBxYfZfgoLZA%26_nc_tpa%3DQ5bMBQH_KImAM8R05Ifo8JUV4mnmmnEYgkABJGZKZ-stoJagE57V47zfhnugNnL6nzxgxmfNc0rzS_XN%26oh%3D00_Af1WLc450wobUYJ1kwJIGg4bboetBrW7oP5_0F36w7eWog%26oe%3D69F94DC8&amp;h=230&amp;q=90&amp;f=.jpg\" alt=\"Quddiesa tal-Ftu\u0127 175 Sena Anniversarja | 18 ta&#039; Jannar 2026\" width=\"345\" height=\"230\" \/><\/a><p class=\"jig-HTMLdescription\">Quddiesa tal-Ftu\u0127 175 Sena Anniversarja | 18 ta' Jannar 2026<br\/>78 Photos<\/p><\/li><li><a href=\"https:\/\/bandasanfilep.com.mt\/index.php\/wp-json\/wp\/v2\/pages\/6483facebook-album\/1642837733982066\" title=\"157 Photos\"><img loading=\"lazy\" decoding=\"async\" src=\"https:\/\/bandasanfilep.com.mt\/wp-content\/plugins\/justified-image-grid\/timthumb.php?src=https%3A%2F%2Fscontent-fra3-1.xx.fbcdn.net%2Fv%2Ft39.30808-6%2F618282868_1642827200649786_6478409541260924705_n.jpg%3Fstp%3Ddst-jpg_s1080x2048_tt6%26_nc_cat%3D103%26ccb%3D1-7%26_nc_sid%3D4714a5%26_nc_ohc%3D82eiH4miz_EQ7kNvwEaVWVs%26_nc_oc%3DAdoh46UbG22mDR5mFruQSXWoCHw8tVWi58ge-vsN1jLhDXIdbF3t7PeRmJKNM8h8JPDYlCmNGPl6oHOIrB9Qmeul%26_nc_zt%3D23%26_nc_ht%3Dscontent-fra3-1.xx%26edm%3DAJdBtusEAAAA%26_nc_gid%3DZVFpLHJd7YhBxYfZfgoLZA%26_nc_tpa%3DQ5bMBQGoxSGlB5qb3BUHNOIxorUYaArPN2ND5IBesfisxtwSr0d64AeSfpJIs_yw0Br9QOV6hSWouYzB%26oh%3D00_Af0IvA0hqVbNoGzaQ9zDDFVKhc4tZzjkK3zX_LFq0176Ow%26oe%3D69F97202&amp;h=230&amp;q=90&amp;f=.jpg\" alt=\"Mar\u010b tal-Ftu\u0127 175 Sena Anniversarja | 18 ta&#039; Jannar 2026\" width=\"345\" height=\"230\" \/><\/a><p class=\"jig-HTMLdescription\">Mar\u010b tal-Ftu\u0127 175 Sena Anniversarja | 18 ta' Jannar 2026<br\/>157 Photos<\/p><\/li><\/ul><\/noscript><\/div>\n","protected":false},"excerpt":{"rendered":"","protected":false},"author":1,"featured_media":0,"parent":38,"menu_order":0,"comment_status":"closed","ping_status":"closed","template":"","meta":{"footnotes":""},"class_list":["post-6483","page","type-page","status-publish","hentry"],"_links":{"self":[{"href":"https:\/\/bandasanfilep.com.mt\/index.php\/wp-json\/wp\/v2\/pages\/6483","targetHints":{"allow":["GET"]}}],"collection":[{"href":"https:\/\/bandasanfilep.com.mt\/index.php\/wp-json\/wp\/v2\/pages"}],"about":[{"href":"https:\/\/bandasanfilep.com.mt\/index.php\/wp-json\/wp\/v2\/types\/page"}],"author":[{"embeddable":true,"href":"https:\/\/bandasanfilep.com.mt\/index.php\/wp-json\/wp\/v2\/users\/1"}],"replies":[{"embeddable":true,"href":"https:\/\/bandasanfilep.com.mt\/index.php\/wp-json\/wp\/v2\/comments?post=6483"}],"version-history":[{"count":5,"href":"https:\/\/bandasanfilep.com.mt\/index.php\/wp-json\/wp\/v2\/pages\/6483\/revisions"}],"predecessor-version":[{"id":6533,"href":"https:\/\/bandasanfilep.com.mt\/index.php\/wp-json\/wp\/v2\/pages\/6483\/revisions\/6533"}],"up":[{"embeddable":true,"href":"https:\/\/bandasanfilep.com.mt\/index.php\/wp-json\/wp\/v2\/pages\/38"}],"wp:attachment":[{"href":"https:\/\/bandasanfilep.com.mt\/index.php\/wp-json\/wp\/v2\/media?parent=6483"}],"curies":[{"name":"wp","href":"https:\/\/api.w.org\/{rel}","templated":true}]}}