{"id":812,"date":"2014-12-17T18:05:10","date_gmt":"2014-12-17T18:05:10","guid":{"rendered":"http:\/\/www.bandasanfilep.com.mt\/TestSite\/?page_id=21"},"modified":"2025-07-14T16:20:22","modified_gmt":"2025-07-14T16:20:22","slug":"dahla","status":"publish","type":"page","link":"https:\/\/bandasanfilep.com.mt\/","title":{"rendered":"Da\u0127la"},"content":{"rendered":"<div class=\"d-block p-4 bg-light text-center\"><script type=\"text\/javascript\">jQuery(function() { _initLayerSlider( '#layerslider_1_1tm8fnts0jw08', {sliderVersion: '7.15.1', responsiveUnder: 0, layersContainer: 0, allowFullscreen: true, hideUnder: 0, hideOver: 100000, pauseOnHover: 'enabled', skin: 'fullwidth', sliderFadeInDuration: 350, hoverBottomNav: true, thumbnailNavigation: 'disabled', useSrcset: true, skinsPath: 'https:\/\/bandasanfilep.com.mt\/wp-content\/plugins\/LayerSlider\/assets\/static\/layerslider\/skins\/', performanceMode: true}); });<\/script><div id=\"layerslider_1_1tm8fnts0jw08\"  class=\"ls-wp-container fitvidsignore ls-selectable\" style=\"width:1170px;height:400px;margin:0 auto;margin-bottom: 0px;\"><div class=\"ls-slide\" data-ls=\"duration:4000;\"><img loading=\"lazy\" decoding=\"async\" width=\"1170\" height=\"400\" src=\"https:\/\/bandasanfilep.com.mt\/wp-content\/uploads\/2024\/06\/Banner-1-2.jpg\" class=\"ls-bg\" alt=\"\" srcset=\"https:\/\/bandasanfilep.com.mt\/wp-content\/uploads\/2024\/06\/Banner-1-2.jpg 1170w, https:\/\/bandasanfilep.com.mt\/wp-content\/uploads\/2024\/06\/Banner-1-2-300x103.jpg 300w, https:\/\/bandasanfilep.com.mt\/wp-content\/uploads\/2024\/06\/Banner-1-2-1024x350.jpg 1024w, https:\/\/bandasanfilep.com.mt\/wp-content\/uploads\/2024\/06\/Banner-1-2-768x263.jpg 768w, https:\/\/bandasanfilep.com.mt\/wp-content\/uploads\/2024\/06\/Banner-1-2-600x205.jpg 600w\" sizes=\"auto, (max-width: 1170px) 100vw, 1170px\" \/><img loading=\"lazy\" decoding=\"async\" width=\"1170\" height=\"400\" src=\"https:\/\/bandasanfilep.com.mt\/wp-content\/uploads\/layerslider\/projects\/Mainpage\/Shadow1.png\" class=\"ls-l ls-img-layer\" alt=\"\" srcset=\"https:\/\/bandasanfilep.com.mt\/wp-content\/uploads\/layerslider\/projects\/Mainpage\/Shadow1.png 1170w, https:\/\/bandasanfilep.com.mt\/wp-content\/uploads\/layerslider\/projects\/Mainpage\/Shadow1-600x205.png 600w, https:\/\/bandasanfilep.com.mt\/wp-content\/uploads\/layerslider\/projects\/Mainpage\/Shadow1-300x103.png 300w, https:\/\/bandasanfilep.com.mt\/wp-content\/uploads\/layerslider\/projects\/Mainpage\/Shadow1-1024x350.png 1024w, https:\/\/bandasanfilep.com.mt\/wp-content\/uploads\/layerslider\/projects\/Mainpage\/Shadow1-768x263.png 768w\" sizes=\"auto, (max-width: 1170px) 100vw, 1170px\" style=\"top:100px;left:0px;width:1170px;height:300px;\" data-ls=\"offsetxin:-80;easingin:easeInExpo;offsetxout:-80;durationout:400;parallaxlevel:0;\"><div style=\"color:#ffffff;top:213px;left:609px;width:546px;height:175px;white-space:normal;\" class=\"ls-l ls-html-layer\" data-ls=\"offsetxin:80;easingin:easeInSine;offsetxout:-80;durationout:400;parallaxlevel:0;\"><h1 style=\"font-size:80%\">\"\u0120ie\u0127 lill-istatwa, \u0121ie\u0127 lil min \u0127adimha,\n<br>\u0120ie\u0127 lil kull min fl-antik \u0127abrek g\u0127aliha,\n<br>\u0120ie\u0127 lir-reffieg\u0127 li fuq spalltu g\u0127abbiha,\n<br>\u0120ie\u0127 akbar lil Patrun mnaqqax fiha ...\"<\/h1><\/div><\/div><div class=\"ls-slide\" data-ls=\"duration:4000;\"><img loading=\"lazy\" decoding=\"async\" width=\"1170\" height=\"400\" src=\"https:\/\/bandasanfilep.com.mt\/wp-content\/uploads\/2024\/06\/Banner-7-1.jpg\" class=\"ls-bg\" alt=\"\" srcset=\"https:\/\/bandasanfilep.com.mt\/wp-content\/uploads\/2024\/06\/Banner-7-1.jpg 1170w, https:\/\/bandasanfilep.com.mt\/wp-content\/uploads\/2024\/06\/Banner-7-1-300x103.jpg 300w, https:\/\/bandasanfilep.com.mt\/wp-content\/uploads\/2024\/06\/Banner-7-1-1024x350.jpg 1024w, https:\/\/bandasanfilep.com.mt\/wp-content\/uploads\/2024\/06\/Banner-7-1-768x263.jpg 768w, https:\/\/bandasanfilep.com.mt\/wp-content\/uploads\/2024\/06\/Banner-7-1-600x205.jpg 600w\" sizes=\"auto, (max-width: 1170px) 100vw, 1170px\" \/><img loading=\"lazy\" decoding=\"async\" width=\"1170\" height=\"400\" src=\"https:\/\/bandasanfilep.com.mt\/wp-content\/uploads\/layerslider\/projects\/Mainpage\/Shadow1.png\" class=\"ls-l ls-img-layer\" alt=\"\" srcset=\"https:\/\/bandasanfilep.com.mt\/wp-content\/uploads\/layerslider\/projects\/Mainpage\/Shadow1.png 1170w, https:\/\/bandasanfilep.com.mt\/wp-content\/uploads\/layerslider\/projects\/Mainpage\/Shadow1-600x205.png 600w, https:\/\/bandasanfilep.com.mt\/wp-content\/uploads\/layerslider\/projects\/Mainpage\/Shadow1-300x103.png 300w, https:\/\/bandasanfilep.com.mt\/wp-content\/uploads\/layerslider\/projects\/Mainpage\/Shadow1-1024x350.png 1024w, https:\/\/bandasanfilep.com.mt\/wp-content\/uploads\/layerslider\/projects\/Mainpage\/Shadow1-768x263.png 768w\" sizes=\"auto, (max-width: 1170px) 100vw, 1170px\" style=\"top:100px;left:0px;width:1170px;height:300px;\" data-ls=\"offsetxin:-80;easingin:easeInExpo;offsetxout:-80;durationout:400;parallaxlevel:0;\"><div style=\"color:#ffffff;top:242px;left:26px;width:632px;height:130px;white-space:normal;\" class=\"ls-l ls-html-layer\" data-ls=\"offsetxin:80;easingin:easeInQuint;offsetxout:-80;durationout:400;parallaxlevel:0;\"><h1 style=\"font-size:80%\">\"..xi \u0121miel t'armar qeg\u0127din taraw,\n<br>mhux ta' b'xejn a\u0127na, qed nibbrillaw...\n<br>g\u0127alhekk kburin b'din il-festa, ta\u017c-\u017bebbu\u0121in\"<\/h1><\/div><\/div><div class=\"ls-slide\" data-ls=\"duration:4000;\"><img loading=\"lazy\" decoding=\"async\" width=\"1170\" height=\"400\" src=\"https:\/\/bandasanfilep.com.mt\/wp-content\/uploads\/2024\/06\/Banner-6-2.jpg\" class=\"ls-bg\" alt=\"\" srcset=\"https:\/\/bandasanfilep.com.mt\/wp-content\/uploads\/2024\/06\/Banner-6-2.jpg 1170w, https:\/\/bandasanfilep.com.mt\/wp-content\/uploads\/2024\/06\/Banner-6-2-300x103.jpg 300w, https:\/\/bandasanfilep.com.mt\/wp-content\/uploads\/2024\/06\/Banner-6-2-1024x350.jpg 1024w, https:\/\/bandasanfilep.com.mt\/wp-content\/uploads\/2024\/06\/Banner-6-2-768x263.jpg 768w, https:\/\/bandasanfilep.com.mt\/wp-content\/uploads\/2024\/06\/Banner-6-2-600x205.jpg 600w\" sizes=\"auto, (max-width: 1170px) 100vw, 1170px\" \/><img loading=\"lazy\" decoding=\"async\" width=\"1170\" height=\"400\" src=\"https:\/\/bandasanfilep.com.mt\/wp-content\/uploads\/layerslider\/projects\/Mainpage\/Shadow1.png\" class=\"ls-l ls-img-layer\" alt=\"\" srcset=\"https:\/\/bandasanfilep.com.mt\/wp-content\/uploads\/layerslider\/projects\/Mainpage\/Shadow1.png 1170w, https:\/\/bandasanfilep.com.mt\/wp-content\/uploads\/layerslider\/projects\/Mainpage\/Shadow1-600x205.png 600w, https:\/\/bandasanfilep.com.mt\/wp-content\/uploads\/layerslider\/projects\/Mainpage\/Shadow1-300x103.png 300w, https:\/\/bandasanfilep.com.mt\/wp-content\/uploads\/layerslider\/projects\/Mainpage\/Shadow1-1024x350.png 1024w, https:\/\/bandasanfilep.com.mt\/wp-content\/uploads\/layerslider\/projects\/Mainpage\/Shadow1-768x263.png 768w\" sizes=\"auto, (max-width: 1170px) 100vw, 1170px\" style=\"top:100px;left:0px;width:1170px;height:300px;\" data-ls=\"offsetxin:-80;easingin:easeInExpo;offsetxout:-80;durationout:400;parallaxlevel:0;\"><div style=\"color:#ffffff;top:85%;left:20px;white-space:normal;\" class=\"ls-l ls-html-layer\" data-ls=\"offsetxin:80;easingin:easeInSine;offsetxout:-80;durationout:400;parallaxlevel:0;\"><h1 style=\"font-size:80%\">\"... San Fillippu l-ewwel Banda li twieldet \u0121o dan ir-ra\u0127al kbir,\n<br>Banda kbira ewlenija illi din kisbet kull tif\u0127ir ...\"<\/h1><\/div><\/div><div class=\"ls-slide\" data-ls=\"duration:4000;\"><img loading=\"lazy\" decoding=\"async\" width=\"1170\" height=\"400\" src=\"https:\/\/bandasanfilep.com.mt\/wp-content\/uploads\/2024\/06\/Banner-2-3.jpg\" class=\"ls-bg\" alt=\"\" srcset=\"https:\/\/bandasanfilep.com.mt\/wp-content\/uploads\/2024\/06\/Banner-2-3.jpg 1170w, https:\/\/bandasanfilep.com.mt\/wp-content\/uploads\/2024\/06\/Banner-2-3-300x103.jpg 300w, https:\/\/bandasanfilep.com.mt\/wp-content\/uploads\/2024\/06\/Banner-2-3-1024x350.jpg 1024w, https:\/\/bandasanfilep.com.mt\/wp-content\/uploads\/2024\/06\/Banner-2-3-768x263.jpg 768w, https:\/\/bandasanfilep.com.mt\/wp-content\/uploads\/2024\/06\/Banner-2-3-600x205.jpg 600w\" sizes=\"auto, (max-width: 1170px) 100vw, 1170px\" \/><img loading=\"lazy\" decoding=\"async\" width=\"1170\" height=\"400\" src=\"https:\/\/bandasanfilep.com.mt\/wp-content\/uploads\/layerslider\/projects\/Mainpage\/Shadow1.png\" class=\"ls-l ls-img-layer\" alt=\"\" srcset=\"https:\/\/bandasanfilep.com.mt\/wp-content\/uploads\/layerslider\/projects\/Mainpage\/Shadow1.png 1170w, https:\/\/bandasanfilep.com.mt\/wp-content\/uploads\/layerslider\/projects\/Mainpage\/Shadow1-600x205.png 600w, https:\/\/bandasanfilep.com.mt\/wp-content\/uploads\/layerslider\/projects\/Mainpage\/Shadow1-300x103.png 300w, https:\/\/bandasanfilep.com.mt\/wp-content\/uploads\/layerslider\/projects\/Mainpage\/Shadow1-1024x350.png 1024w, https:\/\/bandasanfilep.com.mt\/wp-content\/uploads\/layerslider\/projects\/Mainpage\/Shadow1-768x263.png 768w\" sizes=\"auto, (max-width: 1170px) 100vw, 1170px\" style=\"top:99px;left:0px;width:1170px;height:301px;\" data-ls=\"offsetxin:-80;easingin:easeInExpo;offsetxout:-80;durationout:400;parallaxlevel:0;\"><div style=\"color:#ffffff;top:279px;left:34px;white-space:normal;\" class=\"ls-l ls-html-layer\" data-ls=\"offsetxin:80;easingin:easeInSine;offsetxout:-80;durationout:400;parallaxlevel:0;\"><h1 style=\"font-size:80%\">\"... konna, g\u0127adna u nibqg\u0127u, fuq kollox ...\n<br>a\u0127na \u010b-champians tan-nar tal-art ...\"<\/h1><\/div><\/div><div class=\"ls-slide\" data-ls=\"duration:4000;\"><img loading=\"lazy\" decoding=\"async\" width=\"1170\" height=\"400\" src=\"https:\/\/bandasanfilep.com.mt\/wp-content\/uploads\/2024\/06\/Banner-5-V3.jpg\" class=\"ls-bg\" alt=\"\" srcset=\"https:\/\/bandasanfilep.com.mt\/wp-content\/uploads\/2024\/06\/Banner-5-V3.jpg 1170w, https:\/\/bandasanfilep.com.mt\/wp-content\/uploads\/2024\/06\/Banner-5-V3-300x103.jpg 300w, https:\/\/bandasanfilep.com.mt\/wp-content\/uploads\/2024\/06\/Banner-5-V3-1024x350.jpg 1024w, https:\/\/bandasanfilep.com.mt\/wp-content\/uploads\/2024\/06\/Banner-5-V3-768x263.jpg 768w, https:\/\/bandasanfilep.com.mt\/wp-content\/uploads\/2024\/06\/Banner-5-V3-600x205.jpg 600w\" sizes=\"auto, (max-width: 1170px) 100vw, 1170px\" \/><img loading=\"lazy\" decoding=\"async\" width=\"1170\" height=\"400\" src=\"https:\/\/bandasanfilep.com.mt\/wp-content\/uploads\/layerslider\/projects\/Mainpage\/ShadowRotated1.png\" class=\"ls-l ls-img-layer\" alt=\"\" srcset=\"https:\/\/bandasanfilep.com.mt\/wp-content\/uploads\/layerslider\/projects\/Mainpage\/ShadowRotated1.png 1170w, https:\/\/bandasanfilep.com.mt\/wp-content\/uploads\/layerslider\/projects\/Mainpage\/ShadowRotated1-600x205.png 600w, https:\/\/bandasanfilep.com.mt\/wp-content\/uploads\/layerslider\/projects\/Mainpage\/ShadowRotated1-300x103.png 300w, https:\/\/bandasanfilep.com.mt\/wp-content\/uploads\/layerslider\/projects\/Mainpage\/ShadowRotated1-1024x350.png 1024w, https:\/\/bandasanfilep.com.mt\/wp-content\/uploads\/layerslider\/projects\/Mainpage\/ShadowRotated1-768x263.png 768w\" sizes=\"auto, (max-width: 1170px) 100vw, 1170px\" style=\"top:0px;left:0px;width:1170px;height:429px;\" data-ls=\"offsetxin:-80;easingin:easeInExpo;offsetxout:-80;durationout:400;parallaxlevel:0;\"><div style=\"color:#ffffff;top:229px;left:31px;white-space:normal;\" class=\"ls-l ls-html-layer\" data-ls=\"offsetxin:80;easingin:easeInSine;offsetxout:-80;durationout:400;parallaxlevel:0;\"><h1 style=\"font-size:80%\">\"... O lilek Fillippu, kull \u0121ie\u0127, kull tif\u0127ir, ...\n<br>G\u0127ax inti missierna, Qaddis tassew kbir,\n<br>U lilek Filippu, bil-wisq in\u0127obbuk\n<br>U b'xhieda ta' kliemna ... Kull m'g\u0127andna nag\u0127tuk! ...\"<\/h1><\/div><\/div><div class=\"ls-slide\" data-ls=\"duration:4000;\"><img loading=\"lazy\" decoding=\"async\" width=\"1170\" height=\"400\" src=\"https:\/\/bandasanfilep.com.mt\/wp-content\/uploads\/2024\/06\/Banner-9-1.jpg\" class=\"ls-bg\" alt=\"\" srcset=\"https:\/\/bandasanfilep.com.mt\/wp-content\/uploads\/2024\/06\/Banner-9-1.jpg 1170w, https:\/\/bandasanfilep.com.mt\/wp-content\/uploads\/2024\/06\/Banner-9-1-300x103.jpg 300w, https:\/\/bandasanfilep.com.mt\/wp-content\/uploads\/2024\/06\/Banner-9-1-1024x350.jpg 1024w, https:\/\/bandasanfilep.com.mt\/wp-content\/uploads\/2024\/06\/Banner-9-1-768x263.jpg 768w, https:\/\/bandasanfilep.com.mt\/wp-content\/uploads\/2024\/06\/Banner-9-1-600x205.jpg 600w\" sizes=\"auto, (max-width: 1170px) 100vw, 1170px\" \/><img loading=\"lazy\" decoding=\"async\" width=\"1170\" height=\"400\" src=\"https:\/\/bandasanfilep.com.mt\/wp-content\/uploads\/layerslider\/projects\/Mainpage\/Shadow1.png\" class=\"ls-l ls-img-layer\" alt=\"\" srcset=\"https:\/\/bandasanfilep.com.mt\/wp-content\/uploads\/layerslider\/projects\/Mainpage\/Shadow1.png 1170w, https:\/\/bandasanfilep.com.mt\/wp-content\/uploads\/layerslider\/projects\/Mainpage\/Shadow1-600x205.png 600w, https:\/\/bandasanfilep.com.mt\/wp-content\/uploads\/layerslider\/projects\/Mainpage\/Shadow1-300x103.png 300w, https:\/\/bandasanfilep.com.mt\/wp-content\/uploads\/layerslider\/projects\/Mainpage\/Shadow1-1024x350.png 1024w, https:\/\/bandasanfilep.com.mt\/wp-content\/uploads\/layerslider\/projects\/Mainpage\/Shadow1-768x263.png 768w\" sizes=\"auto, (max-width: 1170px) 100vw, 1170px\" style=\"top:101px;left:0px;width:1170px;height:299px;\" data-ls=\"offsetxin:-80;easingin:easeInExpo;offsetxout:-80;durationout:400;parallaxlevel:0;\"><div style=\"color:#ffffff;top:261px;left:60px;white-space:normal;\" class=\"ls-l ls-html-layer\" data-ls=\"offsetxin:80;easingin:easeInSine;offsetxout:-80;durationout:400;parallaxlevel:0;\"><h1 style=\"font-size:80%\">\"Sabiex inbiddlu l-pjazza f'meravilja\n<br>g\u0127all-briju ikoll mag\u0127qudin ...\"<\/h1><\/div><\/div><div class=\"ls-slide\" data-ls=\"duration:4000;\"><img loading=\"lazy\" decoding=\"async\" width=\"1170\" height=\"400\" src=\"https:\/\/bandasanfilep.com.mt\/wp-content\/uploads\/2024\/06\/Banner-10-1.jpg\" class=\"ls-bg\" alt=\"\" srcset=\"https:\/\/bandasanfilep.com.mt\/wp-content\/uploads\/2024\/06\/Banner-10-1.jpg 1170w, https:\/\/bandasanfilep.com.mt\/wp-content\/uploads\/2024\/06\/Banner-10-1-300x103.jpg 300w, https:\/\/bandasanfilep.com.mt\/wp-content\/uploads\/2024\/06\/Banner-10-1-1024x350.jpg 1024w, https:\/\/bandasanfilep.com.mt\/wp-content\/uploads\/2024\/06\/Banner-10-1-768x263.jpg 768w, https:\/\/bandasanfilep.com.mt\/wp-content\/uploads\/2024\/06\/Banner-10-1-600x205.jpg 600w\" sizes=\"auto, (max-width: 1170px) 100vw, 1170px\" \/><img loading=\"lazy\" decoding=\"async\" width=\"1170\" height=\"400\" src=\"https:\/\/bandasanfilep.com.mt\/wp-content\/uploads\/layerslider\/projects\/Mainpage\/Shadow1.png\" class=\"ls-l ls-img-layer\" alt=\"\" srcset=\"https:\/\/bandasanfilep.com.mt\/wp-content\/uploads\/layerslider\/projects\/Mainpage\/Shadow1.png 1170w, https:\/\/bandasanfilep.com.mt\/wp-content\/uploads\/layerslider\/projects\/Mainpage\/Shadow1-600x205.png 600w, https:\/\/bandasanfilep.com.mt\/wp-content\/uploads\/layerslider\/projects\/Mainpage\/Shadow1-300x103.png 300w, https:\/\/bandasanfilep.com.mt\/wp-content\/uploads\/layerslider\/projects\/Mainpage\/Shadow1-1024x350.png 1024w, https:\/\/bandasanfilep.com.mt\/wp-content\/uploads\/layerslider\/projects\/Mainpage\/Shadow1-768x263.png 768w\" sizes=\"auto, (max-width: 1170px) 100vw, 1170px\" style=\"top:99px;left:0px;width:1170px;height:301px;\" data-ls=\"offsetxin:-80;easingin:easeInExpo;offsetxout:-80;durationout:400;parallaxlevel:0;\"><div style=\"color:#ffffff;top:280px;left:30px;white-space:normal;\" class=\"ls-l ls-html-layer\" data-ls=\"offsetxin:80;easingin:easeInSine;offsetxout:-80;durationout:400;parallaxlevel:0;\"><h1 style=\"font-size:80%\">\"... L-ewwel banda \u0121\u0121ib ismek,\n<br>Malta kollha tafu dan! ...\"<\/h1><\/div><\/div><\/div><\/div>\n<div class=\"d-block p-4 bg-light text-center\"><link rel='stylesheet' id='ff-dynamic-css1' type='text\/css' href='https:\/\/bandasanfilep.com.mt\/wp-content\/resources\/flow-flow\/css\/stream-id1.css?ver=1708867982'\/><!-- Flow-Flow \u2014 Social stream plugin for WordPress -->\n<div class=\"ff-stream\" data-plugin=\"flow_flow\" id=\"ff-stream-1\"><span class=\"ff-loader\"><span\n            class=\"ff-square\"><\/span><span class=\"ff-square\"><\/span><span class=\"ff-square ff-last\"><\/span><span\n            class=\"ff-square ff-clear\"><\/span><span class=\"ff-square\"><\/span><span\n            class=\"ff-square ff-last\"><\/span><span class=\"ff-square ff-clear\"><\/span><span\n            class=\"ff-square\"><\/span><span class=\"ff-square ff-last\"><\/span><\/span><\/div>\n<svg aria-hidden=\"true\" style=\"position: absolute; width: 0; height: 0; overflow: hidden;\" version=\"1.1\">\n    <defs>\n        <symbol id=\"ff-icon-heart\" viewBox=\"0 0 48 48\">\n            <path\n                d=\"M34.6 3.1c-4.5 0-7.9 1.8-10.6 5.6-2.7-3.7-6.1-5.5-10.6-5.5C6 3.1 0 9.6 0 17.6c0 7.3 5.4 12 10.6 16.5.6.5 1.3 1.1 1.9 1.7l2.3 2c4.4 3.9 6.6 5.9 7.6 6.5.5.3 1.1.5 1.6.5s1.1-.2 1.6-.5c1-.6 2.8-2.2 7.8-6.8l2-1.8c.7-.6 1.3-1.2 2-1.7C42.7 29.6 48 25 48 17.6c0-8-6-14.5-13.4-14.5z\">\n            <\/path>\n        <\/symbol>\n    <\/defs>\n<\/svg>\n\n\n<script>\n    window.flow_flow_streams = window.flow_flow_streams || [];\n    window.flow_flow_streams.push({\"id\":\"1\",\"hash\":\"1778096707.082056c13f9571be23d9be59dfd69523e16b3336a72da395fdd04a6470446897731f3f20799cd599aa3761b597ef21b4\",\"stream\":{\"name\":\"facebook\",\"cloud\":\"nope\",\"mod\":\"nope\",\"order\":\"smartCompare\",\"posts\":\"30\",\"page-posts\":\"15\",\"cache\":\"yep\",\"cache_lifetime\":\"10\",\"gallery\":\"yep\",\"gallery-type\":\"classic\",\"private\":\"nope\",\"hide-on-desktop\":\"nope\",\"hide-on-mobile\":\"nope\",\"max-res\":\"nope\",\"show-only-media-posts\":\"nope\",\"titles\":\"nope\",\"hidemeta\":\"nope\",\"hidetext\":\"nope\",\"headingcolor\":\"rgb(0, 158, 96)\",\"subheadingcolor\":\"rgb(0, 158, 96)\",\"hhalign\":\"center\",\"bgcolor\":\"rgb(248, 249, 250)\",\"filter\":\"nope\",\"filtercolor\":\"rgb(0, 158, 96)\",\"mobileslider\":\"yep\",\"viewportin\":\"yep\",\"width\":\"260\",\"margin\":\"20\",\"layout\":\"masonry\",\"theme\":\"classic\",\"gc-style\":\"style-1\",\"upic-pos\":\"timestamp\",\"upic-style\":\"round\",\"bradius\":\"15\",\"icon-style\":\"label2\",\"icon-col\":\"colored\",\"cardcolor\":\"rgb(234, 232, 237)\",\"namecolor\":\"rgb(29, 0, 5)\",\"textcolor\":\"rgb(65, 0, 11)\",\"linkscolor\":\"rgb(27, 0, 4)\",\"restcolor\":\"rgb(40, 0, 6)\",\"shadow\":\"rgb(255, 255, 255)\",\"bcolor\":\"rgb(255, 255, 255)\",\"talign\":\"center\",\"icons-style\":\"outline\",\"cards-num\":\"3\",\"scrolltop\":\"yep\",\"c-desktop\":\"5\",\"c-laptop\":\"4\",\"c-tablet-l\":\"3\",\"c-tablet-p\":\"2\",\"c-smart-l\":\"2\",\"c-smart-p\":\"1\",\"s-desktop\":\"15\",\"s-laptop\":\"15\",\"s-tablet-l\":\"10\",\"s-tablet-p\":\"10\",\"s-smart-l\":\"15\",\"s-smart-p\":\"15\",\"m-c-desktop\":\"5\",\"m-c-laptop\":\"4\",\"m-c-tablet-l\":\"3\",\"m-c-tablet-p\":\"2\",\"m-c-smart-l\":\"2\",\"m-c-smart-p\":\"1\",\"m-s-desktop\":\"15\",\"m-s-laptop\":\"15\",\"m-s-tablet-l\":\"10\",\"m-s-tablet-p\":\"10\",\"m-s-smart-l\":\"15\",\"m-s-smart-p\":\"15\",\"j-h-desktop\":\"260\",\"j-h-laptop\":\"240\",\"j-h-tablet-l\":\"220\",\"j-h-tablet-p\":\"200\",\"j-h-smart-l\":\"180\",\"j-h-smart-p\":\"160\",\"j-s-desktop\":\"0\",\"j-s-laptop\":\"0\",\"j-s-tablet-l\":\"0\",\"j-s-tablet-p\":\"0\",\"j-s-smart-l\":\"0\",\"j-s-smart-p\":\"0\",\"c-r-desktop\":\"2\",\"c-r-laptop\":\"2\",\"c-r-tablet-l\":\"2\",\"c-r-tablet-p\":\"2\",\"c-r-smart-l\":\"1\",\"c-r-smart-p\":\"1\",\"c-c-desktop\":\"5\",\"c-c-laptop\":\"4\",\"c-c-tablet-l\":\"3\",\"c-c-tablet-p\":\"3\",\"c-c-smart-l\":\"3\",\"c-c-smart-p\":\"3\",\"c-s-desktop\":\"0\",\"c-s-laptop\":\"0\",\"c-s-tablet-l\":\"0\",\"c-s-tablet-p\":\"0\",\"c-s-smart-l\":\"0\",\"c-s-smart-p\":\"0\",\"c-arrows-always\":\"yep\",\"c-arrows-mob\":\"nope\",\"c-dots\":\"yep\",\"c-dots-mob\":\"nope\",\"wallvm\":\"20\",\"wallhm\":\"0\",\"wallcomments\":\"yep\",\"g-ratio-w\":\"1\",\"g-ratio-h\":\"2\",\"g-ratio-img\":\"1\\\/2\",\"g-overlay\":\"nope\",\"m-overlay\":\"nope\",\"template\":[\"image\",\"header\",\"text\",\"meta\"],\"tv\":\"nope\",\"tv-int\":\"5\",\"big\":\"nope\",\"id\":\"1\",\"status\":\"1\",\"last_changes\":1708867982,\"feeds\":[{\"id\":\"fl24370\",\"errors\":[],\"status\":\"1\",\"enabled\":\"yep\",\"last_update\":\"May 6 19:45\",\"cache_lifetime\":\"1440\",\"system_enabled\":\"1\",\"boosted\":\"nope\",\"timeline-type\":\"page_timeline\",\"content\":\"105495392867986\",\"posts\":\"20\",\"mod\":\"nope\",\"mod-approve\":\"nope\",\"type\":\"facebook\",\"include\":\"\",\"filter-by-words\":\"\",\"page\":\"1\"}],\"preview\":false},\"ads\":false,\"js_opts\":{\"streams\":{},\"open_in_new\":\"yep\",\"filter_all\":\"All\",\"filter_search\":\"Search\",\"expand_text\":\"Expand\",\"collapse_text\":\"Collapse\",\"posted_on\":\"Posted on\",\"followers\":\"Followers\",\"following\":\"Following\",\"posts\":\"Posts\",\"show_more\":\"Show more\",\"date_style\":\"agoStyleDate\",\"dates\":{\"Yesterday\":\"Yesterday\",\"s\":\"s\",\"m\":\"m\",\"h\":\"h\",\"ago\":\"ago\",\"months\":[\"Jan\",\"Feb\",\"March\",\"April\",\"May\",\"June\",\"July\",\"Aug\",\"Sept\",\"Oct\",\"Nov\",\"Dec\"]},\"lightbox_navigate\":\"Navigate with arrow keys\",\"view_on\":\"View on\",\"view_on_site\":\"View on site\",\"view_all\":\"View all\",\"comments\":\"comments\",\"scroll\":\"Scroll for more\",\"no_comments\":\"No comments yet.\",\"check_comments\":\"Check all comments\",\"be_first\":\"Be the first!\",\"loading\":\"Loading\",\"server_time\":1778142096,\"forceHTTPS\":\"yep\",\"isAdmin\":false,\"ajaxurl\":\"https:\\\/\\\/bandasanfilep.com.mt\\\/wp-admin\\\/admin-ajax.php\",\"isLog\":false,\"plugin_base\":\"https:\\\/\\\/bandasanfilep.com.mt\\\/wp-content\\\/plugins\\\/flow-flow\",\"plugin_ver\":\"4.9.86\",\"domain\":\"bandasanfilep.com.mt\",\"refresh_nonce\":\"2ecbbcf4aa\",\"token\":\"\"},\"domain\":\"bandasanfilep.com.mt\",\"plugin_directory\":\"https:\\\/\\\/bandasanfilep.com.mt\\\/wp-content\\\/plugins\\\/flow-flow\",\"plugin_base\":\"https:\\\/\\\/bandasanfilep.com.mt\\\/wp-content\\\/plugins\\\/flow-flow\",\"version\":\"4.9.86\",\"ajaxurl\":\"https:\\\/\\\/bandasanfilep.com.mt\\\/wp-admin\\\/admin-ajax.php\",\"disableCache\":false,\"page\":\"0\",\"is_preview\":false,\"boosted\":false,\"moderation\":false,\"admin\":false,\"dependencies\":[]});\n<\/script>\n\n<script src=\"https:\/\/bandasanfilep.com.mt\/wp-content\/plugins\/flow-flow\/js\/stream-loader.js?ver=4.9.86\"><\/script>\n<!-- Flow-Flow \u2014 Social streams plugin for Wordpress --><\/div>\n<div class=\"d-block p-4 bg-light text-center\">\n<div class=\"fb-page\" data-small-header=\"true\" data-adapt-container-width=\"true\" data-hide-cover=\"false\" data-show-facepile=\"true\" data-href=\"https:\/\/www.facebook.com\/KBSFAD1851\/\">\n<blockquote class=\"fb-xfbml-parse-ignore\" cite=\"https:\/\/www.facebook.com\/KBSFAD1851\/\"><p><a href=\"https:\/\/www.facebook.com\/KBSFAD1851\/\">G\u0127aqda Ka\u017cin Banda San Filep (Omm Il-Baned Maltin)<\/a><\/p><\/blockquote>\n<\/div>\n<\/div>\n","protected":false},"excerpt":{"rendered":"<p>G\u0127aqda Ka\u017cin Banda San Filep (Omm Il-Baned Maltin)<\/p>\n","protected":false},"author":1,"featured_media":0,"parent":0,"menu_order":0,"comment_status":"closed","ping_status":"closed","template":"page-templates\/page-homepage.php","meta":{"footnotes":""},"class_list":["post-812","page","type-page","status-publish","hentry"],"_links":{"self":[{"href":"https:\/\/bandasanfilep.com.mt\/index.php\/wp-json\/wp\/v2\/pages\/812","targetHints":{"allow":["GET"]}}],"collection":[{"href":"https:\/\/bandasanfilep.com.mt\/index.php\/wp-json\/wp\/v2\/pages"}],"about":[{"href":"https:\/\/bandasanfilep.com.mt\/index.php\/wp-json\/wp\/v2\/types\/page"}],"author":[{"embeddable":true,"href":"https:\/\/bandasanfilep.com.mt\/index.php\/wp-json\/wp\/v2\/users\/1"}],"replies":[{"embeddable":true,"href":"https:\/\/bandasanfilep.com.mt\/index.php\/wp-json\/wp\/v2\/comments?post=812"}],"version-history":[{"count":22,"href":"https:\/\/bandasanfilep.com.mt\/index.php\/wp-json\/wp\/v2\/pages\/812\/revisions"}],"predecessor-version":[{"id":6368,"href":"https:\/\/bandasanfilep.com.mt\/index.php\/wp-json\/wp\/v2\/pages\/812\/revisions\/6368"}],"wp:attachment":[{"href":"https:\/\/bandasanfilep.com.mt\/index.php\/wp-json\/wp\/v2\/media?parent=812"}],"curies":[{"name":"wp","href":"https:\/\/api.w.org\/{rel}","templated":true}]}}